{"id":27,"date":"2022-02-23T19:38:26","date_gmt":"2022-02-23T18:38:26","guid":{"rendered":"https:\/\/www.vilellarecicla.com\/?page_id=27"},"modified":"2024-02-26T07:20:09","modified_gmt":"2024-02-26T06:20:09","slug":"plantes-de-tractament","status":"publish","type":"page","link":"https:\/\/www.vilellarecicla.com\/ca\/sobre-nosaltres\/plantes-de-tractament\/","title":{"rendered":"Plantes de tractament"},"content":{"rendered":"\t\t<div data-elementor-type=\"wp-page\" data-elementor-id=\"27\" class=\"elementor elementor-27\" data-elementor-post-type=\"page\">\n\t\t\t\t\t\t<section class=\"elementor-section elementor-top-section elementor-element elementor-element-381d086 elementor-section-full_width elementor-section-height-default elementor-section-height-default\" data-id=\"381d086\" data-element_type=\"section\">\n\t\t\t\t\t\t<div class=\"elementor-container elementor-column-gap-default\">\n\t\t\t\t\t<div class=\"elementor-column elementor-col-100 elementor-top-column elementor-element elementor-element-71a4185\" data-id=\"71a4185\" data-element_type=\"column\">\n\t\t\t<div class=\"elementor-widget-wrap elementor-element-populated\">\n\t\t\t\t\t\t<div class=\"elementor-element elementor-element-00fb282 elementor--v-position-bottom elementor--h-position-center elementor-arrows-position-inside elementor-pagination-position-inside elementor-widget elementor-widget-slides\" data-id=\"00fb282\" data-element_type=\"widget\" data-settings=\"{&quot;transition&quot;:&quot;fade&quot;,&quot;navigation&quot;:&quot;both&quot;,&quot;autoplay&quot;:&quot;yes&quot;,&quot;pause_on_hover&quot;:&quot;yes&quot;,&quot;pause_on_interaction&quot;:&quot;yes&quot;,&quot;autoplay_speed&quot;:5000,&quot;infinite&quot;:&quot;yes&quot;,&quot;transition_speed&quot;:500}\" data-widget_type=\"slides.default\">\n\t\t\t\t<div class=\"elementor-widget-container\">\n\t\t\t\t\t\t\t\t\t<div class=\"elementor-swiper\">\n\t\t\t\t\t<div class=\"elementor-slides-wrapper elementor-main-swiper swiper\" role=\"region\" aria-roledescription=\"carousel\" aria-label=\"Diapositives\" dir=\"ltr\" data-animation=\"fadeInUp\">\n\t\t\t\t<div class=\"swiper-wrapper elementor-slides\">\n\t\t\t\t\t\t\t\t\t\t<div class=\"elementor-repeater-item-c73533d swiper-slide\" role=\"group\" aria-roledescription=\"slide\"><div class=\"swiper-slide-bg\" role=\"img\"><\/div><div class=\"elementor-background-overlay\"><\/div><div class=\"swiper-slide-inner\" ><div class=\"swiper-slide-contents\"><div class=\"elementor-slide-heading\">PLANTES DE TRACTAMENT<\/div><div class=\"elementor-slide-description\">A les nostres plantes de tractament, cada dia gestionem i valoritzem una gran varietat de residus<\/div><\/div><\/div><\/div>\t\t\t\t<\/div>\n\t\t\t\t\t\t\t<\/div>\n\t\t\t\t<\/div>\n\t\t\t\t\t\t\t\t<\/div>\n\t\t\t\t<\/div>\n\t\t\t\t<div class=\"elementor-element elementor-element-6882da8 elementor-hidden-desktop elementor-hidden-tablet elementor-hidden-mobile elementor-widget elementor-widget-heading\" data-id=\"6882da8\" data-element_type=\"widget\" data-widget_type=\"heading.default\">\n\t\t\t\t<div class=\"elementor-widget-container\">\n\t\t\t\t\t<h1 class=\"elementor-heading-title elementor-size-default\">Plantes de tractament<\/h1>\t\t\t\t<\/div>\n\t\t\t\t<\/div>\n\t\t\t\t\t<\/div>\n\t\t<\/div>\n\t\t\t\t\t<\/div>\n\t\t<\/section>\n\t\t\t\t<section class=\"elementor-section elementor-top-section elementor-element elementor-element-360ae4a elementor-section-boxed elementor-section-height-default elementor-section-height-default\" data-id=\"360ae4a\" data-element_type=\"section\">\n\t\t\t\t\t\t<div class=\"elementor-container elementor-column-gap-wider\">\n\t\t\t\t\t<div class=\"elementor-column elementor-col-50 elementor-top-column elementor-element elementor-element-125382c\" data-id=\"125382c\" data-element_type=\"column\">\n\t\t\t<div class=\"elementor-widget-wrap elementor-element-populated\">\n\t\t\t\t\t\t<div class=\"elementor-element elementor-element-d2ad492 elementor-icon-list--layout-traditional elementor-list-item-link-full_width elementor-widget elementor-widget-icon-list\" data-id=\"d2ad492\" data-element_type=\"widget\" data-widget_type=\"icon-list.default\">\n\t\t\t\t<div class=\"elementor-widget-container\">\n\t\t\t\t\t\t\t<ul class=\"elementor-icon-list-items\">\n\t\t\t\t\t\t\t<li class=\"elementor-icon-list-item\">\n\t\t\t\t\t\t\t\t\t\t\t<span class=\"elementor-icon-list-icon\">\n\t\t\t\t\t\t\t<svg xmlns=\"http:\/\/www.w3.org\/2000\/svg\" xmlns:xlink=\"http:\/\/www.w3.org\/1999\/xlink\" width=\"256\" height=\"133\" viewBox=\"0 0 256 133\"><g id=\"g28-copia\"><path id=\"path30\" fill=\"#9cd321\" stroke=\"none\" d=\"M 64.012665 122.940399 C 42.779327 111.26709 21.539337 99.601746 0.362 87.868408 L 0.362 87.263092 C 12.211334 65.849731 24.009979 44.433746 35.859314 23.019104 C 41.455322 14.533752 47.405975 8.579102 56.796661 4.18573 C 59.080658 3.163086 61.485992 2.560425 64.012665 2.203064 L 64.012665 9.600403 C 55.532654 11.584412 48.972656 17.297729 43.800659 24.397766 C 33.091309 43.64975 22.384644 62.961731 11.676666 82.2164 C 11.253998 83.176422 10.831329 84.139069 10.470001 85.099091 C 37.056671 99.664398 40.552643 101.523071 64.012665 114.515076 Z M 78.98999 131.243073 C 73.999329 128.475067 69.007324 125.707092 64.012665 122.940399 L 64.012665 114.515076 C 67.499329 116.444397 71.412659 118.669739 75.925995 121.197754 C 76.22464 121.07373 76.587311 121.015076 76.885986 120.895081 C 106.667297 67.412415 106.667297 67.412415 117.552673 47.196411 C 112.141968 38.659058 106.728638 30.117737 101.309998 21.633728 C 93.133972 11.584412 80.619324 7.311096 67.804657 8.939087 C 66.479309 9.059082 65.216644 9.300415 64.012665 9.600403 L 64.012665 2.203064 C 69.187317 1.480408 74.963318 1.899109 81.277985 1.899109 C 112.625977 2.384399 143.844666 2.921753 175.18866 3.401733 C 184.51001 3.464417 192.331299 8.579102 196.723328 14.595093 C 202.078003 23.200439 202.078003 23.200439 217.964661 50.447083 C 229.992676 43.529755 241.961975 36.611084 253.939331 29.755066 L 253.939331 30.356384 C 238.411316 58.388397 222.893982 86.361755 207.43396 114.276398 C 205.808655 114.636414 205.808655 114.636414 104.740662 119.57373 C 104.740662 119.38974 104.740662 119.213745 104.679321 119.029755 C 145.772644 95.745758 145.772644 95.745758 145.950012 95.38974 C 133.739319 74.755066 133.615295 74.088409 122.429993 55.321747 C 122.248657 55.140411 122.063293 55.017731 121.888672 54.901733 C 116.472656 64.94574 111.000671 74.393738 79.895325 130.643066 L 79.895325 131.243073 Z\"><\/path><\/g><\/svg>\t\t\t\t\t\t<\/span>\n\t\t\t\t\t\t\t\t\t\t<span class=\"elementor-icon-list-text\">Ctra. Tarragona \/ N-240a n\u00fam. 32 <br>25191<b> Lleida<\/b><\/span>\n\t\t\t\t\t\t\t\t\t<\/li>\n\t\t\t\t\t\t\t\t<li class=\"elementor-icon-list-item\">\n\t\t\t\t\t\t\t\t\t\t\t<span class=\"elementor-icon-list-icon\">\n\t\t\t\t\t\t\t<svg xmlns=\"http:\/\/www.w3.org\/2000\/svg\" xmlns:xlink=\"http:\/\/www.w3.org\/1999\/xlink\" width=\"256\" height=\"133\" viewBox=\"0 0 256 133\"><g id=\"g28-copia\"><path id=\"path30\" fill=\"#9cd321\" stroke=\"none\" d=\"M 64.012665 122.940399 C 42.779327 111.26709 21.539337 99.601746 0.362 87.868408 L 0.362 87.263092 C 12.211334 65.849731 24.009979 44.433746 35.859314 23.019104 C 41.455322 14.533752 47.405975 8.579102 56.796661 4.18573 C 59.080658 3.163086 61.485992 2.560425 64.012665 2.203064 L 64.012665 9.600403 C 55.532654 11.584412 48.972656 17.297729 43.800659 24.397766 C 33.091309 43.64975 22.384644 62.961731 11.676666 82.2164 C 11.253998 83.176422 10.831329 84.139069 10.470001 85.099091 C 37.056671 99.664398 40.552643 101.523071 64.012665 114.515076 Z M 78.98999 131.243073 C 73.999329 128.475067 69.007324 125.707092 64.012665 122.940399 L 64.012665 114.515076 C 67.499329 116.444397 71.412659 118.669739 75.925995 121.197754 C 76.22464 121.07373 76.587311 121.015076 76.885986 120.895081 C 106.667297 67.412415 106.667297 67.412415 117.552673 47.196411 C 112.141968 38.659058 106.728638 30.117737 101.309998 21.633728 C 93.133972 11.584412 80.619324 7.311096 67.804657 8.939087 C 66.479309 9.059082 65.216644 9.300415 64.012665 9.600403 L 64.012665 2.203064 C 69.187317 1.480408 74.963318 1.899109 81.277985 1.899109 C 112.625977 2.384399 143.844666 2.921753 175.18866 3.401733 C 184.51001 3.464417 192.331299 8.579102 196.723328 14.595093 C 202.078003 23.200439 202.078003 23.200439 217.964661 50.447083 C 229.992676 43.529755 241.961975 36.611084 253.939331 29.755066 L 253.939331 30.356384 C 238.411316 58.388397 222.893982 86.361755 207.43396 114.276398 C 205.808655 114.636414 205.808655 114.636414 104.740662 119.57373 C 104.740662 119.38974 104.740662 119.213745 104.679321 119.029755 C 145.772644 95.745758 145.772644 95.745758 145.950012 95.38974 C 133.739319 74.755066 133.615295 74.088409 122.429993 55.321747 C 122.248657 55.140411 122.063293 55.017731 121.888672 54.901733 C 116.472656 64.94574 111.000671 74.393738 79.895325 130.643066 L 79.895325 131.243073 Z\"><\/path><\/g><\/svg>\t\t\t\t\t\t<\/span>\n\t\t\t\t\t\t\t\t\t\t<span class=\"elementor-icon-list-text\">Ctra. LL-11 km. 3,2<br> (rotonda d\u2019acc\u00e9s als Alam\u00fas) <b\/>Lleida<\/b><\/span>\n\t\t\t\t\t\t\t\t\t<\/li>\n\t\t\t\t\t\t<\/ul>\n\t\t\t\t\t\t<\/div>\n\t\t\t\t<\/div>\n\t\t\t\t\t<\/div>\n\t\t<\/div>\n\t\t\t\t<div class=\"elementor-column elementor-col-50 elementor-top-column elementor-element elementor-element-32dc3db\" data-id=\"32dc3db\" data-element_type=\"column\">\n\t\t\t<div class=\"elementor-widget-wrap elementor-element-populated\">\n\t\t\t\t\t\t<div class=\"elementor-element elementor-element-80d6631 elementor-widget elementor-widget-text-editor\" data-id=\"80d6631\" data-element_type=\"widget\" data-widget_type=\"text-editor.default\">\n\t\t\t\t<div class=\"elementor-widget-container\">\n\t\t\t\t\t\t\t\t\t<p><strong>Les instal\u00b7lacions estan equipades amb maquin\u00e0ria d&#8217;\u00faltima tecnologia<\/strong>, capa\u00e7 de classificar aquests residus segons les seves caracter\u00edstiques i sotmetre&#8217;ls al proc\u00e9s de reciclatge concret per a cada tipus, de manera efica\u00e7 i curosa amb l&#8217;entorn. Paper i cartr\u00f3, f\u00e8rrics i no f\u00e8rrics, fusta, pl\u00e0stics, residus perillosos&#8230; <strong>es preparen per tornar a la ind\u00fastria com a primera mat\u00e8ria secund\u00e0ria i aix\u00ed fomentar l&#8217;economia circular<\/strong>, la qual cosa redueix notablement l&#8217;impacte mediambiental.<\/p>\t\t\t\t\t\t\t\t<\/div>\n\t\t\t\t<\/div>\n\t\t\t\t\t<\/div>\n\t\t<\/div>\n\t\t\t\t\t<\/div>\n\t\t<\/section>\n\t\t\t\t<section class=\"elementor-section elementor-top-section elementor-element elementor-element-448a9b4 elementor-section-boxed elementor-section-height-default elementor-section-height-default\" data-id=\"448a9b4\" data-element_type=\"section\">\n\t\t\t\t\t\t<div class=\"elementor-container elementor-column-gap-default\">\n\t\t\t\t\t<div class=\"elementor-column elementor-col-50 elementor-top-column elementor-element elementor-element-674f8f1\" data-id=\"674f8f1\" data-element_type=\"column\">\n\t\t\t<div class=\"elementor-widget-wrap elementor-element-populated\">\n\t\t\t\t\t\t<div class=\"elementor-element elementor-element-cf9e64a elementor-widget elementor-widget-heading\" data-id=\"cf9e64a\" data-element_type=\"widget\" data-widget_type=\"heading.default\">\n\t\t\t\t<div class=\"elementor-widget-container\">\n\t\t\t\t\t<h2 class=\"elementor-heading-title elementor-size-default\">INSTAL\u00b7LACIONS EQUIPADES AMB MAQUIN\u00c0RIA D\u2019\u00daLTIMA TECNOLOGIA<\/h2>\t\t\t\t<\/div>\n\t\t\t\t<\/div>\n\t\t\t\t\t<\/div>\n\t\t<\/div>\n\t\t\t\t<div class=\"elementor-column elementor-col-50 elementor-top-column elementor-element elementor-element-460b47f\" data-id=\"460b47f\" data-element_type=\"column\">\n\t\t\t<div class=\"elementor-widget-wrap elementor-element-populated\">\n\t\t\t\t\t\t<div class=\"elementor-element elementor-element-dad9a18 elementor-widget elementor-widget-image\" data-id=\"dad9a18\" data-element_type=\"widget\" data-widget_type=\"image.default\">\n\t\t\t\t<div class=\"elementor-widget-container\">\n\t\t\t\t\t\t\t\t\t\t\t\t\t\t\t<img fetchpriority=\"high\" decoding=\"async\" width=\"1100\" height=\"780\" src=\"https:\/\/www.vilellarecicla.com\/ca\/wp-content\/uploads\/sites\/4\/pag11.jpg\" class=\"attachment-full size-full wp-image-461\" alt=\"\" srcset=\"https:\/\/www.vilellarecicla.com\/ca\/wp-content\/uploads\/sites\/4\/pag11.jpg 1100w, https:\/\/www.vilellarecicla.com\/ca\/wp-content\/uploads\/sites\/4\/pag11-300x213.jpg 300w, https:\/\/www.vilellarecicla.com\/ca\/wp-content\/uploads\/sites\/4\/pag11-1024x726.jpg 1024w, https:\/\/www.vilellarecicla.com\/ca\/wp-content\/uploads\/sites\/4\/pag11-768x545.jpg 768w\" sizes=\"(max-width: 1100px) 100vw, 1100px\" \/>\t\t\t\t\t\t\t\t\t\t\t\t\t\t\t<\/div>\n\t\t\t\t<\/div>\n\t\t\t\t\t<\/div>\n\t\t<\/div>\n\t\t\t\t\t<\/div>\n\t\t<\/section>\n\t\t\t\t<\/div>\n\t\t","protected":false},"excerpt":{"rendered":"<p>PLANTES DE TRACTAMENTA les nostres plantes de tractament, cada dia gestionem i valoritzem una gran varietat de residus Ctra. Tarragona \/ N-240a n\u00fam. 32 25191 Lleida Ctra. LL-11 km. 3,2 (rotonda d\u2019acc\u00e9s als Alam\u00fas) Lleida Les instal\u00b7lacions estan equipades amb maquin\u00e0ria d&#8217;\u00faltima tecnologia, capa\u00e7 de classificar aquests residus segons les seves caracter\u00edstiques i sotmetre&#8217;ls al [&hellip;]<\/p>\n","protected":false},"author":1,"featured_media":0,"parent":18,"menu_order":0,"comment_status":"closed","ping_status":"closed","template":"","meta":{"footnotes":""},"class_list":["post-27","page","type-page","status-publish","hentry"],"yoast_head":"<!-- This site is optimized with the Yoast SEO plugin v27.3 - https:\/\/yoast.com\/product\/yoast-seo-wordpress\/ -->\n<title>Plantes de tractament - Vilella Recicla<\/title>\n<meta name=\"robots\" content=\"index, follow, max-snippet:-1, max-image-preview:large, max-video-preview:-1\" \/>\n<link rel=\"canonical\" href=\"https:\/\/www.vilellarecicla.com\/ca\/sobre-nosaltres\/plantes-de-tractament\/\" \/>\n<meta property=\"og:locale\" content=\"ca_ES\" \/>\n<meta property=\"og:type\" content=\"article\" \/>\n<meta property=\"og:title\" content=\"Plantes de tractament - Vilella Recicla\" \/>\n<meta property=\"og:description\" content=\"PLANTES DE TRACTAMENTA les nostres plantes de tractament, cada dia gestionem i valoritzem una gran varietat de residus Ctra. Tarragona \/ N-240a n\u00fam. 32 25191 Lleida Ctra. LL-11 km. 3,2 (rotonda d\u2019acc\u00e9s als Alam\u00fas) Lleida Les instal\u00b7lacions estan equipades amb maquin\u00e0ria d&#8217;\u00faltima tecnologia, capa\u00e7 de classificar aquests residus segons les seves caracter\u00edstiques i sotmetre&#8217;ls al [&hellip;]\" \/>\n<meta property=\"og:url\" content=\"https:\/\/www.vilellarecicla.com\/ca\/sobre-nosaltres\/plantes-de-tractament\/\" \/>\n<meta property=\"og:site_name\" content=\"Vilella Recicla\" \/>\n<meta property=\"article:modified_time\" content=\"2024-02-26T06:20:09+00:00\" \/>\n<meta property=\"og:image\" content=\"https:\/\/www.vilellarecicla.com\/wp-content\/uploads\/sites\/4\/pag11.jpg\" \/>\n<meta name=\"twitter:card\" content=\"summary_large_image\" \/>\n<meta name=\"twitter:label1\" content=\"Temps estimat de lectura\" \/>\n\t<meta name=\"twitter:data1\" content=\"1 minut\" \/>\n<script type=\"application\/ld+json\" class=\"yoast-schema-graph\">{\"@context\":\"https:\\\/\\\/schema.org\",\"@graph\":[{\"@type\":\"WebPage\",\"@id\":\"https:\\\/\\\/www.vilellarecicla.com\\\/ca\\\/sobre-nosaltres\\\/plantes-de-tractament\\\/\",\"url\":\"https:\\\/\\\/www.vilellarecicla.com\\\/ca\\\/sobre-nosaltres\\\/plantes-de-tractament\\\/\",\"name\":\"Plantes de tractament - Vilella Recicla\",\"isPartOf\":{\"@id\":\"https:\\\/\\\/www.vilellarecicla.com\\\/ca\\\/#website\"},\"primaryImageOfPage\":{\"@id\":\"https:\\\/\\\/www.vilellarecicla.com\\\/ca\\\/sobre-nosaltres\\\/plantes-de-tractament\\\/#primaryimage\"},\"image\":{\"@id\":\"https:\\\/\\\/www.vilellarecicla.com\\\/ca\\\/sobre-nosaltres\\\/plantes-de-tractament\\\/#primaryimage\"},\"thumbnailUrl\":\"https:\\\/\\\/www.vilellarecicla.com\\\/ca\\\/wp-content\\\/uploads\\\/sites\\\/4\\\/pag11.jpg\",\"datePublished\":\"2022-02-23T18:38:26+00:00\",\"dateModified\":\"2024-02-26T06:20:09+00:00\",\"breadcrumb\":{\"@id\":\"https:\\\/\\\/www.vilellarecicla.com\\\/ca\\\/sobre-nosaltres\\\/plantes-de-tractament\\\/#breadcrumb\"},\"inLanguage\":\"ca\",\"potentialAction\":[{\"@type\":\"ReadAction\",\"target\":[\"https:\\\/\\\/www.vilellarecicla.com\\\/ca\\\/sobre-nosaltres\\\/plantes-de-tractament\\\/\"]}]},{\"@type\":\"ImageObject\",\"inLanguage\":\"ca\",\"@id\":\"https:\\\/\\\/www.vilellarecicla.com\\\/ca\\\/sobre-nosaltres\\\/plantes-de-tractament\\\/#primaryimage\",\"url\":\"https:\\\/\\\/www.vilellarecicla.com\\\/ca\\\/wp-content\\\/uploads\\\/sites\\\/4\\\/pag11.jpg\",\"contentUrl\":\"https:\\\/\\\/www.vilellarecicla.com\\\/ca\\\/wp-content\\\/uploads\\\/sites\\\/4\\\/pag11.jpg\",\"width\":1100,\"height\":780},{\"@type\":\"BreadcrumbList\",\"@id\":\"https:\\\/\\\/www.vilellarecicla.com\\\/ca\\\/sobre-nosaltres\\\/plantes-de-tractament\\\/#breadcrumb\",\"itemListElement\":[{\"@type\":\"ListItem\",\"position\":1,\"name\":\"Inici\",\"item\":\"https:\\\/\\\/www.vilellarecicla.com\\\/ca\\\/\"},{\"@type\":\"ListItem\",\"position\":2,\"name\":\"Sobre nosaltres\",\"item\":\"https:\\\/\\\/www.vilellarecicla.com\\\/ca\\\/sobre-nosaltres\\\/\"},{\"@type\":\"ListItem\",\"position\":3,\"name\":\"Plantes de tractament\"}]},{\"@type\":\"WebSite\",\"@id\":\"https:\\\/\\\/www.vilellarecicla.com\\\/ca\\\/#website\",\"url\":\"https:\\\/\\\/www.vilellarecicla.com\\\/ca\\\/\",\"name\":\"Vilella Recicla\",\"description\":\"Transformem residus en recursos\",\"publisher\":{\"@id\":\"https:\\\/\\\/www.vilellarecicla.com\\\/ca\\\/#organization\"},\"potentialAction\":[{\"@type\":\"SearchAction\",\"target\":{\"@type\":\"EntryPoint\",\"urlTemplate\":\"https:\\\/\\\/www.vilellarecicla.com\\\/ca\\\/?s={search_term_string}\"},\"query-input\":{\"@type\":\"PropertyValueSpecification\",\"valueRequired\":true,\"valueName\":\"search_term_string\"}}],\"inLanguage\":\"ca\"},{\"@type\":\"Organization\",\"@id\":\"https:\\\/\\\/www.vilellarecicla.com\\\/ca\\\/#organization\",\"name\":\"Vilella Recicla\",\"url\":\"https:\\\/\\\/www.vilellarecicla.com\\\/ca\\\/\",\"logo\":{\"@type\":\"ImageObject\",\"inLanguage\":\"ca\",\"@id\":\"https:\\\/\\\/www.vilellarecicla.com\\\/ca\\\/#\\\/schema\\\/logo\\\/image\\\/\",\"url\":\"https:\\\/\\\/www.vilellarecicla.com\\\/ca\\\/wp-content\\\/uploads\\\/sites\\\/4\\\/logo-Vilella_horitzontal.svg\",\"contentUrl\":\"https:\\\/\\\/www.vilellarecicla.com\\\/ca\\\/wp-content\\\/uploads\\\/sites\\\/4\\\/logo-Vilella_horitzontal.svg\",\"width\":777,\"height\":153,\"caption\":\"Vilella Recicla\"},\"image\":{\"@id\":\"https:\\\/\\\/www.vilellarecicla.com\\\/ca\\\/#\\\/schema\\\/logo\\\/image\\\/\"}}]}<\/script>\n<!-- \/ Yoast SEO plugin. -->","yoast_head_json":{"title":"Plantes de tractament - Vilella Recicla","robots":{"index":"index","follow":"follow","max-snippet":"max-snippet:-1","max-image-preview":"max-image-preview:large","max-video-preview":"max-video-preview:-1"},"canonical":"https:\/\/www.vilellarecicla.com\/ca\/sobre-nosaltres\/plantes-de-tractament\/","og_locale":"ca_ES","og_type":"article","og_title":"Plantes de tractament - Vilella Recicla","og_description":"PLANTES DE TRACTAMENTA les nostres plantes de tractament, cada dia gestionem i valoritzem una gran varietat de residus Ctra. Tarragona \/ N-240a n\u00fam. 32 25191 Lleida Ctra. LL-11 km. 3,2 (rotonda d\u2019acc\u00e9s als Alam\u00fas) Lleida Les instal\u00b7lacions estan equipades amb maquin\u00e0ria d&#8217;\u00faltima tecnologia, capa\u00e7 de classificar aquests residus segons les seves caracter\u00edstiques i sotmetre&#8217;ls al [&hellip;]","og_url":"https:\/\/www.vilellarecicla.com\/ca\/sobre-nosaltres\/plantes-de-tractament\/","og_site_name":"Vilella Recicla","article_modified_time":"2024-02-26T06:20:09+00:00","og_image":[{"url":"https:\/\/www.vilellarecicla.com\/wp-content\/uploads\/sites\/4\/pag11.jpg","type":"","width":"","height":""}],"twitter_card":"summary_large_image","twitter_misc":{"Temps estimat de lectura":"1 minut"},"schema":{"@context":"https:\/\/schema.org","@graph":[{"@type":"WebPage","@id":"https:\/\/www.vilellarecicla.com\/ca\/sobre-nosaltres\/plantes-de-tractament\/","url":"https:\/\/www.vilellarecicla.com\/ca\/sobre-nosaltres\/plantes-de-tractament\/","name":"Plantes de tractament - Vilella Recicla","isPartOf":{"@id":"https:\/\/www.vilellarecicla.com\/ca\/#website"},"primaryImageOfPage":{"@id":"https:\/\/www.vilellarecicla.com\/ca\/sobre-nosaltres\/plantes-de-tractament\/#primaryimage"},"image":{"@id":"https:\/\/www.vilellarecicla.com\/ca\/sobre-nosaltres\/plantes-de-tractament\/#primaryimage"},"thumbnailUrl":"https:\/\/www.vilellarecicla.com\/ca\/wp-content\/uploads\/sites\/4\/pag11.jpg","datePublished":"2022-02-23T18:38:26+00:00","dateModified":"2024-02-26T06:20:09+00:00","breadcrumb":{"@id":"https:\/\/www.vilellarecicla.com\/ca\/sobre-nosaltres\/plantes-de-tractament\/#breadcrumb"},"inLanguage":"ca","potentialAction":[{"@type":"ReadAction","target":["https:\/\/www.vilellarecicla.com\/ca\/sobre-nosaltres\/plantes-de-tractament\/"]}]},{"@type":"ImageObject","inLanguage":"ca","@id":"https:\/\/www.vilellarecicla.com\/ca\/sobre-nosaltres\/plantes-de-tractament\/#primaryimage","url":"https:\/\/www.vilellarecicla.com\/ca\/wp-content\/uploads\/sites\/4\/pag11.jpg","contentUrl":"https:\/\/www.vilellarecicla.com\/ca\/wp-content\/uploads\/sites\/4\/pag11.jpg","width":1100,"height":780},{"@type":"BreadcrumbList","@id":"https:\/\/www.vilellarecicla.com\/ca\/sobre-nosaltres\/plantes-de-tractament\/#breadcrumb","itemListElement":[{"@type":"ListItem","position":1,"name":"Inici","item":"https:\/\/www.vilellarecicla.com\/ca\/"},{"@type":"ListItem","position":2,"name":"Sobre nosaltres","item":"https:\/\/www.vilellarecicla.com\/ca\/sobre-nosaltres\/"},{"@type":"ListItem","position":3,"name":"Plantes de tractament"}]},{"@type":"WebSite","@id":"https:\/\/www.vilellarecicla.com\/ca\/#website","url":"https:\/\/www.vilellarecicla.com\/ca\/","name":"Vilella Recicla","description":"Transformem residus en recursos","publisher":{"@id":"https:\/\/www.vilellarecicla.com\/ca\/#organization"},"potentialAction":[{"@type":"SearchAction","target":{"@type":"EntryPoint","urlTemplate":"https:\/\/www.vilellarecicla.com\/ca\/?s={search_term_string}"},"query-input":{"@type":"PropertyValueSpecification","valueRequired":true,"valueName":"search_term_string"}}],"inLanguage":"ca"},{"@type":"Organization","@id":"https:\/\/www.vilellarecicla.com\/ca\/#organization","name":"Vilella Recicla","url":"https:\/\/www.vilellarecicla.com\/ca\/","logo":{"@type":"ImageObject","inLanguage":"ca","@id":"https:\/\/www.vilellarecicla.com\/ca\/#\/schema\/logo\/image\/","url":"https:\/\/www.vilellarecicla.com\/ca\/wp-content\/uploads\/sites\/4\/logo-Vilella_horitzontal.svg","contentUrl":"https:\/\/www.vilellarecicla.com\/ca\/wp-content\/uploads\/sites\/4\/logo-Vilella_horitzontal.svg","width":777,"height":153,"caption":"Vilella Recicla"},"image":{"@id":"https:\/\/www.vilellarecicla.com\/ca\/#\/schema\/logo\/image\/"}}]}},"_links":{"self":[{"href":"https:\/\/www.vilellarecicla.com\/ca\/wp-json\/wp\/v2\/pages\/27","targetHints":{"allow":["GET"]}}],"collection":[{"href":"https:\/\/www.vilellarecicla.com\/ca\/wp-json\/wp\/v2\/pages"}],"about":[{"href":"https:\/\/www.vilellarecicla.com\/ca\/wp-json\/wp\/v2\/types\/page"}],"author":[{"embeddable":true,"href":"https:\/\/www.vilellarecicla.com\/ca\/wp-json\/wp\/v2\/users\/1"}],"replies":[{"embeddable":true,"href":"https:\/\/www.vilellarecicla.com\/ca\/wp-json\/wp\/v2\/comments?post=27"}],"version-history":[{"count":16,"href":"https:\/\/www.vilellarecicla.com\/ca\/wp-json\/wp\/v2\/pages\/27\/revisions"}],"predecessor-version":[{"id":807,"href":"https:\/\/www.vilellarecicla.com\/ca\/wp-json\/wp\/v2\/pages\/27\/revisions\/807"}],"up":[{"embeddable":true,"href":"https:\/\/www.vilellarecicla.com\/ca\/wp-json\/wp\/v2\/pages\/18"}],"wp:attachment":[{"href":"https:\/\/www.vilellarecicla.com\/ca\/wp-json\/wp\/v2\/media?parent=27"}],"curies":[{"name":"wp","href":"https:\/\/api.w.org\/{rel}","templated":true}]}}