{"id":31,"date":"2022-02-23T19:38:44","date_gmt":"2022-02-23T18:38:44","guid":{"rendered":"https:\/\/www.vilellarecicla.com\/?page_id=31"},"modified":"2025-03-12T22:18:01","modified_gmt":"2025-03-12T21:18:01","slug":"politica-empresa","status":"publish","type":"page","link":"https:\/\/www.vilellarecicla.com\/ca\/sobre-nosaltres\/politica-empresa\/","title":{"rendered":"Pol\u00edtica d&#8217;Empresa"},"content":{"rendered":"\t\t<div data-elementor-type=\"wp-page\" data-elementor-id=\"31\" class=\"elementor elementor-31\" data-elementor-post-type=\"page\">\n\t\t\t\t\t\t<section class=\"elementor-section elementor-top-section elementor-element elementor-element-ef88060 elementor-section-full_width elementor-section-height-default elementor-section-height-default\" data-id=\"ef88060\" data-element_type=\"section\">\n\t\t\t\t\t\t<div class=\"elementor-container elementor-column-gap-default\">\n\t\t\t\t\t<div class=\"elementor-column elementor-col-100 elementor-top-column elementor-element elementor-element-5913a41\" data-id=\"5913a41\" data-element_type=\"column\">\n\t\t\t<div class=\"elementor-widget-wrap elementor-element-populated\">\n\t\t\t\t\t\t<div class=\"elementor-element elementor-element-13be82b elementor--v-position-bottom elementor--h-position-center elementor-arrows-position-inside elementor-pagination-position-inside elementor-widget elementor-widget-slides\" data-id=\"13be82b\" data-element_type=\"widget\" data-settings=\"{&quot;transition&quot;:&quot;fade&quot;,&quot;navigation&quot;:&quot;both&quot;,&quot;autoplay&quot;:&quot;yes&quot;,&quot;pause_on_hover&quot;:&quot;yes&quot;,&quot;pause_on_interaction&quot;:&quot;yes&quot;,&quot;autoplay_speed&quot;:5000,&quot;infinite&quot;:&quot;yes&quot;,&quot;transition_speed&quot;:500}\" data-widget_type=\"slides.default\">\n\t\t\t\t<div class=\"elementor-widget-container\">\n\t\t\t\t\t\t\t\t\t<div class=\"elementor-swiper\">\n\t\t\t\t\t<div class=\"elementor-slides-wrapper elementor-main-swiper swiper\" role=\"region\" aria-roledescription=\"carousel\" aria-label=\"Diapositives\" dir=\"ltr\" data-animation=\"fadeInUp\">\n\t\t\t\t<div class=\"swiper-wrapper elementor-slides\">\n\t\t\t\t\t\t\t\t\t\t<div class=\"elementor-repeater-item-c73533d swiper-slide\" role=\"group\" aria-roledescription=\"slide\"><div class=\"swiper-slide-bg\" role=\"img\"><\/div><div class=\"swiper-slide-inner\" ><div class=\"swiper-slide-contents\"><div class=\"elementor-slide-heading\">Pol\u00edtica d'empresa<\/div><\/div><\/div><\/div>\t\t\t\t<\/div>\n\t\t\t\t\t\t\t<\/div>\n\t\t\t\t<\/div>\n\t\t\t\t\t\t\t\t<\/div>\n\t\t\t\t<\/div>\n\t\t\t\t<div class=\"elementor-element elementor-element-e99ade1 elementor-hidden-desktop elementor-hidden-tablet elementor-hidden-mobile elementor-widget elementor-widget-heading\" data-id=\"e99ade1\" data-element_type=\"widget\" data-widget_type=\"heading.default\">\n\t\t\t\t<div class=\"elementor-widget-container\">\n\t\t\t\t\t<h1 class=\"elementor-heading-title elementor-size-default\">Pol\u00edtica d&#8217;Empresa<\/h1>\t\t\t\t<\/div>\n\t\t\t\t<\/div>\n\t\t\t\t\t<\/div>\n\t\t<\/div>\n\t\t\t\t\t<\/div>\n\t\t<\/section>\n\t\t\t\t<section class=\"elementor-section elementor-top-section elementor-element elementor-element-0e43af3 elementor-section-boxed elementor-section-height-default elementor-section-height-default\" data-id=\"0e43af3\" data-element_type=\"section\">\n\t\t\t\t\t\t<div class=\"elementor-container elementor-column-gap-default\">\n\t\t\t\t\t<div class=\"elementor-column elementor-col-100 elementor-top-column elementor-element elementor-element-b521b13\" data-id=\"b521b13\" data-element_type=\"column\">\n\t\t\t<div class=\"elementor-widget-wrap elementor-element-populated\">\n\t\t\t\t\t\t<div class=\"elementor-element elementor-element-5915007 elementor-widget elementor-widget-text-editor\" data-id=\"5915007\" data-element_type=\"widget\" data-widget_type=\"text-editor.default\">\n\t\t\t\t<div class=\"elementor-widget-container\">\n\t\t\t\t\t\t\t\t\t<p><b>POL\u00cdTICA<\/b><strong> DE MEDI AMBIENT<\/strong><strong style=\"text-align: inherit\">\u00a0<\/strong><\/p><p>L\u00b4empresa <b>J. Vilella Felip S.L.<\/b> es va fundar a la d\u00e8cada dels 40 i es dedica des de llavors al sector de la gesti\u00f3 dels residus. La seva activitat se centra en la classificaci\u00f3 dels residus segons les seves caracter\u00edstiques per poder obtenir-ne la m\u00e0xima valoritzaci\u00f3.<\/p><p>En l&#8217;actualitat, la direcci\u00f3 i l&#8217;equip VILELLA assumeix el comprom\u00eds de mantenir l&#8217;ess\u00e8ncia que va inspirar el projecte inicial: \u201cGesti\u00f3 i transport integral de residus\u201d treballant constantment per aplicar la millor tecnologia a la gesti\u00f3 de residus. Estem conven\u00e7uts que l&#8217;obtenci\u00f3 de mat\u00e8ries primeres a partir de deixalles \u00e9s clau per garantir la sostenibilitat dels recursos i generar un impacte positiu a l&#8217;entorn.<\/p><p>VILELLA \u00e9s conscient de la seva incid\u00e8ncia al medi ambient i de la import\u00e0ncia de gestionar els materials amb criteris de qualitat i sostenibilitat, contribuint aix\u00ed a la satisfacci\u00f3 de clients, comunitats i altres parts interessades.<\/p><p>Per aix\u00f2, ens comprometem a desenvolupar la nostra activitat amb respecte al medi ambient i dins un marc de millora continua del sistema de gesti\u00f3 ambiental per optimitzar la nostra activitat.<\/p><p>Els principis b\u00e0sics que regeixen la Pol\u00edtica de Medi Ambient i Sostenibilitat a VILELLA s\u00f3n:<\/p><ul><li><span style=\"text-align: inherit\">Maximitzar la recuperaci\u00f3 de totes les fraccions valoritzables dels residus gestionats, reduint al m\u00e0xim el residu final.<\/span><\/li><li><span style=\"text-align: inherit\">Complir tots els requisits legals i normatius aplicables a la nostra activitat, aix\u00ed com aquells compromisos voluntaris que assumim en mat\u00e8ria de sostenibilitat.<\/span><\/li><li><span style=\"text-align: inherit\">Protegir el medi ambient i prevenir la contaminaci\u00f3, prenent decisions responsables que minimitzin l&#8217;impacte ambiental de la nostra activitat.<\/span><\/li><li><span style=\"text-align: inherit\">Fomentar l&#8217;economia circular i l&#8217;aplicaci\u00f3 de l&#8217;enfocament de cicle de vida a la gesti\u00f3 de residus, promovent la reutilitzaci\u00f3 i el reciclatge.<\/span><\/li><li><span style=\"text-align: inherit\">Implementar mesures per millorar l&#8217;efici\u00e8ncia en l&#8217;\u00fas dels recursos naturals i reduir el consum d&#8217;energia, aigua i primeres mat\u00e8ries.<\/span><\/li><li><span style=\"text-align: inherit\">Impulsar l&#8217;\u00fas de tecnologies netes i processos sostenibles a les nostres operacions.<\/span><\/li><li><span style=\"text-align: inherit\">Sensibilitzar i formar totes les parts interessades, especialment el nostre equip, perqu\u00e8 integrin pr\u00e0ctiques sostenibles en el seu exercici diari.<\/span><\/li><li><span style=\"text-align: inherit\">Establir objectius ambientals concrets i mesurables que permetin avaluar i millorar cont\u00ednuament el nostre impacte ecol\u00f2gic.<\/span><\/li><li><span style=\"text-align: inherit\">\u00a0<\/span><\/li><\/ul><p>La Direcci\u00f3 de VILELLA es compromet a aportar els recursos necessaris per garantir el compliment d\u201faquesta pol\u00edtica, conven\u00e7uda que els reptes ambientals i de sostenibilitat han d\u201fabordar-se col\u00b7lectivament per totes les persones que formem part d\u201faquest projecte.<\/p><p>L<b>a Direcci\u00f3<\/b><\/p><p>Desembre 2024<\/p>\t\t\t\t\t\t\t\t<\/div>\n\t\t\t\t<\/div>\n\t\t\t\t\t<\/div>\n\t\t<\/div>\n\t\t\t\t\t<\/div>\n\t\t<\/section>\n\t\t\t\t<\/div>\n\t\t","protected":false},"excerpt":{"rendered":"<p>Pol\u00edtica d&#8217;empresa POL\u00cdTICA DE MEDI AMBIENT\u00a0 L\u00b4empresa J. Vilella Felip S.L. es va fundar a la d\u00e8cada dels 40 i es dedica des de llavors al sector de la gesti\u00f3 dels residus. La seva activitat se centra en la classificaci\u00f3 dels residus segons les seves caracter\u00edstiques per poder obtenir-ne la m\u00e0xima valoritzaci\u00f3. En l&#8217;actualitat, la [&hellip;]<\/p>\n","protected":false},"author":1,"featured_media":0,"parent":18,"menu_order":0,"comment_status":"closed","ping_status":"closed","template":"","meta":{"footnotes":""},"class_list":["post-31","page","type-page","status-publish","hentry"],"yoast_head":"<!-- This site is optimized with the Yoast SEO plugin v27.4 - https:\/\/yoast.com\/product\/yoast-seo-wordpress\/ -->\n<title>Pol\u00edtica d&#039;Empresa - Vilella Recicla<\/title>\n<meta name=\"robots\" content=\"index, follow, max-snippet:-1, max-image-preview:large, max-video-preview:-1\" \/>\n<link rel=\"canonical\" href=\"https:\/\/www.vilellarecicla.com\/ca\/sobre-nosaltres\/politica-empresa\/\" \/>\n<meta property=\"og:locale\" content=\"ca_ES\" \/>\n<meta property=\"og:type\" content=\"article\" \/>\n<meta property=\"og:title\" content=\"Pol\u00edtica d&#039;Empresa - Vilella Recicla\" \/>\n<meta property=\"og:description\" content=\"Pol\u00edtica d&#8217;empresa POL\u00cdTICA DE MEDI AMBIENT\u00a0 L\u00b4empresa J. Vilella Felip S.L. es va fundar a la d\u00e8cada dels 40 i es dedica des de llavors al sector de la gesti\u00f3 dels residus. La seva activitat se centra en la classificaci\u00f3 dels residus segons les seves caracter\u00edstiques per poder obtenir-ne la m\u00e0xima valoritzaci\u00f3. En l&#8217;actualitat, la [&hellip;]\" \/>\n<meta property=\"og:url\" content=\"https:\/\/www.vilellarecicla.com\/ca\/sobre-nosaltres\/politica-empresa\/\" \/>\n<meta property=\"og:site_name\" content=\"Vilella Recicla\" \/>\n<meta property=\"article:modified_time\" content=\"2025-03-12T21:18:01+00:00\" \/>\n<meta name=\"twitter:card\" content=\"summary_large_image\" \/>\n<meta name=\"twitter:label1\" content=\"Temps estimat de lectura\" \/>\n\t<meta name=\"twitter:data1\" content=\"3 minuts\" \/>\n<script type=\"application\/ld+json\" class=\"yoast-schema-graph\">{\"@context\":\"https:\\\/\\\/schema.org\",\"@graph\":[{\"@type\":\"WebPage\",\"@id\":\"https:\\\/\\\/www.vilellarecicla.com\\\/ca\\\/sobre-nosaltres\\\/politica-empresa\\\/\",\"url\":\"https:\\\/\\\/www.vilellarecicla.com\\\/ca\\\/sobre-nosaltres\\\/politica-empresa\\\/\",\"name\":\"Pol\u00edtica d'Empresa - Vilella Recicla\",\"isPartOf\":{\"@id\":\"https:\\\/\\\/www.vilellarecicla.com\\\/ca\\\/#website\"},\"datePublished\":\"2022-02-23T18:38:44+00:00\",\"dateModified\":\"2025-03-12T21:18:01+00:00\",\"breadcrumb\":{\"@id\":\"https:\\\/\\\/www.vilellarecicla.com\\\/ca\\\/sobre-nosaltres\\\/politica-empresa\\\/#breadcrumb\"},\"inLanguage\":\"ca\",\"potentialAction\":[{\"@type\":\"ReadAction\",\"target\":[\"https:\\\/\\\/www.vilellarecicla.com\\\/ca\\\/sobre-nosaltres\\\/politica-empresa\\\/\"]}]},{\"@type\":\"BreadcrumbList\",\"@id\":\"https:\\\/\\\/www.vilellarecicla.com\\\/ca\\\/sobre-nosaltres\\\/politica-empresa\\\/#breadcrumb\",\"itemListElement\":[{\"@type\":\"ListItem\",\"position\":1,\"name\":\"Inici\",\"item\":\"https:\\\/\\\/www.vilellarecicla.com\\\/ca\\\/\"},{\"@type\":\"ListItem\",\"position\":2,\"name\":\"Sobre nosaltres\",\"item\":\"https:\\\/\\\/www.vilellarecicla.com\\\/ca\\\/sobre-nosaltres\\\/\"},{\"@type\":\"ListItem\",\"position\":3,\"name\":\"Pol\u00edtica d&#8217;Empresa\"}]},{\"@type\":\"WebSite\",\"@id\":\"https:\\\/\\\/www.vilellarecicla.com\\\/ca\\\/#website\",\"url\":\"https:\\\/\\\/www.vilellarecicla.com\\\/ca\\\/\",\"name\":\"Vilella Recicla\",\"description\":\"Transformem residus en recursos\",\"publisher\":{\"@id\":\"https:\\\/\\\/www.vilellarecicla.com\\\/ca\\\/#organization\"},\"potentialAction\":[{\"@type\":\"SearchAction\",\"target\":{\"@type\":\"EntryPoint\",\"urlTemplate\":\"https:\\\/\\\/www.vilellarecicla.com\\\/ca\\\/?s={search_term_string}\"},\"query-input\":{\"@type\":\"PropertyValueSpecification\",\"valueRequired\":true,\"valueName\":\"search_term_string\"}}],\"inLanguage\":\"ca\"},{\"@type\":\"Organization\",\"@id\":\"https:\\\/\\\/www.vilellarecicla.com\\\/ca\\\/#organization\",\"name\":\"Vilella Recicla\",\"url\":\"https:\\\/\\\/www.vilellarecicla.com\\\/ca\\\/\",\"logo\":{\"@type\":\"ImageObject\",\"inLanguage\":\"ca\",\"@id\":\"https:\\\/\\\/www.vilellarecicla.com\\\/ca\\\/#\\\/schema\\\/logo\\\/image\\\/\",\"url\":\"https:\\\/\\\/www.vilellarecicla.com\\\/ca\\\/wp-content\\\/uploads\\\/sites\\\/4\\\/logo-Vilella_horitzontal.svg\",\"contentUrl\":\"https:\\\/\\\/www.vilellarecicla.com\\\/ca\\\/wp-content\\\/uploads\\\/sites\\\/4\\\/logo-Vilella_horitzontal.svg\",\"width\":777,\"height\":153,\"caption\":\"Vilella Recicla\"},\"image\":{\"@id\":\"https:\\\/\\\/www.vilellarecicla.com\\\/ca\\\/#\\\/schema\\\/logo\\\/image\\\/\"}}]}<\/script>\n<!-- \/ Yoast SEO plugin. -->","yoast_head_json":{"title":"Pol\u00edtica d'Empresa - Vilella Recicla","robots":{"index":"index","follow":"follow","max-snippet":"max-snippet:-1","max-image-preview":"max-image-preview:large","max-video-preview":"max-video-preview:-1"},"canonical":"https:\/\/www.vilellarecicla.com\/ca\/sobre-nosaltres\/politica-empresa\/","og_locale":"ca_ES","og_type":"article","og_title":"Pol\u00edtica d'Empresa - Vilella Recicla","og_description":"Pol\u00edtica d&#8217;empresa POL\u00cdTICA DE MEDI AMBIENT\u00a0 L\u00b4empresa J. Vilella Felip S.L. es va fundar a la d\u00e8cada dels 40 i es dedica des de llavors al sector de la gesti\u00f3 dels residus. La seva activitat se centra en la classificaci\u00f3 dels residus segons les seves caracter\u00edstiques per poder obtenir-ne la m\u00e0xima valoritzaci\u00f3. En l&#8217;actualitat, la [&hellip;]","og_url":"https:\/\/www.vilellarecicla.com\/ca\/sobre-nosaltres\/politica-empresa\/","og_site_name":"Vilella Recicla","article_modified_time":"2025-03-12T21:18:01+00:00","twitter_card":"summary_large_image","twitter_misc":{"Temps estimat de lectura":"3 minuts"},"schema":{"@context":"https:\/\/schema.org","@graph":[{"@type":"WebPage","@id":"https:\/\/www.vilellarecicla.com\/ca\/sobre-nosaltres\/politica-empresa\/","url":"https:\/\/www.vilellarecicla.com\/ca\/sobre-nosaltres\/politica-empresa\/","name":"Pol\u00edtica d'Empresa - Vilella Recicla","isPartOf":{"@id":"https:\/\/www.vilellarecicla.com\/ca\/#website"},"datePublished":"2022-02-23T18:38:44+00:00","dateModified":"2025-03-12T21:18:01+00:00","breadcrumb":{"@id":"https:\/\/www.vilellarecicla.com\/ca\/sobre-nosaltres\/politica-empresa\/#breadcrumb"},"inLanguage":"ca","potentialAction":[{"@type":"ReadAction","target":["https:\/\/www.vilellarecicla.com\/ca\/sobre-nosaltres\/politica-empresa\/"]}]},{"@type":"BreadcrumbList","@id":"https:\/\/www.vilellarecicla.com\/ca\/sobre-nosaltres\/politica-empresa\/#breadcrumb","itemListElement":[{"@type":"ListItem","position":1,"name":"Inici","item":"https:\/\/www.vilellarecicla.com\/ca\/"},{"@type":"ListItem","position":2,"name":"Sobre nosaltres","item":"https:\/\/www.vilellarecicla.com\/ca\/sobre-nosaltres\/"},{"@type":"ListItem","position":3,"name":"Pol\u00edtica d&#8217;Empresa"}]},{"@type":"WebSite","@id":"https:\/\/www.vilellarecicla.com\/ca\/#website","url":"https:\/\/www.vilellarecicla.com\/ca\/","name":"Vilella Recicla","description":"Transformem residus en recursos","publisher":{"@id":"https:\/\/www.vilellarecicla.com\/ca\/#organization"},"potentialAction":[{"@type":"SearchAction","target":{"@type":"EntryPoint","urlTemplate":"https:\/\/www.vilellarecicla.com\/ca\/?s={search_term_string}"},"query-input":{"@type":"PropertyValueSpecification","valueRequired":true,"valueName":"search_term_string"}}],"inLanguage":"ca"},{"@type":"Organization","@id":"https:\/\/www.vilellarecicla.com\/ca\/#organization","name":"Vilella Recicla","url":"https:\/\/www.vilellarecicla.com\/ca\/","logo":{"@type":"ImageObject","inLanguage":"ca","@id":"https:\/\/www.vilellarecicla.com\/ca\/#\/schema\/logo\/image\/","url":"https:\/\/www.vilellarecicla.com\/ca\/wp-content\/uploads\/sites\/4\/logo-Vilella_horitzontal.svg","contentUrl":"https:\/\/www.vilellarecicla.com\/ca\/wp-content\/uploads\/sites\/4\/logo-Vilella_horitzontal.svg","width":777,"height":153,"caption":"Vilella Recicla"},"image":{"@id":"https:\/\/www.vilellarecicla.com\/ca\/#\/schema\/logo\/image\/"}}]}},"_links":{"self":[{"href":"https:\/\/www.vilellarecicla.com\/ca\/wp-json\/wp\/v2\/pages\/31","targetHints":{"allow":["GET"]}}],"collection":[{"href":"https:\/\/www.vilellarecicla.com\/ca\/wp-json\/wp\/v2\/pages"}],"about":[{"href":"https:\/\/www.vilellarecicla.com\/ca\/wp-json\/wp\/v2\/types\/page"}],"author":[{"embeddable":true,"href":"https:\/\/www.vilellarecicla.com\/ca\/wp-json\/wp\/v2\/users\/1"}],"replies":[{"embeddable":true,"href":"https:\/\/www.vilellarecicla.com\/ca\/wp-json\/wp\/v2\/comments?post=31"}],"version-history":[{"count":16,"href":"https:\/\/www.vilellarecicla.com\/ca\/wp-json\/wp\/v2\/pages\/31\/revisions"}],"predecessor-version":[{"id":828,"href":"https:\/\/www.vilellarecicla.com\/ca\/wp-json\/wp\/v2\/pages\/31\/revisions\/828"}],"up":[{"embeddable":true,"href":"https:\/\/www.vilellarecicla.com\/ca\/wp-json\/wp\/v2\/pages\/18"}],"wp:attachment":[{"href":"https:\/\/www.vilellarecicla.com\/ca\/wp-json\/wp\/v2\/media?parent=31"}],"curies":[{"name":"wp","href":"https:\/\/api.w.org\/{rel}","templated":true}]}}