{"id":33,"date":"2022-02-23T19:38:49","date_gmt":"2022-02-23T18:38:49","guid":{"rendered":"https:\/\/www.vilellarecicla.com\/?page_id=33"},"modified":"2022-04-22T15:03:18","modified_gmt":"2022-04-22T13:03:18","slug":"bones-practiques-mediambientals","status":"publish","type":"page","link":"https:\/\/www.vilellarecicla.com\/ca\/sobre-nosaltres\/bones-practiques-mediambientals\/","title":{"rendered":"Bones pr\u00e0ctiques Mediambientals"},"content":{"rendered":"\t\t<div data-elementor-type=\"wp-page\" data-elementor-id=\"33\" class=\"elementor elementor-33\" data-elementor-post-type=\"page\">\n\t\t\t\t\t\t<section class=\"elementor-section elementor-top-section elementor-element elementor-element-f278c79 elementor-section-full_width elementor-section-height-default elementor-section-height-default\" data-id=\"f278c79\" data-element_type=\"section\">\n\t\t\t\t\t\t<div class=\"elementor-container elementor-column-gap-default\">\n\t\t\t\t\t<div class=\"elementor-column elementor-col-100 elementor-top-column elementor-element elementor-element-cc22aa1\" data-id=\"cc22aa1\" data-element_type=\"column\">\n\t\t\t<div class=\"elementor-widget-wrap elementor-element-populated\">\n\t\t\t\t\t\t<div class=\"elementor-element elementor-element-9220dc6 elementor--v-position-bottom elementor--h-position-center elementor-arrows-position-inside elementor-pagination-position-inside elementor-widget elementor-widget-slides\" data-id=\"9220dc6\" data-element_type=\"widget\" data-settings=\"{&quot;transition&quot;:&quot;fade&quot;,&quot;navigation&quot;:&quot;both&quot;,&quot;autoplay&quot;:&quot;yes&quot;,&quot;pause_on_hover&quot;:&quot;yes&quot;,&quot;pause_on_interaction&quot;:&quot;yes&quot;,&quot;autoplay_speed&quot;:5000,&quot;infinite&quot;:&quot;yes&quot;,&quot;transition_speed&quot;:500}\" data-widget_type=\"slides.default\">\n\t\t\t\t<div class=\"elementor-widget-container\">\n\t\t\t\t\t\t\t\t\t<div class=\"elementor-swiper\">\n\t\t\t\t\t<div class=\"elementor-slides-wrapper elementor-main-swiper swiper\" role=\"region\" aria-roledescription=\"carousel\" aria-label=\"Diapositives\" dir=\"ltr\" data-animation=\"fadeInUp\">\n\t\t\t\t<div class=\"swiper-wrapper elementor-slides\">\n\t\t\t\t\t\t\t\t\t\t<div class=\"elementor-repeater-item-c73533d swiper-slide\" role=\"group\" aria-roledescription=\"slide\"><div class=\"swiper-slide-bg\" role=\"img\"><\/div><div class=\"swiper-slide-inner\" ><div class=\"swiper-slide-contents\"><div class=\"elementor-slide-heading\">Bones pr\u00e0ctiques Mediambientals<\/div><\/div><\/div><\/div>\t\t\t\t<\/div>\n\t\t\t\t\t\t\t<\/div>\n\t\t\t\t<\/div>\n\t\t\t\t\t\t\t\t<\/div>\n\t\t\t\t<\/div>\n\t\t\t\t<div class=\"elementor-element elementor-element-d021823 elementor-hidden-desktop elementor-hidden-tablet elementor-hidden-mobile elementor-widget elementor-widget-heading\" data-id=\"d021823\" data-element_type=\"widget\" data-widget_type=\"heading.default\">\n\t\t\t\t<div class=\"elementor-widget-container\">\n\t\t\t\t\t<h1 class=\"elementor-heading-title elementor-size-default\">Bones pr\u00e0ctiques Mediambientals<\/h1>\t\t\t\t<\/div>\n\t\t\t\t<\/div>\n\t\t\t\t\t<\/div>\n\t\t<\/div>\n\t\t\t\t\t<\/div>\n\t\t<\/section>\n\t\t\t\t<section class=\"elementor-section elementor-top-section elementor-element elementor-element-16b4aad elementor-section-boxed elementor-section-height-default elementor-section-height-default\" data-id=\"16b4aad\" data-element_type=\"section\">\n\t\t\t\t\t\t<div class=\"elementor-container elementor-column-gap-default\">\n\t\t\t\t\t<div class=\"elementor-column elementor-col-100 elementor-top-column elementor-element elementor-element-1b24305\" data-id=\"1b24305\" data-element_type=\"column\">\n\t\t\t<div class=\"elementor-widget-wrap elementor-element-populated\">\n\t\t\t\t\t\t<div class=\"elementor-element elementor-element-e7b104c elementor-widget elementor-widget-text-editor\" data-id=\"e7b104c\" data-element_type=\"widget\" data-widget_type=\"text-editor.default\">\n\t\t\t\t<div class=\"elementor-widget-container\">\n\t\t\t\t\t\t\t\t\t<p><strong>Ens importa el medi ambient<\/strong> <strong>PER QU\u00c8<\/strong> El prop\u00f2sit d&#8217;un Sistema de Gesti\u00f3 de Medi Ambient \u00e9s contribuir al desenvolupament de l&#8217;organitzaci\u00f3 mitjan\u00e7ant:<\/p><ul><li>La protecci\u00f3 del medi ambient,<\/li><li>El compliment legal ambiental,<\/li><li>La millora de l&#8217;acompliment,<\/li><li>El compliment d&#8217;expectatives de les parts interessades<\/li><li>El control de les activitats de l&#8217;organitzaci\u00f3<\/li><li>La millora cont\u00ednua del Sistema de Gesti\u00f3 implantat<\/li><\/ul><p>A m\u00e9s, ens permet donar resposta a la necessitat de la nostra societat actual en relaci\u00f3 a la contaminaci\u00f3 del medi ambient, \u00fas ineficient de recursos, gesti\u00f3 inapropiada de residus, cambo clim\u00e0tic, degradaci\u00f3 d&#8217;ecosistemes i p\u00e8rdua de biodiversitat.<\/p><p>Un dels compromisos de la nostra empresa \u00e9s la difusi\u00f3 i sensibilitzaci\u00f3 d&#8217;aquesta filosofia als nostres empleats i a les empreses que ens presten servei.<\/p><p>Per aix\u00f2, amb aquest comunicat volem donar-li a con\u00e8ixer la nostra Pol\u00edtica de Medi Ambient i les actuacions i comportaments que considerem han de dur a terme, perqu\u00e8 entre tots col\u00b7laborem a la protecci\u00f3 del Medi Ambient.<\/p><p>Aix\u00ed mateix, els informem <strong>que Vilella Recicla realitzar\u00e0 el control i seguiment dels seus productes i serveis prestats a la nostra organitzaci\u00f3 mitjan\u00e7ant l&#8217;obertura de No Conformitats<\/strong> en el nostre sistema de gesti\u00f3.<\/p><p>Els compromisos adquirits per la Direcci\u00f3 de <strong>VILELLA RECICLA<\/strong>, extensibles a tot el seu personal com a prove\u00efdors s\u00f3n els seg\u00fcents:<\/p><p><strong>Recuperar<\/strong> al m\u00e0xim totes les fraccions valoritzables dels residus gestionats, aconseguint que el residu final sigui el menor possible.<\/p><p><strong>Complir amb els requisits<\/strong> legals que afecten la nostra activitat i als nostres productes, sigui aquesta elaborada pels nostres clients o de car\u00e0cter vinculant i mantenir un seguiment continu de la seva evoluci\u00f3. Complir tamb\u00e9 amb aquells requisits que assumim volunt\u00e0riament.<\/p><p><strong>Garantir<\/strong> la protecci\u00f3 del medi ambient i prevenir la contaminaci\u00f3, adoptant decisions coherents amb la naturalesa, minimitzant l&#8217;impacte real o potencial de la nostra activitat sobre el medi ambient.<\/p><p><strong>Contribuir a la conscienciaci\u00f3 ambiental<\/strong> de les parts interessades, incorporant progressivament criteris de cicle de vida i economia circular.<\/p><p><strong>Augmentar<\/strong> la satisfacci\u00f3 de les parts interessades a trav\u00e9s de la millora cont\u00ednua del nostre Sistema de Gesti\u00f3 de Medi Ambient mitjan\u00e7ant el compliment dels seus requisits i expectatives.<\/p><p><strong>Desenvolupar<\/strong> i millorar les activitats actuals posant l&#8217;accent en l&#8217;estalvi d&#8217;energies i recursos naturals, aix\u00ed com en la minimitzaci\u00f3 d&#8217;efluents residuals s\u00f2lids, l\u00edquids i gasosos generats com a filosofia de prevenci\u00f3 de la contaminaci\u00f3.<\/p><p><strong>Establir<\/strong> el marc per a la definici\u00f3 i desplegament d&#8217;objectius.<\/p><p><strong>Aportar els recursos<\/strong> humans i materials necessaris per a garantir que la formaci\u00f3 del personal, de manera que impliqui la correcta aplicaci\u00f3 dels procediments i instruccions operatives establertes i la conscienciaci\u00f3 en la import\u00e0ncia de les seves operacions en el proc\u00e9s de millora cont\u00ednua i prevenci\u00f3 de la contaminaci\u00f3<\/p><p><strong>LA GESTI\u00d3 AMBIENTAL EN LES EMPRESES<\/strong> La gesti\u00f3 ambiental de les empreses \u00e9s una acci\u00f3 que ha d&#8217;implantar-se com a eix central de la gesti\u00f3 de les empreses, donats els beneficis que comporta per a l&#8217;entorn i les persones que habiten en ell.<\/p><p><strong>REDUIR L&#8217;EMISSI\u00d3 DE GASOS CONTAMINANTS<\/strong> El transport de mercaderies i productes allibera, per la combusti\u00f3 dels motors dels vehicles, gasos contaminants, nocius per al medi ambient i tamb\u00e9 per a les persones.<\/p><p><strong>ECONOMIA CIRCULAR<\/strong> L&#8217;economia circular \u00e9s una nova concepci\u00f3 que trenca amb la visi\u00f3 lineal de l&#8217;economia apostant per un model circular on preval compartir, llogar, reutilitzar, reparar, renovar i reciclar materials i productes existents totes les vegades que sigui possible per a crear un valor afegit i estendre el seu cicle de vida.<\/p><p><strong>CONSUM RACIONAL DE L&#8217;AIGUA<\/strong> L&#8217;aigua \u00e9s un recurs esc\u00e0s La sobreexplotaci\u00f3 d&#8217;aquest recurs t\u00e9 repercussions molt greus per a la naturalesa per\u00f2 tamb\u00e9 per a les persones.<\/p><p><strong>CONSUM RACIONAL DE L&#8217;ENERGIA <\/strong>Fem \u00fas sostenible dels combustibles f\u00f2ssils per a generar electricitat i disposar d&#8217;energia per a transport, serveis, etc. Els combustibles f\u00f2ssils provoquen greus problemes ambientals com el canvi clim\u00e0tic, la destrucci\u00f3 de la capa d&#8217;oz\u00f3 o la pluja \u00e0cida a m\u00e9s de perjudicar la salut humana.<\/p><p><strong>REDUIR, REUTILITZAR I RECICLAR<\/strong> La gran quantitat de residus que es generen actualment i el seu tractament s&#8217;est\u00e0 convertint en un problema ambiental de primer ordre, \u00e9s de vital import\u00e0ncia que es valorin. Evitar la generaci\u00f3 de residus no valoritzables. Reutilitzar i reciclar els residus!!<\/p>\t\t\t\t\t\t\t\t<\/div>\n\t\t\t\t<\/div>\n\t\t\t\t\t<\/div>\n\t\t<\/div>\n\t\t\t\t\t<\/div>\n\t\t<\/section>\n\t\t\t\t<\/div>\n\t\t","protected":false},"excerpt":{"rendered":"<p>Bones pr\u00e0ctiques Mediambientals Ens importa el medi ambient PER QU\u00c8 El prop\u00f2sit d&#8217;un Sistema de Gesti\u00f3 de Medi Ambient \u00e9s contribuir al desenvolupament de l&#8217;organitzaci\u00f3 mitjan\u00e7ant: La protecci\u00f3 del medi ambient, El compliment legal ambiental, La millora de l&#8217;acompliment, El compliment d&#8217;expectatives de les parts interessades El control de les activitats de l&#8217;organitzaci\u00f3 La millora [&hellip;]<\/p>\n","protected":false},"author":1,"featured_media":0,"parent":18,"menu_order":0,"comment_status":"closed","ping_status":"closed","template":"","meta":{"footnotes":""},"class_list":["post-33","page","type-page","status-publish","hentry"],"yoast_head":"<!-- This site is optimized with the Yoast SEO plugin v27.6 - https:\/\/yoast.com\/product\/yoast-seo-wordpress\/ -->\n<title>Bones pr\u00e0ctiques Mediambientals - Vilella Recicla<\/title>\n<meta name=\"robots\" content=\"index, follow, max-snippet:-1, max-image-preview:large, max-video-preview:-1\" \/>\n<link rel=\"canonical\" href=\"https:\/\/www.vilellarecicla.com\/ca\/sobre-nosaltres\/bones-practiques-mediambientals\/\" \/>\n<meta property=\"og:locale\" content=\"ca_ES\" \/>\n<meta property=\"og:type\" content=\"article\" \/>\n<meta property=\"og:title\" content=\"Bones pr\u00e0ctiques Mediambientals - Vilella Recicla\" \/>\n<meta property=\"og:description\" content=\"Bones pr\u00e0ctiques Mediambientals Ens importa el medi ambient PER QU\u00c8 El prop\u00f2sit d&#8217;un Sistema de Gesti\u00f3 de Medi Ambient \u00e9s contribuir al desenvolupament de l&#8217;organitzaci\u00f3 mitjan\u00e7ant: La protecci\u00f3 del medi ambient, El compliment legal ambiental, La millora de l&#8217;acompliment, El compliment d&#8217;expectatives de les parts interessades El control de les activitats de l&#8217;organitzaci\u00f3 La millora [&hellip;]\" \/>\n<meta property=\"og:url\" content=\"https:\/\/www.vilellarecicla.com\/ca\/sobre-nosaltres\/bones-practiques-mediambientals\/\" \/>\n<meta property=\"og:site_name\" content=\"Vilella Recicla\" \/>\n<meta property=\"article:modified_time\" content=\"2022-04-22T13:03:18+00:00\" \/>\n<meta name=\"twitter:card\" content=\"summary_large_image\" \/>\n<meta name=\"twitter:label1\" content=\"Temps estimat de lectura\" \/>\n\t<meta name=\"twitter:data1\" content=\"4 minuts\" \/>\n<script type=\"application\/ld+json\" class=\"yoast-schema-graph\">{\"@context\":\"https:\\\/\\\/schema.org\",\"@graph\":[{\"@type\":\"WebPage\",\"@id\":\"https:\\\/\\\/www.vilellarecicla.com\\\/ca\\\/sobre-nosaltres\\\/bones-practiques-mediambientals\\\/\",\"url\":\"https:\\\/\\\/www.vilellarecicla.com\\\/ca\\\/sobre-nosaltres\\\/bones-practiques-mediambientals\\\/\",\"name\":\"Bones pr\u00e0ctiques Mediambientals - Vilella Recicla\",\"isPartOf\":{\"@id\":\"https:\\\/\\\/www.vilellarecicla.com\\\/ca\\\/#website\"},\"datePublished\":\"2022-02-23T18:38:49+00:00\",\"dateModified\":\"2022-04-22T13:03:18+00:00\",\"breadcrumb\":{\"@id\":\"https:\\\/\\\/www.vilellarecicla.com\\\/ca\\\/sobre-nosaltres\\\/bones-practiques-mediambientals\\\/#breadcrumb\"},\"inLanguage\":\"ca\",\"potentialAction\":[{\"@type\":\"ReadAction\",\"target\":[\"https:\\\/\\\/www.vilellarecicla.com\\\/ca\\\/sobre-nosaltres\\\/bones-practiques-mediambientals\\\/\"]}]},{\"@type\":\"BreadcrumbList\",\"@id\":\"https:\\\/\\\/www.vilellarecicla.com\\\/ca\\\/sobre-nosaltres\\\/bones-practiques-mediambientals\\\/#breadcrumb\",\"itemListElement\":[{\"@type\":\"ListItem\",\"position\":1,\"name\":\"Inici\",\"item\":\"https:\\\/\\\/www.vilellarecicla.com\\\/ca\\\/\"},{\"@type\":\"ListItem\",\"position\":2,\"name\":\"Sobre nosaltres\",\"item\":\"https:\\\/\\\/www.vilellarecicla.com\\\/ca\\\/sobre-nosaltres\\\/\"},{\"@type\":\"ListItem\",\"position\":3,\"name\":\"Bones pr\u00e0ctiques Mediambientals\"}]},{\"@type\":\"WebSite\",\"@id\":\"https:\\\/\\\/www.vilellarecicla.com\\\/ca\\\/#website\",\"url\":\"https:\\\/\\\/www.vilellarecicla.com\\\/ca\\\/\",\"name\":\"Vilella Recicla\",\"description\":\"Transformem residus en recursos\",\"publisher\":{\"@id\":\"https:\\\/\\\/www.vilellarecicla.com\\\/ca\\\/#organization\"},\"potentialAction\":[{\"@type\":\"SearchAction\",\"target\":{\"@type\":\"EntryPoint\",\"urlTemplate\":\"https:\\\/\\\/www.vilellarecicla.com\\\/ca\\\/?s={search_term_string}\"},\"query-input\":{\"@type\":\"PropertyValueSpecification\",\"valueRequired\":true,\"valueName\":\"search_term_string\"}}],\"inLanguage\":\"ca\"},{\"@type\":\"Organization\",\"@id\":\"https:\\\/\\\/www.vilellarecicla.com\\\/ca\\\/#organization\",\"name\":\"Vilella Recicla\",\"url\":\"https:\\\/\\\/www.vilellarecicla.com\\\/ca\\\/\",\"logo\":{\"@type\":\"ImageObject\",\"inLanguage\":\"ca\",\"@id\":\"https:\\\/\\\/www.vilellarecicla.com\\\/ca\\\/#\\\/schema\\\/logo\\\/image\\\/\",\"url\":\"https:\\\/\\\/www.vilellarecicla.com\\\/ca\\\/wp-content\\\/uploads\\\/sites\\\/4\\\/logo-Vilella_horitzontal.svg\",\"contentUrl\":\"https:\\\/\\\/www.vilellarecicla.com\\\/ca\\\/wp-content\\\/uploads\\\/sites\\\/4\\\/logo-Vilella_horitzontal.svg\",\"width\":777,\"height\":153,\"caption\":\"Vilella Recicla\"},\"image\":{\"@id\":\"https:\\\/\\\/www.vilellarecicla.com\\\/ca\\\/#\\\/schema\\\/logo\\\/image\\\/\"}}]}<\/script>\n<!-- \/ Yoast SEO plugin. -->","yoast_head_json":{"title":"Bones pr\u00e0ctiques Mediambientals - Vilella Recicla","robots":{"index":"index","follow":"follow","max-snippet":"max-snippet:-1","max-image-preview":"max-image-preview:large","max-video-preview":"max-video-preview:-1"},"canonical":"https:\/\/www.vilellarecicla.com\/ca\/sobre-nosaltres\/bones-practiques-mediambientals\/","og_locale":"ca_ES","og_type":"article","og_title":"Bones pr\u00e0ctiques Mediambientals - Vilella Recicla","og_description":"Bones pr\u00e0ctiques Mediambientals Ens importa el medi ambient PER QU\u00c8 El prop\u00f2sit d&#8217;un Sistema de Gesti\u00f3 de Medi Ambient \u00e9s contribuir al desenvolupament de l&#8217;organitzaci\u00f3 mitjan\u00e7ant: La protecci\u00f3 del medi ambient, El compliment legal ambiental, La millora de l&#8217;acompliment, El compliment d&#8217;expectatives de les parts interessades El control de les activitats de l&#8217;organitzaci\u00f3 La millora [&hellip;]","og_url":"https:\/\/www.vilellarecicla.com\/ca\/sobre-nosaltres\/bones-practiques-mediambientals\/","og_site_name":"Vilella Recicla","article_modified_time":"2022-04-22T13:03:18+00:00","twitter_card":"summary_large_image","twitter_misc":{"Temps estimat de lectura":"4 minuts"},"schema":{"@context":"https:\/\/schema.org","@graph":[{"@type":"WebPage","@id":"https:\/\/www.vilellarecicla.com\/ca\/sobre-nosaltres\/bones-practiques-mediambientals\/","url":"https:\/\/www.vilellarecicla.com\/ca\/sobre-nosaltres\/bones-practiques-mediambientals\/","name":"Bones pr\u00e0ctiques Mediambientals - Vilella Recicla","isPartOf":{"@id":"https:\/\/www.vilellarecicla.com\/ca\/#website"},"datePublished":"2022-02-23T18:38:49+00:00","dateModified":"2022-04-22T13:03:18+00:00","breadcrumb":{"@id":"https:\/\/www.vilellarecicla.com\/ca\/sobre-nosaltres\/bones-practiques-mediambientals\/#breadcrumb"},"inLanguage":"ca","potentialAction":[{"@type":"ReadAction","target":["https:\/\/www.vilellarecicla.com\/ca\/sobre-nosaltres\/bones-practiques-mediambientals\/"]}]},{"@type":"BreadcrumbList","@id":"https:\/\/www.vilellarecicla.com\/ca\/sobre-nosaltres\/bones-practiques-mediambientals\/#breadcrumb","itemListElement":[{"@type":"ListItem","position":1,"name":"Inici","item":"https:\/\/www.vilellarecicla.com\/ca\/"},{"@type":"ListItem","position":2,"name":"Sobre nosaltres","item":"https:\/\/www.vilellarecicla.com\/ca\/sobre-nosaltres\/"},{"@type":"ListItem","position":3,"name":"Bones pr\u00e0ctiques Mediambientals"}]},{"@type":"WebSite","@id":"https:\/\/www.vilellarecicla.com\/ca\/#website","url":"https:\/\/www.vilellarecicla.com\/ca\/","name":"Vilella Recicla","description":"Transformem residus en recursos","publisher":{"@id":"https:\/\/www.vilellarecicla.com\/ca\/#organization"},"potentialAction":[{"@type":"SearchAction","target":{"@type":"EntryPoint","urlTemplate":"https:\/\/www.vilellarecicla.com\/ca\/?s={search_term_string}"},"query-input":{"@type":"PropertyValueSpecification","valueRequired":true,"valueName":"search_term_string"}}],"inLanguage":"ca"},{"@type":"Organization","@id":"https:\/\/www.vilellarecicla.com\/ca\/#organization","name":"Vilella Recicla","url":"https:\/\/www.vilellarecicla.com\/ca\/","logo":{"@type":"ImageObject","inLanguage":"ca","@id":"https:\/\/www.vilellarecicla.com\/ca\/#\/schema\/logo\/image\/","url":"https:\/\/www.vilellarecicla.com\/ca\/wp-content\/uploads\/sites\/4\/logo-Vilella_horitzontal.svg","contentUrl":"https:\/\/www.vilellarecicla.com\/ca\/wp-content\/uploads\/sites\/4\/logo-Vilella_horitzontal.svg","width":777,"height":153,"caption":"Vilella Recicla"},"image":{"@id":"https:\/\/www.vilellarecicla.com\/ca\/#\/schema\/logo\/image\/"}}]}},"_links":{"self":[{"href":"https:\/\/www.vilellarecicla.com\/ca\/wp-json\/wp\/v2\/pages\/33","targetHints":{"allow":["GET"]}}],"collection":[{"href":"https:\/\/www.vilellarecicla.com\/ca\/wp-json\/wp\/v2\/pages"}],"about":[{"href":"https:\/\/www.vilellarecicla.com\/ca\/wp-json\/wp\/v2\/types\/page"}],"author":[{"embeddable":true,"href":"https:\/\/www.vilellarecicla.com\/ca\/wp-json\/wp\/v2\/users\/1"}],"replies":[{"embeddable":true,"href":"https:\/\/www.vilellarecicla.com\/ca\/wp-json\/wp\/v2\/comments?post=33"}],"version-history":[{"count":16,"href":"https:\/\/www.vilellarecicla.com\/ca\/wp-json\/wp\/v2\/pages\/33\/revisions"}],"predecessor-version":[{"id":712,"href":"https:\/\/www.vilellarecicla.com\/ca\/wp-json\/wp\/v2\/pages\/33\/revisions\/712"}],"up":[{"embeddable":true,"href":"https:\/\/www.vilellarecicla.com\/ca\/wp-json\/wp\/v2\/pages\/18"}],"wp:attachment":[{"href":"https:\/\/www.vilellarecicla.com\/ca\/wp-json\/wp\/v2\/media?parent=33"}],"curies":[{"name":"wp","href":"https:\/\/api.w.org\/{rel}","templated":true}]}}