{"id":655,"date":"2022-03-23T12:34:43","date_gmt":"2022-03-23T11:34:43","guid":{"rendered":"https:\/\/www.vilellarecicla.com\/?page_id=655"},"modified":"2022-04-22T16:10:47","modified_gmt":"2022-04-22T14:10:47","slug":"avis-legal","status":"publish","type":"page","link":"https:\/\/www.vilellarecicla.com\/ca\/avis-legal\/","title":{"rendered":"Av\u00eds legal"},"content":{"rendered":"\n<div style=\"height:100px\" aria-hidden=\"true\" class=\"wp-block-spacer\"><\/div>\n\n\n\n<h1 class=\"wp-block-heading\">Av\u00eds Legal<\/h1>\n\n\n\n<div style=\"height:40px\" aria-hidden=\"true\" class=\"wp-block-spacer\"><\/div>\n\n\n\n<p><strong>IDENTIFICACI\u00d3<\/strong><br>De conformitat amb el que disposa l\u2019article 10 de la Llei 34\/2002, del 11 de juliol, de Serveis de Societat de la Informaci\u00f3 i Comer\u00e7 Electr\u00f2nic, s\u2019informa que https:\/\/www.vilellarecicla.com\/ \u00e9s un domini de J. Vilella Felip SL, amb domicili social a Pol. Industrial El Segre, parc 108 Lleida &#8211; Lleida  25191, tel\u00e8fon +34 973 201 206 i mail info@vilellarecicla.com. J. Vilella Felip SL t\u00e9 el NIF: B25501065.<\/p>\n\n\n\n<p><strong>NORMES D\u2019UTILITZACI\u00d3<\/strong><br>L\u2019usuari es compromet a fer un \u00fas adequat i l\u00edcit d\u2019aquesta web aix\u00ed com dels continguts i dels serveis, de conformitat amb la legislaci\u00f3 aplicable a cada moment, la moral i els bons costums generalment acceptats i d\u2019ordre p\u00fablic.<br>Queda prohibit realitzar, per tant, qualsevol acci\u00f3 que pugui provocar alteracions dels continguts d\u2019aquesta web o un mal funcionament de la mateixa, incl\u00f2s la introducci\u00f3 d\u2019un virus o similar.<\/p>\n\n\n\n<p><strong>PROPIETAT INTEL\u00b7LECTUAL<\/strong><br>Les p\u00e0gines de la web i la informaci\u00f3 o els elements que contenen, inclosos textos, documents, fotografies, dibuixos, que representin gr\u00e0fiques, base de dades, v\u00eddeos i tamb\u00e9 logotips, marques, noms comercials o altres signes distintius, estan protegits pels drets de propietat intel\u00b7lectual o industrial, dels quals J. VILELLA FELIP SL \u00e9s titular o amb llic\u00e8ncies lleg\u00edtimes.<br>Queda prohibida qualsevol modalitat d\u2019explotaci\u00f3, incl\u00f2s qualsevol tipus de reproducci\u00f3, o distribuci\u00f3, cessi\u00f3 a tercers, comunicaci\u00f3 p\u00fablica i transformaci\u00f3, a trav\u00e9s de qualsevol tipus de suport i mitj\u00e0, sense l&#8217;autoritzaci\u00f3 pr\u00e8via i expressa.<\/p>\n\n\n\n<p><strong>RESPONSABILITAT<\/strong><br>La nostra intenci\u00f3 \u00e9s oferir un lloc web que ofereix una operaci\u00f3 cont\u00ednua i de qualitat.<br>De tota manera, us informem que no podem garantir l&#8217;acc\u00e9s continuat, i que es poden trobar amb interrupcions o parades per factors o circumst\u00e0ncies fora del nostre control.<br>J. VILELLA FELIP SL no \u00e9s responsable de la informaci\u00f3 i altres continguts integrats en espais o p\u00e0gines web de tercers accessibles mitjan\u00e7ant enlla\u00e7os, hipervincles o links.<br>J. VILELLA FELIP SL no \u00e9s responsable per qualsevol dany que pugui sorgir, entre d&#8217;altres, de:<br>Interfer\u00e8ncies, interrupcions, fallides, omissions, avaries telef\u00f2niques, retards, bloquejos o desconnexions en el funcionament del sistema electr\u00f2nic, motivat per defici\u00e8ncies, sobrec\u00e0rregues i errors en les l\u00ednies de telecomunicacions i xarxes<\/p>\n\n\n\n<p>Intromissions mitjan\u00e7ant l&#8217;\u00fas de programes maliciosos de qualsevol mena i a trav\u00e9s de qualsevol mitj\u00e0 de comunicaci\u00f3.<\/p>\n\n\n\n<p>\u00das inadequat d\u2019aquesta WEB.<\/p>\n\n\n\n<p>Errors produ\u00efts per un mal funcionament del navegador o pel \u00fas de versions no actualitzades del mateix.<\/p>\n\n\n\n<p>L&#8217;usuari, en cas de danys causats per un \u00fas il\u00b7l\u00edcit o inadequat d&#8217;aquesta web, poden ser reclamats per danys i prejudicis.<br>A m\u00e9s, l&#8217;usuari respondr\u00e0 per danys i perjudicis, que es deriva de l&#8217;\u00fas de &#8220;robots&#8221;, &#8220;Aranyes&#8221;,\u2026 o eines similars utilitzades per recollir o extreure dades o qualsevol altra acci\u00f3 en la seva part que imposin un c\u00e0rrega per fer disminuir el funcionament de la web.<\/p>\n\n\n\n<p><strong>LEGISLACI\u00d3<\/strong><br>Per a la resoluci\u00f3 de qualsevol conflicte que pugui sorgir fruit de la visita a la nostra web aconsellem que es contacti directament amb la nostra empresa a trav\u00e9s de les dades de contacte que oferim, i exposi el cas, amb la finalitat d\u2019arribar a un acord amist\u00f3s per a les dues parts.<br>En cas contrari, la llei aplicable en cas de disputa o conflicte d\u2019interpretaci\u00f3 dels termes que conformen aquest av\u00eds legal, aix\u00ed com qualsevol q\u00fcesti\u00f3 relacionada amb els serveis i productes del present portal, ser\u00e0 la llei espanyola.<br>La nostra empresa i l\u2019usuari acorden sotmetre\u2019s als Jutges i Tribunals de domicili de l\u2019Usuari, sempre que el mateix estigui situat en territori espanyol i actu\u00ef en condici\u00f3 de consumidor.<\/p>\n\n\n\n<div style=\"height:200px\" aria-hidden=\"true\" class=\"wp-block-spacer\"><\/div>\n","protected":false},"excerpt":{"rendered":"<p>Av\u00eds Legal IDENTIFICACI\u00d3De conformitat amb el que disposa l\u2019article 10 de la Llei 34\/2002, del 11 de juliol, de Serveis de Societat de la Informaci\u00f3 i Comer\u00e7 Electr\u00f2nic, s\u2019informa que https:\/\/www.vilellarecicla.com\/ \u00e9s un domini de J. Vilella Felip SL, amb domicili social a Pol. Industrial El Segre, parc 108 Lleida &#8211; Lleida 25191, tel\u00e8fon +34 [&hellip;]<\/p>\n","protected":false},"author":1,"featured_media":0,"parent":0,"menu_order":0,"comment_status":"closed","ping_status":"closed","template":"","meta":{"footnotes":""},"class_list":["post-655","page","type-page","status-publish","hentry"],"yoast_head":"<!-- This site is optimized with the Yoast SEO plugin v27.5 - https:\/\/yoast.com\/product\/yoast-seo-wordpress\/ -->\n<title>Av\u00eds legal - Vilella Recicla<\/title>\n<meta name=\"robots\" content=\"noindex, follow\" \/>\n<meta property=\"og:locale\" content=\"ca_ES\" \/>\n<meta property=\"og:type\" content=\"article\" \/>\n<meta property=\"og:title\" content=\"Av\u00eds legal - Vilella Recicla\" \/>\n<meta property=\"og:description\" content=\"Av\u00eds Legal IDENTIFICACI\u00d3De conformitat amb el que disposa l\u2019article 10 de la Llei 34\/2002, del 11 de juliol, de Serveis de Societat de la Informaci\u00f3 i Comer\u00e7 Electr\u00f2nic, s\u2019informa que https:\/\/www.vilellarecicla.com\/ \u00e9s un domini de J. Vilella Felip SL, amb domicili social a Pol. Industrial El Segre, parc 108 Lleida &#8211; Lleida 25191, tel\u00e8fon +34 [&hellip;]\" \/>\n<meta property=\"og:url\" content=\"https:\/\/www.vilellarecicla.com\/ca\/avis-legal\/\" \/>\n<meta property=\"og:site_name\" content=\"Vilella Recicla\" \/>\n<meta property=\"article:modified_time\" content=\"2022-04-22T14:10:47+00:00\" \/>\n<meta name=\"twitter:card\" content=\"summary_large_image\" \/>\n<meta name=\"twitter:label1\" content=\"Temps estimat de lectura\" \/>\n\t<meta name=\"twitter:data1\" content=\"4 minuts\" \/>\n<script type=\"application\/ld+json\" class=\"yoast-schema-graph\">{\"@context\":\"https:\\\/\\\/schema.org\",\"@graph\":[{\"@type\":\"WebPage\",\"@id\":\"https:\\\/\\\/www.vilellarecicla.com\\\/ca\\\/avis-legal\\\/\",\"url\":\"https:\\\/\\\/www.vilellarecicla.com\\\/ca\\\/avis-legal\\\/\",\"name\":\"Av\u00eds legal - Vilella Recicla\",\"isPartOf\":{\"@id\":\"https:\\\/\\\/www.vilellarecicla.com\\\/ca\\\/#website\"},\"datePublished\":\"2022-03-23T11:34:43+00:00\",\"dateModified\":\"2022-04-22T14:10:47+00:00\",\"breadcrumb\":{\"@id\":\"https:\\\/\\\/www.vilellarecicla.com\\\/ca\\\/avis-legal\\\/#breadcrumb\"},\"inLanguage\":\"ca\",\"potentialAction\":[{\"@type\":\"ReadAction\",\"target\":[\"https:\\\/\\\/www.vilellarecicla.com\\\/ca\\\/avis-legal\\\/\"]}]},{\"@type\":\"BreadcrumbList\",\"@id\":\"https:\\\/\\\/www.vilellarecicla.com\\\/ca\\\/avis-legal\\\/#breadcrumb\",\"itemListElement\":[{\"@type\":\"ListItem\",\"position\":1,\"name\":\"Inici\",\"item\":\"https:\\\/\\\/www.vilellarecicla.com\\\/ca\\\/\"},{\"@type\":\"ListItem\",\"position\":2,\"name\":\"Av\u00eds legal\"}]},{\"@type\":\"WebSite\",\"@id\":\"https:\\\/\\\/www.vilellarecicla.com\\\/ca\\\/#website\",\"url\":\"https:\\\/\\\/www.vilellarecicla.com\\\/ca\\\/\",\"name\":\"Vilella Recicla\",\"description\":\"Transformem residus en recursos\",\"publisher\":{\"@id\":\"https:\\\/\\\/www.vilellarecicla.com\\\/ca\\\/#organization\"},\"potentialAction\":[{\"@type\":\"SearchAction\",\"target\":{\"@type\":\"EntryPoint\",\"urlTemplate\":\"https:\\\/\\\/www.vilellarecicla.com\\\/ca\\\/?s={search_term_string}\"},\"query-input\":{\"@type\":\"PropertyValueSpecification\",\"valueRequired\":true,\"valueName\":\"search_term_string\"}}],\"inLanguage\":\"ca\"},{\"@type\":\"Organization\",\"@id\":\"https:\\\/\\\/www.vilellarecicla.com\\\/ca\\\/#organization\",\"name\":\"Vilella Recicla\",\"url\":\"https:\\\/\\\/www.vilellarecicla.com\\\/ca\\\/\",\"logo\":{\"@type\":\"ImageObject\",\"inLanguage\":\"ca\",\"@id\":\"https:\\\/\\\/www.vilellarecicla.com\\\/ca\\\/#\\\/schema\\\/logo\\\/image\\\/\",\"url\":\"https:\\\/\\\/www.vilellarecicla.com\\\/ca\\\/wp-content\\\/uploads\\\/sites\\\/4\\\/logo-Vilella_horitzontal.svg\",\"contentUrl\":\"https:\\\/\\\/www.vilellarecicla.com\\\/ca\\\/wp-content\\\/uploads\\\/sites\\\/4\\\/logo-Vilella_horitzontal.svg\",\"width\":777,\"height\":153,\"caption\":\"Vilella Recicla\"},\"image\":{\"@id\":\"https:\\\/\\\/www.vilellarecicla.com\\\/ca\\\/#\\\/schema\\\/logo\\\/image\\\/\"}}]}<\/script>\n<!-- \/ Yoast SEO plugin. -->","yoast_head_json":{"title":"Av\u00eds legal - Vilella Recicla","robots":{"index":"noindex","follow":"follow"},"og_locale":"ca_ES","og_type":"article","og_title":"Av\u00eds legal - Vilella Recicla","og_description":"Av\u00eds Legal IDENTIFICACI\u00d3De conformitat amb el que disposa l\u2019article 10 de la Llei 34\/2002, del 11 de juliol, de Serveis de Societat de la Informaci\u00f3 i Comer\u00e7 Electr\u00f2nic, s\u2019informa que https:\/\/www.vilellarecicla.com\/ \u00e9s un domini de J. Vilella Felip SL, amb domicili social a Pol. Industrial El Segre, parc 108 Lleida &#8211; Lleida 25191, tel\u00e8fon +34 [&hellip;]","og_url":"https:\/\/www.vilellarecicla.com\/ca\/avis-legal\/","og_site_name":"Vilella Recicla","article_modified_time":"2022-04-22T14:10:47+00:00","twitter_card":"summary_large_image","twitter_misc":{"Temps estimat de lectura":"4 minuts"},"schema":{"@context":"https:\/\/schema.org","@graph":[{"@type":"WebPage","@id":"https:\/\/www.vilellarecicla.com\/ca\/avis-legal\/","url":"https:\/\/www.vilellarecicla.com\/ca\/avis-legal\/","name":"Av\u00eds legal - Vilella Recicla","isPartOf":{"@id":"https:\/\/www.vilellarecicla.com\/ca\/#website"},"datePublished":"2022-03-23T11:34:43+00:00","dateModified":"2022-04-22T14:10:47+00:00","breadcrumb":{"@id":"https:\/\/www.vilellarecicla.com\/ca\/avis-legal\/#breadcrumb"},"inLanguage":"ca","potentialAction":[{"@type":"ReadAction","target":["https:\/\/www.vilellarecicla.com\/ca\/avis-legal\/"]}]},{"@type":"BreadcrumbList","@id":"https:\/\/www.vilellarecicla.com\/ca\/avis-legal\/#breadcrumb","itemListElement":[{"@type":"ListItem","position":1,"name":"Inici","item":"https:\/\/www.vilellarecicla.com\/ca\/"},{"@type":"ListItem","position":2,"name":"Av\u00eds legal"}]},{"@type":"WebSite","@id":"https:\/\/www.vilellarecicla.com\/ca\/#website","url":"https:\/\/www.vilellarecicla.com\/ca\/","name":"Vilella Recicla","description":"Transformem residus en recursos","publisher":{"@id":"https:\/\/www.vilellarecicla.com\/ca\/#organization"},"potentialAction":[{"@type":"SearchAction","target":{"@type":"EntryPoint","urlTemplate":"https:\/\/www.vilellarecicla.com\/ca\/?s={search_term_string}"},"query-input":{"@type":"PropertyValueSpecification","valueRequired":true,"valueName":"search_term_string"}}],"inLanguage":"ca"},{"@type":"Organization","@id":"https:\/\/www.vilellarecicla.com\/ca\/#organization","name":"Vilella Recicla","url":"https:\/\/www.vilellarecicla.com\/ca\/","logo":{"@type":"ImageObject","inLanguage":"ca","@id":"https:\/\/www.vilellarecicla.com\/ca\/#\/schema\/logo\/image\/","url":"https:\/\/www.vilellarecicla.com\/ca\/wp-content\/uploads\/sites\/4\/logo-Vilella_horitzontal.svg","contentUrl":"https:\/\/www.vilellarecicla.com\/ca\/wp-content\/uploads\/sites\/4\/logo-Vilella_horitzontal.svg","width":777,"height":153,"caption":"Vilella Recicla"},"image":{"@id":"https:\/\/www.vilellarecicla.com\/ca\/#\/schema\/logo\/image\/"}}]}},"_links":{"self":[{"href":"https:\/\/www.vilellarecicla.com\/ca\/wp-json\/wp\/v2\/pages\/655","targetHints":{"allow":["GET"]}}],"collection":[{"href":"https:\/\/www.vilellarecicla.com\/ca\/wp-json\/wp\/v2\/pages"}],"about":[{"href":"https:\/\/www.vilellarecicla.com\/ca\/wp-json\/wp\/v2\/types\/page"}],"author":[{"embeddable":true,"href":"https:\/\/www.vilellarecicla.com\/ca\/wp-json\/wp\/v2\/users\/1"}],"replies":[{"embeddable":true,"href":"https:\/\/www.vilellarecicla.com\/ca\/wp-json\/wp\/v2\/comments?post=655"}],"version-history":[{"count":9,"href":"https:\/\/www.vilellarecicla.com\/ca\/wp-json\/wp\/v2\/pages\/655\/revisions"}],"predecessor-version":[{"id":730,"href":"https:\/\/www.vilellarecicla.com\/ca\/wp-json\/wp\/v2\/pages\/655\/revisions\/730"}],"wp:attachment":[{"href":"https:\/\/www.vilellarecicla.com\/ca\/wp-json\/wp\/v2\/media?parent=655"}],"curies":[{"name":"wp","href":"https:\/\/api.w.org\/{rel}","templated":true}]}}