{"id":657,"date":"2022-03-23T12:35:57","date_gmt":"2022-03-23T11:35:57","guid":{"rendered":"https:\/\/www.vilellarecicla.com\/?page_id=657"},"modified":"2022-04-04T09:11:13","modified_gmt":"2022-04-04T07:11:13","slug":"politica-de-cookies","status":"publish","type":"page","link":"https:\/\/www.vilellarecicla.com\/ca\/politica-de-cookies\/","title":{"rendered":"Pol\u00edtica de cookies"},"content":{"rendered":"\n<div style=\"height:100px\" aria-hidden=\"true\" class=\"wp-block-spacer\"><\/div>\n\n\n\n<h1 class=\"wp-block-heading\">Pol\u00edtica de cookies<\/h1>\n\n\n\n<div style=\"height:40px\" aria-hidden=\"true\" class=\"wp-block-spacer\"><\/div>\n\n\n\n<p><strong>POL\u00cdTICA DE COOKIES<\/strong><br>J. Vilella Felip SL li informa sobre l\u2019\u00fas de les cookies en la seva plana web.<br>Les cookies s\u00f3n arxius que es poden descarregar en el seu equip a trav\u00e9s de les p\u00e0gines web. Son eines que juguen un paper essencial per a la prestaci\u00f3 de nombrosos serveis de la societat de la informaci\u00f3. Entre altres, permet a una p\u00e0gina web emmagatzemar i recuperar informaci\u00f3 sobre els h\u00e0bits de navegaci\u00f3 d\u2019un usuari o del seu equip i, depenent de la informaci\u00f3 obtinguda, es poden utilitzar per recon\u00e8ixer a l\u2019usuari i millorar el seu servei.<\/p>\n\n\n\n<p><strong>TIPUS DE COOKIES<\/strong><br>Segons qui sigui l&#8217;entitat que gestioni el domini des d&#8217;on s&#8217;envien les cookies i tracti les dades que s&#8217;obtinguin es poden distingir dos tipus: cookies pr\u00f2pies i cookies de tercers.<\/p>\n\n\n\n<p>Existeix tamb\u00e9 una segona classificaci\u00f3 segons el termini de temps que romanen emmagatzemades al navegador del client, podent tractar-se de cookies de sessi\u00f3 o cookies persistents.<br>\u2028Finalment, hi ha una altra classificaci\u00f3 amb cinc tipus de cookies segons la finalitat per a la qual es tractin les dades obtingudes: cookies t\u00e8cniques, cookies de personalitzaci\u00f3, cookies d&#8217;an\u00e0lisi, cookies publicit\u00e0ries i cookies de publicitat.<\/p>\n\n\n\n<p><strong>COOKIES UTILITZADES A LES XARXES<\/strong><br>A continuaci\u00f3 s\u2019identifiquen les cookies que estan sent utilitzades per aquest portal aix\u00ed com la seva tipologia i funci\u00f3:<br>La p\u00e0gina web utilitza Google Analytics, un servei d&#8217;anal\u00edtica web desenvolupada per Google, que permet el mesurament i an\u00e0lisi de la navegaci\u00f3 a les p\u00e0gines web. En el seu navegador podr\u00e0 observar 4 cookies d&#8217;aquest servei. Segons la tipologia anterior es tracta de cookies pr\u00f2pies, de sessi\u00f3 i d&#8217;an\u00e0lisi. Podeu trobar m\u00e9s informaci\u00f3 al respecte i inhabilitar l&#8217;\u00fas d&#8217;aquestes cookies.<\/p>\n\n\n\n<p>Mitjan\u00e7ant l&#8217;anal\u00edtica web s&#8217;obt\u00e9 informaci\u00f3 relativa al nombre d&#8217;usuaris que accedeixen al web, el nombre de p\u00e0gines vistes, la freq\u00fc\u00e8ncia i repetici\u00f3 de les visites, la seva durada, el navegador utilitzat, l&#8217;operador que presta el servei, l&#8217;idioma , el terminal que utilitza, o la ciutat a la qual est\u00e0 assignada la seva adre\u00e7a IP. Informaci\u00f3 que possibilita un millor i m\u00e9s apropiat servei per part d&#8217;aquest portal.<\/p>\n\n\n\n<p>Una altra de les cookies que es descarreguen \u00e9s una cookies de tipus t\u00e8cnic anomenada ASP.NET_SessionId. Aquesta cookies permet emmagatzemar un identificador \u00fanic per sessi\u00f3 a trav\u00e9s del qual \u00e9s possible vincular dades necess\u00e0ries per a possibilitar la navegaci\u00f3 en curs.<\/p>\n\n\n\n<p><strong>COOKIES DE REGISTRE<\/strong><br>Les cookies de registre es generen una vegada que l&#8217;usuari s&#8217;ha registrat o posteriorment ha obert la seva sessi\u00f3, i s&#8217;utilitzen per a identificar-li en les web i serveis amb els seg\u00fcents objectius:<br>\u2022 Mantenir a l&#8217;usuari identificat de manera que, si tanca un servei o web, el navegador o l&#8217;ordinador i en un altre moment o un altre dia torna a entrar en aquest servei o web, seguir\u00e0 identificat, facilitant aix\u00ed la seva navegaci\u00f3 sense haver de tornar a identificar-se. Aquesta funcionalitat es pot suprimir si l&#8217;usuari prem la funcionalitat \u201cSortir\u201d, de manera que aquesta cookie s&#8217;elimina i la pr\u00f2xima vegada que entre en la web l&#8217;usuari haur\u00e0 d&#8217;iniciar sessi\u00f3 per a estar identificat.<br>\u2022 Comprovar si l&#8217;usuari est\u00e0 autoritzat per a accedir a certs serveis, per exemple, per a participar en un concurs.<br>\u2022 Addicionalment, alguns serveis poden utilitzar connectors de tercers com ara Facebook, Twitter o Google. Quan l&#8217;usuari es registra en un servei amb credencials d&#8217;una xarxa social o sistema d&#8217;identificaci\u00f3 de tercers, autoritza al mateix a guardar una cookie persistent que recorda la seva identitat i li garanteix acc\u00e9s a la web fins que expira. L&#8217;usuari pot esborrar aquesta cookie i revocar l&#8217;acc\u00e9s a la web mitjan\u00e7ant xarxes socials o sistema d&#8217;identificaci\u00f3 de tercers actualitzant les seves prefer\u00e8ncies en la xarxa social que espec\u00edfica.<\/p>\n\n\n\n<p>Finalment, es descarrega una cookies de tipus t\u00e8cnic anomenada cookies_policy, pr\u00f2pia, de tipus t\u00e8cnic i de sessi\u00f3. Gestiona consentiment per a l&#8217;\u00fas de les cookies a la p\u00e0gina web, amb l&#8217;objecte de recordar aquells usuaris que les han acceptat i aquells que no, de manera que als primers no se&#8217;ls mostri informaci\u00f3 a la part superior de la p\u00e0gina referent a aix\u00f2.<\/p>\n\n\n\n<p><strong>ACCEPTACI\u00d3 POL\u00cdTICA DE COOKIES<\/strong><br>La nostra empresa assumeix que vost\u00e8 accepta l&#8217;\u00fas de cookies. No obstant aix\u00f2, mostra informaci\u00f3 sobre la seva Pol\u00edtica de cookies a la part superior de qualsevol p\u00e0gina del portal amb cada inici de sessi\u00f3 amb l&#8217;objecte que vost\u00e8 sigui conscient.<\/p>\n\n\n\n<p>Davant d&#8217;aquesta informaci\u00f3 \u00e9s possible dur a terme les seg\u00fcents accions:<\/p>\n\n\n\n<p>\u2022 Accepta cookies . No es tornar\u00e0 a visualitzar aquest av\u00eds en accedir a qualsevol p\u00e0gina del portal durant la present sessi\u00f3.<br>\u2022 Tanca. S\u2019amaga l&#8217;av\u00eds en la present p\u00e0gina.<br>\u2022 Modificar la configuraci\u00f3. Podr\u00e0 obtenir m\u00e9s informaci\u00f3 sobre qu\u00e8 s\u00f3n les cookies, con\u00e8ixer la Pol\u00edtica de cookies i modificar la configuraci\u00f3 del seu navegador.<\/p>\n\n\n\n<p>Com modificar la configuraci\u00f3 de les cookies<br>Vost\u00e8 pot restringir, bloquejar o esborrar les galetes, utilitzant el seu navegador. A cada navegador l&#8217;operativa \u00e9s diferent, la funci\u00f3 de &#8216;Ajuda&#8217; us mostrar\u00e0 com fer-ho.<\/p>\n\n\n\n<p>\u2022 Internet Explorer: windows.microsoft.com\/es-xl\/internet-explorer\/delete-manage-cookies#ie=ie-10<br>\u2022 FireFox: support.mozilla.org\/es\/kb\/Borrar%20cookies<br>\u2022 Chrome: support.google.com\/chrome\/answer\/95647?hl=es<br>\u2022 Safari: www.apple.com\/es\/privacy\/use-of-cookies\/<\/p>\n\n\n\n<p>A m\u00e9s, tamb\u00e9 pot gestionar el magatzem de cookies al seu navegador a trav\u00e9s d&#8217;eines com les seg\u00fcents:<\/p>\n\n\n\n<p>\u2022 Ghostery: www.ghostery.com\/<br>\u2022 Your l\u00ednia choices: www.youronlinechoices.com\/es\/<\/p>\n\n\n\n<div style=\"height:200px\" aria-hidden=\"true\" class=\"wp-block-spacer\"><\/div>\n","protected":false},"excerpt":{"rendered":"<p>Pol\u00edtica de cookies POL\u00cdTICA DE COOKIESJ. Vilella Felip SL li informa sobre l\u2019\u00fas de les cookies en la seva plana web.Les cookies s\u00f3n arxius que es poden descarregar en el seu equip a trav\u00e9s de les p\u00e0gines web. Son eines que juguen un paper essencial per a la prestaci\u00f3 de nombrosos serveis de la societat [&hellip;]<\/p>\n","protected":false},"author":1,"featured_media":0,"parent":0,"menu_order":0,"comment_status":"closed","ping_status":"closed","template":"","meta":{"footnotes":""},"class_list":["post-657","page","type-page","status-publish","hentry"],"yoast_head":"<!-- This site is optimized with the Yoast SEO plugin v27.4 - https:\/\/yoast.com\/product\/yoast-seo-wordpress\/ -->\n<title>Pol\u00edtica de cookies - Vilella Recicla<\/title>\n<meta name=\"robots\" content=\"noindex, follow\" \/>\n<meta property=\"og:locale\" content=\"ca_ES\" \/>\n<meta property=\"og:type\" content=\"article\" \/>\n<meta property=\"og:title\" content=\"Pol\u00edtica de cookies - Vilella Recicla\" \/>\n<meta property=\"og:description\" content=\"Pol\u00edtica de cookies POL\u00cdTICA DE COOKIESJ. Vilella Felip SL li informa sobre l\u2019\u00fas de les cookies en la seva plana web.Les cookies s\u00f3n arxius que es poden descarregar en el seu equip a trav\u00e9s de les p\u00e0gines web. Son eines que juguen un paper essencial per a la prestaci\u00f3 de nombrosos serveis de la societat [&hellip;]\" \/>\n<meta property=\"og:url\" content=\"https:\/\/www.vilellarecicla.com\/ca\/politica-de-cookies\/\" \/>\n<meta property=\"og:site_name\" content=\"Vilella Recicla\" \/>\n<meta property=\"article:modified_time\" content=\"2022-04-04T07:11:13+00:00\" \/>\n<meta name=\"twitter:card\" content=\"summary_large_image\" \/>\n<meta name=\"twitter:label1\" content=\"Temps estimat de lectura\" \/>\n\t<meta name=\"twitter:data1\" content=\"5 minuts\" \/>\n<script type=\"application\/ld+json\" class=\"yoast-schema-graph\">{\"@context\":\"https:\\\/\\\/schema.org\",\"@graph\":[{\"@type\":\"WebPage\",\"@id\":\"https:\\\/\\\/www.vilellarecicla.com\\\/ca\\\/politica-de-cookies\\\/\",\"url\":\"https:\\\/\\\/www.vilellarecicla.com\\\/ca\\\/politica-de-cookies\\\/\",\"name\":\"Pol\u00edtica de cookies - Vilella Recicla\",\"isPartOf\":{\"@id\":\"https:\\\/\\\/www.vilellarecicla.com\\\/ca\\\/#website\"},\"datePublished\":\"2022-03-23T11:35:57+00:00\",\"dateModified\":\"2022-04-04T07:11:13+00:00\",\"breadcrumb\":{\"@id\":\"https:\\\/\\\/www.vilellarecicla.com\\\/ca\\\/politica-de-cookies\\\/#breadcrumb\"},\"inLanguage\":\"ca\",\"potentialAction\":[{\"@type\":\"ReadAction\",\"target\":[\"https:\\\/\\\/www.vilellarecicla.com\\\/ca\\\/politica-de-cookies\\\/\"]}]},{\"@type\":\"BreadcrumbList\",\"@id\":\"https:\\\/\\\/www.vilellarecicla.com\\\/ca\\\/politica-de-cookies\\\/#breadcrumb\",\"itemListElement\":[{\"@type\":\"ListItem\",\"position\":1,\"name\":\"Inici\",\"item\":\"https:\\\/\\\/www.vilellarecicla.com\\\/ca\\\/\"},{\"@type\":\"ListItem\",\"position\":2,\"name\":\"Pol\u00edtica de cookies\"}]},{\"@type\":\"WebSite\",\"@id\":\"https:\\\/\\\/www.vilellarecicla.com\\\/ca\\\/#website\",\"url\":\"https:\\\/\\\/www.vilellarecicla.com\\\/ca\\\/\",\"name\":\"Vilella Recicla\",\"description\":\"Transformem residus en recursos\",\"publisher\":{\"@id\":\"https:\\\/\\\/www.vilellarecicla.com\\\/ca\\\/#organization\"},\"potentialAction\":[{\"@type\":\"SearchAction\",\"target\":{\"@type\":\"EntryPoint\",\"urlTemplate\":\"https:\\\/\\\/www.vilellarecicla.com\\\/ca\\\/?s={search_term_string}\"},\"query-input\":{\"@type\":\"PropertyValueSpecification\",\"valueRequired\":true,\"valueName\":\"search_term_string\"}}],\"inLanguage\":\"ca\"},{\"@type\":\"Organization\",\"@id\":\"https:\\\/\\\/www.vilellarecicla.com\\\/ca\\\/#organization\",\"name\":\"Vilella Recicla\",\"url\":\"https:\\\/\\\/www.vilellarecicla.com\\\/ca\\\/\",\"logo\":{\"@type\":\"ImageObject\",\"inLanguage\":\"ca\",\"@id\":\"https:\\\/\\\/www.vilellarecicla.com\\\/ca\\\/#\\\/schema\\\/logo\\\/image\\\/\",\"url\":\"https:\\\/\\\/www.vilellarecicla.com\\\/ca\\\/wp-content\\\/uploads\\\/sites\\\/4\\\/logo-Vilella_horitzontal.svg\",\"contentUrl\":\"https:\\\/\\\/www.vilellarecicla.com\\\/ca\\\/wp-content\\\/uploads\\\/sites\\\/4\\\/logo-Vilella_horitzontal.svg\",\"width\":777,\"height\":153,\"caption\":\"Vilella Recicla\"},\"image\":{\"@id\":\"https:\\\/\\\/www.vilellarecicla.com\\\/ca\\\/#\\\/schema\\\/logo\\\/image\\\/\"}}]}<\/script>\n<!-- \/ Yoast SEO plugin. -->","yoast_head_json":{"title":"Pol\u00edtica de cookies - Vilella Recicla","robots":{"index":"noindex","follow":"follow"},"og_locale":"ca_ES","og_type":"article","og_title":"Pol\u00edtica de cookies - Vilella Recicla","og_description":"Pol\u00edtica de cookies POL\u00cdTICA DE COOKIESJ. Vilella Felip SL li informa sobre l\u2019\u00fas de les cookies en la seva plana web.Les cookies s\u00f3n arxius que es poden descarregar en el seu equip a trav\u00e9s de les p\u00e0gines web. Son eines que juguen un paper essencial per a la prestaci\u00f3 de nombrosos serveis de la societat [&hellip;]","og_url":"https:\/\/www.vilellarecicla.com\/ca\/politica-de-cookies\/","og_site_name":"Vilella Recicla","article_modified_time":"2022-04-04T07:11:13+00:00","twitter_card":"summary_large_image","twitter_misc":{"Temps estimat de lectura":"5 minuts"},"schema":{"@context":"https:\/\/schema.org","@graph":[{"@type":"WebPage","@id":"https:\/\/www.vilellarecicla.com\/ca\/politica-de-cookies\/","url":"https:\/\/www.vilellarecicla.com\/ca\/politica-de-cookies\/","name":"Pol\u00edtica de cookies - Vilella Recicla","isPartOf":{"@id":"https:\/\/www.vilellarecicla.com\/ca\/#website"},"datePublished":"2022-03-23T11:35:57+00:00","dateModified":"2022-04-04T07:11:13+00:00","breadcrumb":{"@id":"https:\/\/www.vilellarecicla.com\/ca\/politica-de-cookies\/#breadcrumb"},"inLanguage":"ca","potentialAction":[{"@type":"ReadAction","target":["https:\/\/www.vilellarecicla.com\/ca\/politica-de-cookies\/"]}]},{"@type":"BreadcrumbList","@id":"https:\/\/www.vilellarecicla.com\/ca\/politica-de-cookies\/#breadcrumb","itemListElement":[{"@type":"ListItem","position":1,"name":"Inici","item":"https:\/\/www.vilellarecicla.com\/ca\/"},{"@type":"ListItem","position":2,"name":"Pol\u00edtica de cookies"}]},{"@type":"WebSite","@id":"https:\/\/www.vilellarecicla.com\/ca\/#website","url":"https:\/\/www.vilellarecicla.com\/ca\/","name":"Vilella Recicla","description":"Transformem residus en recursos","publisher":{"@id":"https:\/\/www.vilellarecicla.com\/ca\/#organization"},"potentialAction":[{"@type":"SearchAction","target":{"@type":"EntryPoint","urlTemplate":"https:\/\/www.vilellarecicla.com\/ca\/?s={search_term_string}"},"query-input":{"@type":"PropertyValueSpecification","valueRequired":true,"valueName":"search_term_string"}}],"inLanguage":"ca"},{"@type":"Organization","@id":"https:\/\/www.vilellarecicla.com\/ca\/#organization","name":"Vilella Recicla","url":"https:\/\/www.vilellarecicla.com\/ca\/","logo":{"@type":"ImageObject","inLanguage":"ca","@id":"https:\/\/www.vilellarecicla.com\/ca\/#\/schema\/logo\/image\/","url":"https:\/\/www.vilellarecicla.com\/ca\/wp-content\/uploads\/sites\/4\/logo-Vilella_horitzontal.svg","contentUrl":"https:\/\/www.vilellarecicla.com\/ca\/wp-content\/uploads\/sites\/4\/logo-Vilella_horitzontal.svg","width":777,"height":153,"caption":"Vilella Recicla"},"image":{"@id":"https:\/\/www.vilellarecicla.com\/ca\/#\/schema\/logo\/image\/"}}]}},"_links":{"self":[{"href":"https:\/\/www.vilellarecicla.com\/ca\/wp-json\/wp\/v2\/pages\/657","targetHints":{"allow":["GET"]}}],"collection":[{"href":"https:\/\/www.vilellarecicla.com\/ca\/wp-json\/wp\/v2\/pages"}],"about":[{"href":"https:\/\/www.vilellarecicla.com\/ca\/wp-json\/wp\/v2\/types\/page"}],"author":[{"embeddable":true,"href":"https:\/\/www.vilellarecicla.com\/ca\/wp-json\/wp\/v2\/users\/1"}],"replies":[{"embeddable":true,"href":"https:\/\/www.vilellarecicla.com\/ca\/wp-json\/wp\/v2\/comments?post=657"}],"version-history":[{"count":2,"href":"https:\/\/www.vilellarecicla.com\/ca\/wp-json\/wp\/v2\/pages\/657\/revisions"}],"predecessor-version":[{"id":681,"href":"https:\/\/www.vilellarecicla.com\/ca\/wp-json\/wp\/v2\/pages\/657\/revisions\/681"}],"wp:attachment":[{"href":"https:\/\/www.vilellarecicla.com\/ca\/wp-json\/wp\/v2\/media?parent=657"}],"curies":[{"name":"wp","href":"https:\/\/api.w.org\/{rel}","templated":true}]}}