{"id":71,"date":"2022-02-24T08:50:28","date_gmt":"2022-02-24T07:50:28","guid":{"rendered":"https:\/\/www.vilellarecicla.com\/?page_id=71"},"modified":"2022-04-22T15:08:12","modified_gmt":"2022-04-22T13:08:12","slug":"desballestaments-industrials","status":"publish","type":"page","link":"https:\/\/www.vilellarecicla.com\/ca\/desballestaments-industrials\/","title":{"rendered":"Desballestaments industrials"},"content":{"rendered":"\t\t<div data-elementor-type=\"wp-page\" data-elementor-id=\"71\" class=\"elementor elementor-71\" data-elementor-post-type=\"page\">\n\t\t\t\t\t\t<section class=\"elementor-section elementor-top-section elementor-element elementor-element-cb559fe elementor-section-full_width elementor-section-height-default elementor-section-height-default\" data-id=\"cb559fe\" data-element_type=\"section\">\n\t\t\t\t\t\t<div class=\"elementor-container elementor-column-gap-default\">\n\t\t\t\t\t<div class=\"elementor-column elementor-col-100 elementor-top-column elementor-element elementor-element-f290547\" data-id=\"f290547\" data-element_type=\"column\">\n\t\t\t<div class=\"elementor-widget-wrap elementor-element-populated\">\n\t\t\t\t\t\t<div class=\"elementor-element elementor-element-39a87ab elementor--v-position-bottom elementor--h-position-center elementor-arrows-position-inside elementor-pagination-position-inside elementor-widget elementor-widget-slides\" data-id=\"39a87ab\" data-element_type=\"widget\" data-settings=\"{&quot;transition&quot;:&quot;fade&quot;,&quot;navigation&quot;:&quot;both&quot;,&quot;autoplay&quot;:&quot;yes&quot;,&quot;pause_on_hover&quot;:&quot;yes&quot;,&quot;pause_on_interaction&quot;:&quot;yes&quot;,&quot;autoplay_speed&quot;:5000,&quot;infinite&quot;:&quot;yes&quot;,&quot;transition_speed&quot;:500}\" data-widget_type=\"slides.default\">\n\t\t\t\t<div class=\"elementor-widget-container\">\n\t\t\t\t\t\t\t\t\t<div class=\"elementor-swiper\">\n\t\t\t\t\t<div class=\"elementor-slides-wrapper elementor-main-swiper swiper\" role=\"region\" aria-roledescription=\"carousel\" aria-label=\"Diapositives\" dir=\"ltr\" data-animation=\"fadeInUp\">\n\t\t\t\t<div class=\"swiper-wrapper elementor-slides\">\n\t\t\t\t\t\t\t\t\t\t<div class=\"elementor-repeater-item-c73533d swiper-slide\" role=\"group\" aria-roledescription=\"slide\"><div class=\"swiper-slide-bg\" role=\"img\"><\/div><div class=\"swiper-slide-inner\" ><div class=\"swiper-slide-contents\"><div class=\"elementor-slide-heading\">DESBALLESTAMENTS INDUSTRIALS<\/div><\/div><\/div><\/div>\t\t\t\t<\/div>\n\t\t\t\t\t\t\t<\/div>\n\t\t\t\t<\/div>\n\t\t\t\t\t\t\t\t<\/div>\n\t\t\t\t<\/div>\n\t\t\t\t<div class=\"elementor-element elementor-element-0ccc20c elementor-hidden-desktop elementor-hidden-tablet elementor-hidden-mobile elementor-widget elementor-widget-heading\" data-id=\"0ccc20c\" data-element_type=\"widget\" data-widget_type=\"heading.default\">\n\t\t\t\t<div class=\"elementor-widget-container\">\n\t\t\t\t\t<h1 class=\"elementor-heading-title elementor-size-default\">Desballestaments industrials<\/h1>\t\t\t\t<\/div>\n\t\t\t\t<\/div>\n\t\t\t\t\t<\/div>\n\t\t<\/div>\n\t\t\t\t\t<\/div>\n\t\t<\/section>\n\t\t\t\t<section class=\"elementor-section elementor-top-section elementor-element elementor-element-43ae2a2 elementor-section-boxed elementor-section-height-default elementor-section-height-default\" data-id=\"43ae2a2\" data-element_type=\"section\">\n\t\t\t\t\t\t<div class=\"elementor-container elementor-column-gap-wider\">\n\t\t\t\t\t<div class=\"elementor-column elementor-col-50 elementor-top-column elementor-element elementor-element-c7a5a13\" data-id=\"c7a5a13\" data-element_type=\"column\">\n\t\t\t<div class=\"elementor-widget-wrap elementor-element-populated\">\n\t\t\t\t\t\t<div class=\"elementor-element elementor-element-5fedee3 elementor-widget elementor-widget-image\" data-id=\"5fedee3\" data-element_type=\"widget\" data-widget_type=\"image.default\">\n\t\t\t\t<div class=\"elementor-widget-container\">\n\t\t\t\t\t\t\t\t\t\t\t\t\t\t\t<img decoding=\"async\" width=\"256\" height=\"133\" src=\"https:\/\/www.vilellarecicla.com\/ca\/wp-content\/uploads\/sites\/4\/fletxa2_vilella.svg\" class=\"attachment-large size-large wp-image-465\" alt=\"\" \/>\t\t\t\t\t\t\t\t\t\t\t\t\t\t\t<\/div>\n\t\t\t\t<\/div>\n\t\t\t\t<div class=\"elementor-element elementor-element-3c1d4fb elementor-widget elementor-widget-heading\" data-id=\"3c1d4fb\" data-element_type=\"widget\" data-widget_type=\"heading.default\">\n\t\t\t\t<div class=\"elementor-widget-container\">\n\t\t\t\t\t<h2 class=\"elementor-heading-title elementor-size-default\">COMPTEM AMB ELS\n<b>PROFESSIONALS I LA MAQUIN\u00c0RIA<\/b> PER A QUALSEVOL DESMUNTATGE INDUSTRIAL<\/h2>\t\t\t\t<\/div>\n\t\t\t\t<\/div>\n\t\t\t\t\t<\/div>\n\t\t<\/div>\n\t\t\t\t<div class=\"elementor-column elementor-col-50 elementor-top-column elementor-element elementor-element-b7abd6a\" data-id=\"b7abd6a\" data-element_type=\"column\">\n\t\t\t<div class=\"elementor-widget-wrap elementor-element-populated\">\n\t\t\t\t\t\t<div class=\"elementor-element elementor-element-213f91b elementor-widget elementor-widget-text-editor\" data-id=\"213f91b\" data-element_type=\"widget\" data-widget_type=\"text-editor.default\">\n\t\t\t\t<div class=\"elementor-widget-container\">\n\t\t\t\t\t\t\t\t\t<p><strong>Comptem amb maquin\u00e0ria d&#8217;\u00faltima tecnologia i amb personal altament qualificat<\/strong> per dur a terme qualsevol desmuntatge i desballestament industrial.<\/p>\t\t\t\t\t\t\t\t<\/div>\n\t\t\t\t<\/div>\n\t\t\t\t\t<\/div>\n\t\t<\/div>\n\t\t\t\t\t<\/div>\n\t\t<\/section>\n\t\t\t\t<section class=\"elementor-section elementor-top-section elementor-element elementor-element-2d18bb8 elementor-section-boxed elementor-section-height-default elementor-section-height-default\" data-id=\"2d18bb8\" data-element_type=\"section\">\n\t\t\t\t\t\t<div class=\"elementor-container elementor-column-gap-default\">\n\t\t\t\t\t<div class=\"elementor-column elementor-col-100 elementor-top-column elementor-element elementor-element-5a2cc39\" data-id=\"5a2cc39\" data-element_type=\"column\">\n\t\t\t<div class=\"elementor-widget-wrap elementor-element-populated\">\n\t\t\t\t\t\t<div class=\"elementor-element elementor-element-eb1990e elementor-widget elementor-widget-gallery\" data-id=\"eb1990e\" data-element_type=\"widget\" data-settings=\"{&quot;columns&quot;:2,&quot;gap&quot;:{&quot;unit&quot;:&quot;px&quot;,&quot;size&quot;:30,&quot;sizes&quot;:[]},&quot;aspect_ratio&quot;:&quot;1:1&quot;,&quot;lazyload&quot;:&quot;yes&quot;,&quot;gallery_layout&quot;:&quot;grid&quot;,&quot;columns_tablet&quot;:2,&quot;columns_mobile&quot;:1,&quot;gap_tablet&quot;:{&quot;unit&quot;:&quot;px&quot;,&quot;size&quot;:10,&quot;sizes&quot;:[]},&quot;gap_mobile&quot;:{&quot;unit&quot;:&quot;px&quot;,&quot;size&quot;:10,&quot;sizes&quot;:[]},&quot;content_hover_animation&quot;:&quot;fade-in&quot;}\" data-widget_type=\"gallery.default\">\n\t\t\t\t<div class=\"elementor-widget-container\">\n\t\t\t\t\t\t\t<div class=\"elementor-gallery__container\">\n\t\t\t\t\t\t\t<div class=\"e-gallery-item elementor-gallery-item elementor-animated-content\">\n\t\t\t\t\t<div class=\"e-gallery-image elementor-gallery-item__image\" data-thumbnail=\"https:\/\/www.vilellarecicla.com\/ca\/wp-content\/uploads\/sites\/4\/silo-arboc-blau.jpg\" data-width=\"1200\" data-height=\"1600\" aria-label=\"\" role=\"img\" ><\/div>\n\t\t\t\t\t\t\t\t\t\t\t\t\t\t<\/div>\n\t\t\t\t\t\t\t<div class=\"e-gallery-item elementor-gallery-item elementor-animated-content\">\n\t\t\t\t\t<div class=\"e-gallery-image elementor-gallery-item__image\" data-thumbnail=\"https:\/\/www.vilellarecicla.com\/ca\/wp-content\/uploads\/sites\/4\/johny-esquenes.jpg\" data-width=\"1600\" data-height=\"1201\" aria-label=\"\" role=\"img\" ><\/div>\n\t\t\t\t\t\t\t\t\t\t\t\t\t\t<\/div>\n\t\t\t\t\t<\/div>\n\t\t\t\t\t<\/div>\n\t\t\t\t<\/div>\n\t\t\t\t\t<\/div>\n\t\t<\/div>\n\t\t\t\t\t<\/div>\n\t\t<\/section>\n\t\t\t\t<\/div>\n\t\t","protected":false},"excerpt":{"rendered":"<p>DESBALLESTAMENTS INDUSTRIALS COMPTEM AMB ELS PROFESSIONALS I LA MAQUIN\u00c0RIA PER A QUALSEVOL DESMUNTATGE INDUSTRIAL Comptem amb maquin\u00e0ria d&#8217;\u00faltima tecnologia i amb personal altament qualificat per dur a terme qualsevol desmuntatge i desballestament industrial.<\/p>\n","protected":false},"author":1,"featured_media":0,"parent":0,"menu_order":0,"comment_status":"closed","ping_status":"closed","template":"","meta":{"footnotes":""},"class_list":["post-71","page","type-page","status-publish","hentry"],"yoast_head":"<!-- This site is optimized with the Yoast SEO plugin v27.3 - https:\/\/yoast.com\/product\/yoast-seo-wordpress\/ -->\n<title>Desballestaments industrials - Vilella Recicla<\/title>\n<meta name=\"robots\" content=\"index, follow, max-snippet:-1, max-image-preview:large, max-video-preview:-1\" \/>\n<link rel=\"canonical\" href=\"https:\/\/www.vilellarecicla.com\/ca\/desballestaments-industrials\/\" \/>\n<meta property=\"og:locale\" content=\"ca_ES\" \/>\n<meta property=\"og:type\" content=\"article\" \/>\n<meta property=\"og:title\" content=\"Desballestaments industrials - Vilella Recicla\" \/>\n<meta property=\"og:description\" content=\"DESBALLESTAMENTS INDUSTRIALS COMPTEM AMB ELS PROFESSIONALS I LA MAQUIN\u00c0RIA PER A QUALSEVOL DESMUNTATGE INDUSTRIAL Comptem amb maquin\u00e0ria d&#8217;\u00faltima tecnologia i amb personal altament qualificat per dur a terme qualsevol desmuntatge i desballestament industrial.\" \/>\n<meta property=\"og:url\" content=\"https:\/\/www.vilellarecicla.com\/ca\/desballestaments-industrials\/\" \/>\n<meta property=\"og:site_name\" content=\"Vilella Recicla\" \/>\n<meta property=\"article:modified_time\" content=\"2022-04-22T13:08:12+00:00\" \/>\n<meta property=\"og:image\" content=\"https:\/\/www.vilellarecicla.com\/wp-content\/uploads\/sites\/4\/fletxa2_vilella.svg\" \/>\n<meta name=\"twitter:card\" content=\"summary_large_image\" \/>\n<meta name=\"twitter:label1\" content=\"Temps estimat de lectura\" \/>\n\t<meta name=\"twitter:data1\" content=\"1 minut\" \/>\n<script type=\"application\/ld+json\" class=\"yoast-schema-graph\">{\"@context\":\"https:\\\/\\\/schema.org\",\"@graph\":[{\"@type\":\"WebPage\",\"@id\":\"https:\\\/\\\/www.vilellarecicla.com\\\/ca\\\/desballestaments-industrials\\\/\",\"url\":\"https:\\\/\\\/www.vilellarecicla.com\\\/ca\\\/desballestaments-industrials\\\/\",\"name\":\"Desballestaments industrials - Vilella Recicla\",\"isPartOf\":{\"@id\":\"https:\\\/\\\/www.vilellarecicla.com\\\/ca\\\/#website\"},\"primaryImageOfPage\":{\"@id\":\"https:\\\/\\\/www.vilellarecicla.com\\\/ca\\\/desballestaments-industrials\\\/#primaryimage\"},\"image\":{\"@id\":\"https:\\\/\\\/www.vilellarecicla.com\\\/ca\\\/desballestaments-industrials\\\/#primaryimage\"},\"thumbnailUrl\":\"https:\\\/\\\/www.vilellarecicla.com\\\/wp-content\\\/uploads\\\/sites\\\/4\\\/fletxa2_vilella.svg\",\"datePublished\":\"2022-02-24T07:50:28+00:00\",\"dateModified\":\"2022-04-22T13:08:12+00:00\",\"breadcrumb\":{\"@id\":\"https:\\\/\\\/www.vilellarecicla.com\\\/ca\\\/desballestaments-industrials\\\/#breadcrumb\"},\"inLanguage\":\"ca\",\"potentialAction\":[{\"@type\":\"ReadAction\",\"target\":[\"https:\\\/\\\/www.vilellarecicla.com\\\/ca\\\/desballestaments-industrials\\\/\"]}]},{\"@type\":\"ImageObject\",\"inLanguage\":\"ca\",\"@id\":\"https:\\\/\\\/www.vilellarecicla.com\\\/ca\\\/desballestaments-industrials\\\/#primaryimage\",\"url\":\"https:\\\/\\\/www.vilellarecicla.com\\\/wp-content\\\/uploads\\\/sites\\\/4\\\/fletxa2_vilella.svg\",\"contentUrl\":\"https:\\\/\\\/www.vilellarecicla.com\\\/wp-content\\\/uploads\\\/sites\\\/4\\\/fletxa2_vilella.svg\"},{\"@type\":\"BreadcrumbList\",\"@id\":\"https:\\\/\\\/www.vilellarecicla.com\\\/ca\\\/desballestaments-industrials\\\/#breadcrumb\",\"itemListElement\":[{\"@type\":\"ListItem\",\"position\":1,\"name\":\"Inici\",\"item\":\"https:\\\/\\\/www.vilellarecicla.com\\\/ca\\\/\"},{\"@type\":\"ListItem\",\"position\":2,\"name\":\"Desballestaments industrials\"}]},{\"@type\":\"WebSite\",\"@id\":\"https:\\\/\\\/www.vilellarecicla.com\\\/ca\\\/#website\",\"url\":\"https:\\\/\\\/www.vilellarecicla.com\\\/ca\\\/\",\"name\":\"Vilella Recicla\",\"description\":\"Transformem residus en recursos\",\"publisher\":{\"@id\":\"https:\\\/\\\/www.vilellarecicla.com\\\/ca\\\/#organization\"},\"potentialAction\":[{\"@type\":\"SearchAction\",\"target\":{\"@type\":\"EntryPoint\",\"urlTemplate\":\"https:\\\/\\\/www.vilellarecicla.com\\\/ca\\\/?s={search_term_string}\"},\"query-input\":{\"@type\":\"PropertyValueSpecification\",\"valueRequired\":true,\"valueName\":\"search_term_string\"}}],\"inLanguage\":\"ca\"},{\"@type\":\"Organization\",\"@id\":\"https:\\\/\\\/www.vilellarecicla.com\\\/ca\\\/#organization\",\"name\":\"Vilella Recicla\",\"url\":\"https:\\\/\\\/www.vilellarecicla.com\\\/ca\\\/\",\"logo\":{\"@type\":\"ImageObject\",\"inLanguage\":\"ca\",\"@id\":\"https:\\\/\\\/www.vilellarecicla.com\\\/ca\\\/#\\\/schema\\\/logo\\\/image\\\/\",\"url\":\"https:\\\/\\\/www.vilellarecicla.com\\\/ca\\\/wp-content\\\/uploads\\\/sites\\\/4\\\/logo-Vilella_horitzontal.svg\",\"contentUrl\":\"https:\\\/\\\/www.vilellarecicla.com\\\/ca\\\/wp-content\\\/uploads\\\/sites\\\/4\\\/logo-Vilella_horitzontal.svg\",\"width\":777,\"height\":153,\"caption\":\"Vilella Recicla\"},\"image\":{\"@id\":\"https:\\\/\\\/www.vilellarecicla.com\\\/ca\\\/#\\\/schema\\\/logo\\\/image\\\/\"}}]}<\/script>\n<!-- \/ Yoast SEO plugin. -->","yoast_head_json":{"title":"Desballestaments industrials - Vilella Recicla","robots":{"index":"index","follow":"follow","max-snippet":"max-snippet:-1","max-image-preview":"max-image-preview:large","max-video-preview":"max-video-preview:-1"},"canonical":"https:\/\/www.vilellarecicla.com\/ca\/desballestaments-industrials\/","og_locale":"ca_ES","og_type":"article","og_title":"Desballestaments industrials - Vilella Recicla","og_description":"DESBALLESTAMENTS INDUSTRIALS COMPTEM AMB ELS PROFESSIONALS I LA MAQUIN\u00c0RIA PER A QUALSEVOL DESMUNTATGE INDUSTRIAL Comptem amb maquin\u00e0ria d&#8217;\u00faltima tecnologia i amb personal altament qualificat per dur a terme qualsevol desmuntatge i desballestament industrial.","og_url":"https:\/\/www.vilellarecicla.com\/ca\/desballestaments-industrials\/","og_site_name":"Vilella Recicla","article_modified_time":"2022-04-22T13:08:12+00:00","og_image":[{"url":"https:\/\/www.vilellarecicla.com\/wp-content\/uploads\/sites\/4\/fletxa2_vilella.svg","type":"","width":"","height":""}],"twitter_card":"summary_large_image","twitter_misc":{"Temps estimat de lectura":"1 minut"},"schema":{"@context":"https:\/\/schema.org","@graph":[{"@type":"WebPage","@id":"https:\/\/www.vilellarecicla.com\/ca\/desballestaments-industrials\/","url":"https:\/\/www.vilellarecicla.com\/ca\/desballestaments-industrials\/","name":"Desballestaments industrials - Vilella Recicla","isPartOf":{"@id":"https:\/\/www.vilellarecicla.com\/ca\/#website"},"primaryImageOfPage":{"@id":"https:\/\/www.vilellarecicla.com\/ca\/desballestaments-industrials\/#primaryimage"},"image":{"@id":"https:\/\/www.vilellarecicla.com\/ca\/desballestaments-industrials\/#primaryimage"},"thumbnailUrl":"https:\/\/www.vilellarecicla.com\/wp-content\/uploads\/sites\/4\/fletxa2_vilella.svg","datePublished":"2022-02-24T07:50:28+00:00","dateModified":"2022-04-22T13:08:12+00:00","breadcrumb":{"@id":"https:\/\/www.vilellarecicla.com\/ca\/desballestaments-industrials\/#breadcrumb"},"inLanguage":"ca","potentialAction":[{"@type":"ReadAction","target":["https:\/\/www.vilellarecicla.com\/ca\/desballestaments-industrials\/"]}]},{"@type":"ImageObject","inLanguage":"ca","@id":"https:\/\/www.vilellarecicla.com\/ca\/desballestaments-industrials\/#primaryimage","url":"https:\/\/www.vilellarecicla.com\/wp-content\/uploads\/sites\/4\/fletxa2_vilella.svg","contentUrl":"https:\/\/www.vilellarecicla.com\/wp-content\/uploads\/sites\/4\/fletxa2_vilella.svg"},{"@type":"BreadcrumbList","@id":"https:\/\/www.vilellarecicla.com\/ca\/desballestaments-industrials\/#breadcrumb","itemListElement":[{"@type":"ListItem","position":1,"name":"Inici","item":"https:\/\/www.vilellarecicla.com\/ca\/"},{"@type":"ListItem","position":2,"name":"Desballestaments industrials"}]},{"@type":"WebSite","@id":"https:\/\/www.vilellarecicla.com\/ca\/#website","url":"https:\/\/www.vilellarecicla.com\/ca\/","name":"Vilella Recicla","description":"Transformem residus en recursos","publisher":{"@id":"https:\/\/www.vilellarecicla.com\/ca\/#organization"},"potentialAction":[{"@type":"SearchAction","target":{"@type":"EntryPoint","urlTemplate":"https:\/\/www.vilellarecicla.com\/ca\/?s={search_term_string}"},"query-input":{"@type":"PropertyValueSpecification","valueRequired":true,"valueName":"search_term_string"}}],"inLanguage":"ca"},{"@type":"Organization","@id":"https:\/\/www.vilellarecicla.com\/ca\/#organization","name":"Vilella Recicla","url":"https:\/\/www.vilellarecicla.com\/ca\/","logo":{"@type":"ImageObject","inLanguage":"ca","@id":"https:\/\/www.vilellarecicla.com\/ca\/#\/schema\/logo\/image\/","url":"https:\/\/www.vilellarecicla.com\/ca\/wp-content\/uploads\/sites\/4\/logo-Vilella_horitzontal.svg","contentUrl":"https:\/\/www.vilellarecicla.com\/ca\/wp-content\/uploads\/sites\/4\/logo-Vilella_horitzontal.svg","width":777,"height":153,"caption":"Vilella Recicla"},"image":{"@id":"https:\/\/www.vilellarecicla.com\/ca\/#\/schema\/logo\/image\/"}}]}},"_links":{"self":[{"href":"https:\/\/www.vilellarecicla.com\/ca\/wp-json\/wp\/v2\/pages\/71","targetHints":{"allow":["GET"]}}],"collection":[{"href":"https:\/\/www.vilellarecicla.com\/ca\/wp-json\/wp\/v2\/pages"}],"about":[{"href":"https:\/\/www.vilellarecicla.com\/ca\/wp-json\/wp\/v2\/types\/page"}],"author":[{"embeddable":true,"href":"https:\/\/www.vilellarecicla.com\/ca\/wp-json\/wp\/v2\/users\/1"}],"replies":[{"embeddable":true,"href":"https:\/\/www.vilellarecicla.com\/ca\/wp-json\/wp\/v2\/comments?post=71"}],"version-history":[{"count":7,"href":"https:\/\/www.vilellarecicla.com\/ca\/wp-json\/wp\/v2\/pages\/71\/revisions"}],"predecessor-version":[{"id":722,"href":"https:\/\/www.vilellarecicla.com\/ca\/wp-json\/wp\/v2\/pages\/71\/revisions\/722"}],"wp:attachment":[{"href":"https:\/\/www.vilellarecicla.com\/ca\/wp-json\/wp\/v2\/media?parent=71"}],"curies":[{"name":"wp","href":"https:\/\/api.w.org\/{rel}","templated":true}]}}