{"id":740,"date":"2022-06-16T17:04:46","date_gmt":"2022-06-16T15:04:46","guid":{"rendered":"https:\/\/www.vilellarecicla.com\/ca\/?page_id=740"},"modified":"2022-06-16T17:14:33","modified_gmt":"2022-06-16T15:14:33","slug":"certificat-iso-i-emas","status":"publish","type":"page","link":"https:\/\/www.vilellarecicla.com\/ca\/sobre-nosaltres\/certificat-iso-i-emas\/","title":{"rendered":"Certificat ISO i EMAS"},"content":{"rendered":"\t\t<div data-elementor-type=\"wp-page\" data-elementor-id=\"740\" class=\"elementor elementor-740\" data-elementor-post-type=\"page\">\n\t\t\t\t\t\t<section class=\"elementor-section elementor-top-section elementor-element elementor-element-c71ef3d elementor-section-full_width elementor-section-height-default elementor-section-height-default\" data-id=\"c71ef3d\" data-element_type=\"section\">\n\t\t\t\t\t\t<div class=\"elementor-container elementor-column-gap-default\">\n\t\t\t\t\t<div class=\"elementor-column elementor-col-100 elementor-top-column elementor-element elementor-element-44377bc\" data-id=\"44377bc\" data-element_type=\"column\">\n\t\t\t<div class=\"elementor-widget-wrap elementor-element-populated\">\n\t\t\t\t\t\t<div class=\"elementor-element elementor-element-6c578fd elementor--v-position-bottom elementor--h-position-center elementor-arrows-position-inside elementor-pagination-position-inside elementor-widget elementor-widget-slides\" data-id=\"6c578fd\" data-element_type=\"widget\" data-settings=\"{&quot;transition&quot;:&quot;fade&quot;,&quot;navigation&quot;:&quot;both&quot;,&quot;autoplay&quot;:&quot;yes&quot;,&quot;pause_on_hover&quot;:&quot;yes&quot;,&quot;pause_on_interaction&quot;:&quot;yes&quot;,&quot;autoplay_speed&quot;:5000,&quot;infinite&quot;:&quot;yes&quot;,&quot;transition_speed&quot;:500}\" data-widget_type=\"slides.default\">\n\t\t\t\t<div class=\"elementor-widget-container\">\n\t\t\t\t\t\t\t\t\t<div class=\"elementor-swiper\">\n\t\t\t\t\t<div class=\"elementor-slides-wrapper elementor-main-swiper swiper\" role=\"region\" aria-roledescription=\"carousel\" aria-label=\"Diapositives\" dir=\"ltr\" data-animation=\"fadeInUp\">\n\t\t\t\t<div class=\"swiper-wrapper elementor-slides\">\n\t\t\t\t\t\t\t\t\t\t<div class=\"elementor-repeater-item-c73533d swiper-slide\" role=\"group\" aria-roledescription=\"slide\"><div class=\"swiper-slide-bg\" role=\"img\"><\/div><div class=\"elementor-background-overlay\"><\/div><div class=\"swiper-slide-inner\" ><div class=\"swiper-slide-contents\"><div class=\"elementor-slide-heading\">CERTIFICAT ISO i EMAS<\/div><div class=\"elementor-slide-description\">A la nostra planta de tractament Ctra. LL-11 km. 3,2 (rotonda d'acc\u00e9s als Alam\u00fas), Lleida<\/div><\/div><\/div><\/div>\t\t\t\t<\/div>\n\t\t\t\t\t\t\t<\/div>\n\t\t\t\t<\/div>\n\t\t\t\t\t\t\t\t<\/div>\n\t\t\t\t<\/div>\n\t\t\t\t<div class=\"elementor-element elementor-element-09169e4 elementor-hidden-desktop elementor-hidden-tablet elementor-hidden-mobile elementor-widget elementor-widget-heading\" data-id=\"09169e4\" data-element_type=\"widget\" data-widget_type=\"heading.default\">\n\t\t\t\t<div class=\"elementor-widget-container\">\n\t\t\t\t\t<h1 class=\"elementor-heading-title elementor-size-default\">Certificat ISO i EMAS<\/h1>\t\t\t\t<\/div>\n\t\t\t\t<\/div>\n\t\t\t\t\t<\/div>\n\t\t<\/div>\n\t\t\t\t\t<\/div>\n\t\t<\/section>\n\t\t\t\t<section class=\"elementor-section elementor-top-section elementor-element elementor-element-0c5e546 elementor-section-boxed elementor-section-height-default elementor-section-height-default\" data-id=\"0c5e546\" data-element_type=\"section\">\n\t\t\t\t\t\t<div class=\"elementor-container elementor-column-gap-wider\">\n\t\t\t\t\t<div class=\"elementor-column elementor-col-50 elementor-top-column elementor-element elementor-element-b22e54d\" data-id=\"b22e54d\" data-element_type=\"column\">\n\t\t\t<div class=\"elementor-widget-wrap elementor-element-populated\">\n\t\t\t\t\t\t<div class=\"elementor-element elementor-element-65baefb elementor-widget elementor-widget-text-editor\" data-id=\"65baefb\" data-element_type=\"widget\" data-widget_type=\"text-editor.default\">\n\t\t\t\t<div class=\"elementor-widget-container\">\n\t\t\t\t\t\t\t\t\t<h2>ISO<\/h2><p>N\u00famero certificat:<br \/><strong>ES22\/211198<\/strong><\/p>\t\t\t\t\t\t\t\t<\/div>\n\t\t\t\t<\/div>\n\t\t\t\t<div class=\"elementor-element elementor-element-dfdb021 elementor-widget elementor-widget-image\" data-id=\"dfdb021\" data-element_type=\"widget\" data-widget_type=\"image.default\">\n\t\t\t\t<div class=\"elementor-widget-container\">\n\t\t\t\t\t\t\t\t\t\t\t\t\t\t\t\t<a href=\"https:\/\/www.vilellarecicla.com\/ca\/wp-content\/uploads\/sites\/4\/Certificat-ISO-ES22211198_cat.pdf\" target=\"_blank\">\n\t\t\t\t\t\t\t<img fetchpriority=\"high\" decoding=\"async\" width=\"1000\" height=\"1414\" src=\"https:\/\/www.vilellarecicla.com\/ca\/wp-content\/uploads\/sites\/4\/certificat-iso-es22-211198-cat.png\" class=\"attachment-full size-full wp-image-746\" alt=\"\" srcset=\"https:\/\/www.vilellarecicla.com\/ca\/wp-content\/uploads\/sites\/4\/certificat-iso-es22-211198-cat.png 1000w, https:\/\/www.vilellarecicla.com\/ca\/wp-content\/uploads\/sites\/4\/certificat-iso-es22-211198-cat-212x300.png 212w, https:\/\/www.vilellarecicla.com\/ca\/wp-content\/uploads\/sites\/4\/certificat-iso-es22-211198-cat-724x1024.png 724w, https:\/\/www.vilellarecicla.com\/ca\/wp-content\/uploads\/sites\/4\/certificat-iso-es22-211198-cat-768x1086.png 768w\" sizes=\"(max-width: 1000px) 100vw, 1000px\" \/>\t\t\t\t\t\t\t\t<\/a>\n\t\t\t\t\t\t\t\t\t\t\t\t\t\t\t<\/div>\n\t\t\t\t<\/div>\n\t\t\t\t\t<\/div>\n\t\t<\/div>\n\t\t\t\t<div class=\"elementor-column elementor-col-50 elementor-top-column elementor-element elementor-element-94d45a5\" data-id=\"94d45a5\" data-element_type=\"column\">\n\t\t\t<div class=\"elementor-widget-wrap elementor-element-populated\">\n\t\t\t\t\t\t<div class=\"elementor-element elementor-element-dd2af52 elementor-widget elementor-widget-text-editor\" data-id=\"dd2af52\" data-element_type=\"widget\" data-widget_type=\"text-editor.default\">\n\t\t\t\t<div class=\"elementor-widget-container\">\n\t\t\t\t\t\t\t\t\t<h2>EMAS<\/h2><p>N\u00famero de registre:<br \/><strong>ES-CAT-000493<\/strong><\/p>\t\t\t\t\t\t\t\t<\/div>\n\t\t\t\t<\/div>\n\t\t\t\t<div class=\"elementor-element elementor-element-fd64d96 elementor-widget elementor-widget-image\" data-id=\"fd64d96\" data-element_type=\"widget\" data-widget_type=\"image.default\">\n\t\t\t\t<div class=\"elementor-widget-container\">\n\t\t\t\t\t\t\t\t\t\t\t\t\t\t\t\t<a href=\"https:\/\/www.vilellarecicla.com\/ca\/wp-content\/uploads\/sites\/4\/Certificat-Registre-EMAS-nu\u0301m.-ES-CAT-000493.pdf\" target=\"_blank\">\n\t\t\t\t\t\t\t<img decoding=\"async\" width=\"1000\" height=\"1330\" src=\"https:\/\/www.vilellarecicla.com\/ca\/wp-content\/uploads\/sites\/4\/certificat-registre-es-cat-000493-cat.png\" class=\"attachment-full size-full wp-image-751\" alt=\"\" srcset=\"https:\/\/www.vilellarecicla.com\/ca\/wp-content\/uploads\/sites\/4\/certificat-registre-es-cat-000493-cat.png 1000w, https:\/\/www.vilellarecicla.com\/ca\/wp-content\/uploads\/sites\/4\/certificat-registre-es-cat-000493-cat-226x300.png 226w, https:\/\/www.vilellarecicla.com\/ca\/wp-content\/uploads\/sites\/4\/certificat-registre-es-cat-000493-cat-770x1024.png 770w, https:\/\/www.vilellarecicla.com\/ca\/wp-content\/uploads\/sites\/4\/certificat-registre-es-cat-000493-cat-768x1021.png 768w\" sizes=\"(max-width: 1000px) 100vw, 1000px\" \/>\t\t\t\t\t\t\t\t<\/a>\n\t\t\t\t\t\t\t\t\t\t\t\t\t\t\t<\/div>\n\t\t\t\t<\/div>\n\t\t\t\t\t<\/div>\n\t\t<\/div>\n\t\t\t\t\t<\/div>\n\t\t<\/section>\n\t\t\t\t<\/div>\n\t\t","protected":false},"excerpt":{"rendered":"<p>CERTIFICAT ISO i EMASA la nostra planta de tractament Ctra. LL-11 km. 3,2 (rotonda d&#8217;acc\u00e9s als Alam\u00fas), Lleida ISO N\u00famero certificat:ES22\/211198 EMAS N\u00famero de registre:ES-CAT-000493<\/p>\n","protected":false},"author":1,"featured_media":0,"parent":18,"menu_order":0,"comment_status":"closed","ping_status":"closed","template":"","meta":{"footnotes":""},"class_list":["post-740","page","type-page","status-publish","hentry"],"yoast_head":"<!-- This site is optimized with the Yoast SEO plugin v27.4 - https:\/\/yoast.com\/product\/yoast-seo-wordpress\/ -->\n<title>Certificat ISO i EMAS - Vilella Recicla<\/title>\n<meta name=\"robots\" content=\"index, follow, max-snippet:-1, max-image-preview:large, max-video-preview:-1\" \/>\n<link rel=\"canonical\" href=\"https:\/\/www.vilellarecicla.com\/ca\/sobre-nosaltres\/certificat-iso-i-emas\/\" \/>\n<meta property=\"og:locale\" content=\"ca_ES\" \/>\n<meta property=\"og:type\" content=\"article\" \/>\n<meta property=\"og:title\" content=\"Certificat ISO i EMAS - Vilella Recicla\" \/>\n<meta property=\"og:description\" content=\"CERTIFICAT ISO i EMASA la nostra planta de tractament Ctra. LL-11 km. 3,2 (rotonda d&#8217;acc\u00e9s als Alam\u00fas), Lleida ISO N\u00famero certificat:ES22\/211198 EMAS N\u00famero de registre:ES-CAT-000493\" \/>\n<meta property=\"og:url\" content=\"https:\/\/www.vilellarecicla.com\/ca\/sobre-nosaltres\/certificat-iso-i-emas\/\" \/>\n<meta property=\"og:site_name\" content=\"Vilella Recicla\" \/>\n<meta property=\"article:modified_time\" content=\"2022-06-16T15:14:33+00:00\" \/>\n<meta property=\"og:image\" content=\"https:\/\/www.vilellarecicla.com\/ca\/wp-content\/uploads\/sites\/4\/certificat-iso-es22-211198-cat.png\" \/>\n<meta name=\"twitter:card\" content=\"summary_large_image\" \/>\n<meta name=\"twitter:label1\" content=\"Temps estimat de lectura\" \/>\n\t<meta name=\"twitter:data1\" content=\"1 minut\" \/>\n<script type=\"application\/ld+json\" class=\"yoast-schema-graph\">{\"@context\":\"https:\\\/\\\/schema.org\",\"@graph\":[{\"@type\":\"WebPage\",\"@id\":\"https:\\\/\\\/www.vilellarecicla.com\\\/ca\\\/sobre-nosaltres\\\/certificat-iso-i-emas\\\/\",\"url\":\"https:\\\/\\\/www.vilellarecicla.com\\\/ca\\\/sobre-nosaltres\\\/certificat-iso-i-emas\\\/\",\"name\":\"Certificat ISO i EMAS - Vilella Recicla\",\"isPartOf\":{\"@id\":\"https:\\\/\\\/www.vilellarecicla.com\\\/ca\\\/#website\"},\"primaryImageOfPage\":{\"@id\":\"https:\\\/\\\/www.vilellarecicla.com\\\/ca\\\/sobre-nosaltres\\\/certificat-iso-i-emas\\\/#primaryimage\"},\"image\":{\"@id\":\"https:\\\/\\\/www.vilellarecicla.com\\\/ca\\\/sobre-nosaltres\\\/certificat-iso-i-emas\\\/#primaryimage\"},\"thumbnailUrl\":\"https:\\\/\\\/www.vilellarecicla.com\\\/ca\\\/wp-content\\\/uploads\\\/sites\\\/4\\\/certificat-iso-es22-211198-cat.png\",\"datePublished\":\"2022-06-16T15:04:46+00:00\",\"dateModified\":\"2022-06-16T15:14:33+00:00\",\"breadcrumb\":{\"@id\":\"https:\\\/\\\/www.vilellarecicla.com\\\/ca\\\/sobre-nosaltres\\\/certificat-iso-i-emas\\\/#breadcrumb\"},\"inLanguage\":\"ca\",\"potentialAction\":[{\"@type\":\"ReadAction\",\"target\":[\"https:\\\/\\\/www.vilellarecicla.com\\\/ca\\\/sobre-nosaltres\\\/certificat-iso-i-emas\\\/\"]}]},{\"@type\":\"ImageObject\",\"inLanguage\":\"ca\",\"@id\":\"https:\\\/\\\/www.vilellarecicla.com\\\/ca\\\/sobre-nosaltres\\\/certificat-iso-i-emas\\\/#primaryimage\",\"url\":\"https:\\\/\\\/www.vilellarecicla.com\\\/ca\\\/wp-content\\\/uploads\\\/sites\\\/4\\\/certificat-iso-es22-211198-cat.png\",\"contentUrl\":\"https:\\\/\\\/www.vilellarecicla.com\\\/ca\\\/wp-content\\\/uploads\\\/sites\\\/4\\\/certificat-iso-es22-211198-cat.png\",\"width\":1000,\"height\":1414},{\"@type\":\"BreadcrumbList\",\"@id\":\"https:\\\/\\\/www.vilellarecicla.com\\\/ca\\\/sobre-nosaltres\\\/certificat-iso-i-emas\\\/#breadcrumb\",\"itemListElement\":[{\"@type\":\"ListItem\",\"position\":1,\"name\":\"Inici\",\"item\":\"https:\\\/\\\/www.vilellarecicla.com\\\/ca\\\/\"},{\"@type\":\"ListItem\",\"position\":2,\"name\":\"Sobre nosaltres\",\"item\":\"https:\\\/\\\/www.vilellarecicla.com\\\/ca\\\/sobre-nosaltres\\\/\"},{\"@type\":\"ListItem\",\"position\":3,\"name\":\"Certificat ISO i EMAS\"}]},{\"@type\":\"WebSite\",\"@id\":\"https:\\\/\\\/www.vilellarecicla.com\\\/ca\\\/#website\",\"url\":\"https:\\\/\\\/www.vilellarecicla.com\\\/ca\\\/\",\"name\":\"Vilella Recicla\",\"description\":\"Transformem residus en recursos\",\"publisher\":{\"@id\":\"https:\\\/\\\/www.vilellarecicla.com\\\/ca\\\/#organization\"},\"potentialAction\":[{\"@type\":\"SearchAction\",\"target\":{\"@type\":\"EntryPoint\",\"urlTemplate\":\"https:\\\/\\\/www.vilellarecicla.com\\\/ca\\\/?s={search_term_string}\"},\"query-input\":{\"@type\":\"PropertyValueSpecification\",\"valueRequired\":true,\"valueName\":\"search_term_string\"}}],\"inLanguage\":\"ca\"},{\"@type\":\"Organization\",\"@id\":\"https:\\\/\\\/www.vilellarecicla.com\\\/ca\\\/#organization\",\"name\":\"Vilella Recicla\",\"url\":\"https:\\\/\\\/www.vilellarecicla.com\\\/ca\\\/\",\"logo\":{\"@type\":\"ImageObject\",\"inLanguage\":\"ca\",\"@id\":\"https:\\\/\\\/www.vilellarecicla.com\\\/ca\\\/#\\\/schema\\\/logo\\\/image\\\/\",\"url\":\"https:\\\/\\\/www.vilellarecicla.com\\\/ca\\\/wp-content\\\/uploads\\\/sites\\\/4\\\/logo-Vilella_horitzontal.svg\",\"contentUrl\":\"https:\\\/\\\/www.vilellarecicla.com\\\/ca\\\/wp-content\\\/uploads\\\/sites\\\/4\\\/logo-Vilella_horitzontal.svg\",\"width\":777,\"height\":153,\"caption\":\"Vilella Recicla\"},\"image\":{\"@id\":\"https:\\\/\\\/www.vilellarecicla.com\\\/ca\\\/#\\\/schema\\\/logo\\\/image\\\/\"}}]}<\/script>\n<!-- \/ Yoast SEO plugin. -->","yoast_head_json":{"title":"Certificat ISO i EMAS - Vilella Recicla","robots":{"index":"index","follow":"follow","max-snippet":"max-snippet:-1","max-image-preview":"max-image-preview:large","max-video-preview":"max-video-preview:-1"},"canonical":"https:\/\/www.vilellarecicla.com\/ca\/sobre-nosaltres\/certificat-iso-i-emas\/","og_locale":"ca_ES","og_type":"article","og_title":"Certificat ISO i EMAS - Vilella Recicla","og_description":"CERTIFICAT ISO i EMASA la nostra planta de tractament Ctra. LL-11 km. 3,2 (rotonda d&#8217;acc\u00e9s als Alam\u00fas), Lleida ISO N\u00famero certificat:ES22\/211198 EMAS N\u00famero de registre:ES-CAT-000493","og_url":"https:\/\/www.vilellarecicla.com\/ca\/sobre-nosaltres\/certificat-iso-i-emas\/","og_site_name":"Vilella Recicla","article_modified_time":"2022-06-16T15:14:33+00:00","og_image":[{"url":"https:\/\/www.vilellarecicla.com\/ca\/wp-content\/uploads\/sites\/4\/certificat-iso-es22-211198-cat.png","type":"","width":"","height":""}],"twitter_card":"summary_large_image","twitter_misc":{"Temps estimat de lectura":"1 minut"},"schema":{"@context":"https:\/\/schema.org","@graph":[{"@type":"WebPage","@id":"https:\/\/www.vilellarecicla.com\/ca\/sobre-nosaltres\/certificat-iso-i-emas\/","url":"https:\/\/www.vilellarecicla.com\/ca\/sobre-nosaltres\/certificat-iso-i-emas\/","name":"Certificat ISO i EMAS - Vilella Recicla","isPartOf":{"@id":"https:\/\/www.vilellarecicla.com\/ca\/#website"},"primaryImageOfPage":{"@id":"https:\/\/www.vilellarecicla.com\/ca\/sobre-nosaltres\/certificat-iso-i-emas\/#primaryimage"},"image":{"@id":"https:\/\/www.vilellarecicla.com\/ca\/sobre-nosaltres\/certificat-iso-i-emas\/#primaryimage"},"thumbnailUrl":"https:\/\/www.vilellarecicla.com\/ca\/wp-content\/uploads\/sites\/4\/certificat-iso-es22-211198-cat.png","datePublished":"2022-06-16T15:04:46+00:00","dateModified":"2022-06-16T15:14:33+00:00","breadcrumb":{"@id":"https:\/\/www.vilellarecicla.com\/ca\/sobre-nosaltres\/certificat-iso-i-emas\/#breadcrumb"},"inLanguage":"ca","potentialAction":[{"@type":"ReadAction","target":["https:\/\/www.vilellarecicla.com\/ca\/sobre-nosaltres\/certificat-iso-i-emas\/"]}]},{"@type":"ImageObject","inLanguage":"ca","@id":"https:\/\/www.vilellarecicla.com\/ca\/sobre-nosaltres\/certificat-iso-i-emas\/#primaryimage","url":"https:\/\/www.vilellarecicla.com\/ca\/wp-content\/uploads\/sites\/4\/certificat-iso-es22-211198-cat.png","contentUrl":"https:\/\/www.vilellarecicla.com\/ca\/wp-content\/uploads\/sites\/4\/certificat-iso-es22-211198-cat.png","width":1000,"height":1414},{"@type":"BreadcrumbList","@id":"https:\/\/www.vilellarecicla.com\/ca\/sobre-nosaltres\/certificat-iso-i-emas\/#breadcrumb","itemListElement":[{"@type":"ListItem","position":1,"name":"Inici","item":"https:\/\/www.vilellarecicla.com\/ca\/"},{"@type":"ListItem","position":2,"name":"Sobre nosaltres","item":"https:\/\/www.vilellarecicla.com\/ca\/sobre-nosaltres\/"},{"@type":"ListItem","position":3,"name":"Certificat ISO i EMAS"}]},{"@type":"WebSite","@id":"https:\/\/www.vilellarecicla.com\/ca\/#website","url":"https:\/\/www.vilellarecicla.com\/ca\/","name":"Vilella Recicla","description":"Transformem residus en recursos","publisher":{"@id":"https:\/\/www.vilellarecicla.com\/ca\/#organization"},"potentialAction":[{"@type":"SearchAction","target":{"@type":"EntryPoint","urlTemplate":"https:\/\/www.vilellarecicla.com\/ca\/?s={search_term_string}"},"query-input":{"@type":"PropertyValueSpecification","valueRequired":true,"valueName":"search_term_string"}}],"inLanguage":"ca"},{"@type":"Organization","@id":"https:\/\/www.vilellarecicla.com\/ca\/#organization","name":"Vilella Recicla","url":"https:\/\/www.vilellarecicla.com\/ca\/","logo":{"@type":"ImageObject","inLanguage":"ca","@id":"https:\/\/www.vilellarecicla.com\/ca\/#\/schema\/logo\/image\/","url":"https:\/\/www.vilellarecicla.com\/ca\/wp-content\/uploads\/sites\/4\/logo-Vilella_horitzontal.svg","contentUrl":"https:\/\/www.vilellarecicla.com\/ca\/wp-content\/uploads\/sites\/4\/logo-Vilella_horitzontal.svg","width":777,"height":153,"caption":"Vilella Recicla"},"image":{"@id":"https:\/\/www.vilellarecicla.com\/ca\/#\/schema\/logo\/image\/"}}]}},"_links":{"self":[{"href":"https:\/\/www.vilellarecicla.com\/ca\/wp-json\/wp\/v2\/pages\/740","targetHints":{"allow":["GET"]}}],"collection":[{"href":"https:\/\/www.vilellarecicla.com\/ca\/wp-json\/wp\/v2\/pages"}],"about":[{"href":"https:\/\/www.vilellarecicla.com\/ca\/wp-json\/wp\/v2\/types\/page"}],"author":[{"embeddable":true,"href":"https:\/\/www.vilellarecicla.com\/ca\/wp-json\/wp\/v2\/users\/1"}],"replies":[{"embeddable":true,"href":"https:\/\/www.vilellarecicla.com\/ca\/wp-json\/wp\/v2\/comments?post=740"}],"version-history":[{"count":10,"href":"https:\/\/www.vilellarecicla.com\/ca\/wp-json\/wp\/v2\/pages\/740\/revisions"}],"predecessor-version":[{"id":756,"href":"https:\/\/www.vilellarecicla.com\/ca\/wp-json\/wp\/v2\/pages\/740\/revisions\/756"}],"up":[{"embeddable":true,"href":"https:\/\/www.vilellarecicla.com\/ca\/wp-json\/wp\/v2\/pages\/18"}],"wp:attachment":[{"href":"https:\/\/www.vilellarecicla.com\/ca\/wp-json\/wp\/v2\/media?parent=740"}],"curies":[{"name":"wp","href":"https:\/\/api.w.org\/{rel}","templated":true}]}}