{"id":33,"date":"2022-02-23T19:38:49","date_gmt":"2022-02-23T18:38:49","guid":{"rendered":"https:\/\/www.vilellarecicla.com\/?page_id=33"},"modified":"2022-04-22T15:59:22","modified_gmt":"2022-04-22T13:59:22","slug":"good-environmental-practices","status":"publish","type":"page","link":"https:\/\/www.vilellarecicla.com\/en\/about-us\/good-environmental-practices\/","title":{"rendered":"Good environmental practices"},"content":{"rendered":"\t\t<div data-elementor-type=\"wp-page\" data-elementor-id=\"33\" class=\"elementor elementor-33\" data-elementor-post-type=\"page\">\n\t\t\t\t\t\t<section class=\"elementor-section elementor-top-section elementor-element elementor-element-f278c79 elementor-section-full_width elementor-section-height-default elementor-section-height-default\" data-id=\"f278c79\" data-element_type=\"section\">\n\t\t\t\t\t\t<div class=\"elementor-container elementor-column-gap-default\">\n\t\t\t\t\t<div class=\"elementor-column elementor-col-100 elementor-top-column elementor-element elementor-element-cc22aa1\" data-id=\"cc22aa1\" data-element_type=\"column\">\n\t\t\t<div class=\"elementor-widget-wrap elementor-element-populated\">\n\t\t\t\t\t\t<div class=\"elementor-element elementor-element-9220dc6 elementor--v-position-bottom elementor--h-position-center elementor-arrows-position-inside elementor-pagination-position-inside elementor-widget elementor-widget-slides\" data-id=\"9220dc6\" data-element_type=\"widget\" data-settings=\"{&quot;transition&quot;:&quot;fade&quot;,&quot;navigation&quot;:&quot;both&quot;,&quot;autoplay&quot;:&quot;yes&quot;,&quot;pause_on_hover&quot;:&quot;yes&quot;,&quot;pause_on_interaction&quot;:&quot;yes&quot;,&quot;autoplay_speed&quot;:5000,&quot;infinite&quot;:&quot;yes&quot;,&quot;transition_speed&quot;:500}\" data-widget_type=\"slides.default\">\n\t\t\t\t<div class=\"elementor-widget-container\">\n\t\t\t\t\t\t\t\t\t<div class=\"elementor-swiper\">\n\t\t\t\t\t<div class=\"elementor-slides-wrapper elementor-main-swiper swiper\" role=\"region\" aria-roledescription=\"carousel\" aria-label=\"Slides\" dir=\"ltr\" data-animation=\"fadeInUp\">\n\t\t\t\t<div class=\"swiper-wrapper elementor-slides\">\n\t\t\t\t\t\t\t\t\t\t<div class=\"elementor-repeater-item-c73533d swiper-slide\" role=\"group\" aria-roledescription=\"slide\"><div class=\"swiper-slide-bg\" role=\"img\"><\/div><div class=\"swiper-slide-inner\" ><div class=\"swiper-slide-contents\"><div class=\"elementor-slide-heading\">Good Environmental practices<\/div><\/div><\/div><\/div>\t\t\t\t<\/div>\n\t\t\t\t\t\t\t<\/div>\n\t\t\t\t<\/div>\n\t\t\t\t\t\t\t\t<\/div>\n\t\t\t\t<\/div>\n\t\t\t\t<div class=\"elementor-element elementor-element-d021823 elementor-hidden-desktop elementor-hidden-tablet elementor-hidden-mobile elementor-widget elementor-widget-heading\" data-id=\"d021823\" data-element_type=\"widget\" data-widget_type=\"heading.default\">\n\t\t\t\t<div class=\"elementor-widget-container\">\n\t\t\t\t\t<h1 class=\"elementor-heading-title elementor-size-default\">Good environmental practices<\/h1>\t\t\t\t<\/div>\n\t\t\t\t<\/div>\n\t\t\t\t\t<\/div>\n\t\t<\/div>\n\t\t\t\t\t<\/div>\n\t\t<\/section>\n\t\t\t\t<section class=\"elementor-section elementor-top-section elementor-element elementor-element-9bdd9e2 elementor-hidden-desktop elementor-hidden-tablet elementor-hidden-mobile elementor-section-boxed elementor-section-height-default elementor-section-height-default\" data-id=\"9bdd9e2\" data-element_type=\"section\">\n\t\t\t\t\t\t<div class=\"elementor-container elementor-column-gap-default\">\n\t\t\t\t\t<div class=\"elementor-column elementor-col-100 elementor-top-column elementor-element elementor-element-47965df\" data-id=\"47965df\" data-element_type=\"column\">\n\t\t\t<div class=\"elementor-widget-wrap elementor-element-populated\">\n\t\t\t\t\t\t<div class=\"elementor-element elementor-element-99ce516 elementor-widget elementor-widget-text-editor\" data-id=\"99ce516\" data-element_type=\"widget\" data-widget_type=\"text-editor.default\">\n\t\t\t\t<div class=\"elementor-widget-container\">\n\t\t\t\t\t\t\t\t\t<p><strong>Nos importa el medio ambiente<\/strong> <strong>POR QU\u00c9<\/strong> El prop\u00f3sito de un Sistema de Gesti\u00f3n de Medio Ambiente es contribuir al desarrollo de la organizaci\u00f3n mediante:<\/p><ul><li>La protecci\u00f3n del medio ambiente,<\/li><li>El cumplimiento legal ambiental,<\/li><li>La mejora del desempe\u00f1o,<\/li><li>El cumplimiento de expectativas de las partes interesadas<\/li><li>El control de las actividades de la organizaci\u00f3n<\/li><li>La mejora continua del Sistema de Gesti\u00f3n implantado<\/li><\/ul><p>Adem\u00e1s, nos permite dar respuesta a la necesidad de nuestra sociedad actual en relaci\u00f3n a la contaminaci\u00f3n del medio ambiente, uso ineficiente de recursos, gesti\u00f3n inapropiada de residuos, cambo clim\u00e1tico, degradaci\u00f3n de ecosistemas y p\u00e9rdida de biodiversidad.<\/p><p>\u00a0<\/p><p>Uno de los compromisos de nuestra empresa es la difusi\u00f3n y sensibilizaci\u00f3n de esta filosof\u00eda a nuestros empleados y a las empresas que nos prestan servicio.<\/p><p>Por ello, con este comunicado queremos darle a conocer nuestra Pol\u00edtica de Medio Ambiente y las actuaciones y comportamientos que consideramos deben llevar a cabo, para que entre todos colaboremos a la protecci\u00f3n del Medio Ambiente.<\/p><p>As\u00ed mismo, les informamos <strong>que Vilella Recicla realizar\u00e1 el control y seguimiento de sus productos y servicios prestados a nuestra organizaci\u00f3n mediante la apertura de No Conformidades<\/strong> en nuestro sistema de gesti\u00f3n.<\/p><p>\u00a0<\/p><p>Los compromisos adquiridos por la Direcci\u00f3n de <strong>VILELLA RECICLA<\/strong>, extensibles a todo su personal como proveedores son los siguientes:<\/p><p><strong>Recuperar<\/strong> al m\u00e1ximo todas las fracciones valorizables de los residuos gestionados, consiguiendo que el residuo final sea lo menor posible.<\/p><p><strong>Cumplir con los requisitos<\/strong> legales que afectan a nuestra actividad y a nuestros productos, sea \u00e9sta elaborada por nuestros clientes o de car\u00e1cter vinculante y mantener un seguimiento continuo de su evoluci\u00f3n. Cumplir tambi\u00e9n con aquellos requisitos que asumamos voluntariamente.<\/p><p><strong>Garantizar<\/strong> la protecci\u00f3n del medio ambiente y prevenir la contaminaci\u00f3n, adoptando decisiones coherentes con la naturaleza, minimizando el impacto real o potencial de nuestra actividad sobre el medio ambiente.<\/p><p><strong>Contribuir a la concienciaci\u00f3n ambiental<\/strong> de las partes interesadas, incorporando progresivamente criterios de ciclo de vida y econom\u00eda circular.<\/p><p><strong>Aumentar<\/strong> la satisfacci\u00f3n de las partes interesadas a trav\u00e9s de la mejora continua de nuestro Sistema de Gesti\u00f3n de Medio Ambiente mediante el cumplimiento de sus requisitos y expectativas.<\/p><p><strong>Desarrollar<\/strong> y mejorar las actividades actuales haciendo hincapi\u00e9 en el ahorro de energ\u00edas y recursos naturales, as\u00ed como en la minimizaci\u00f3n de efluentes residuales s\u00f3lidos, l\u00edquidos y gaseosos generados como filosof\u00eda de prevenci\u00f3n de la contaminaci\u00f3n.<\/p><p><strong>Establecer<\/strong> el marco para la definici\u00f3n y despliegue de objetivos.<\/p><p><strong>Aportar los recursos<\/strong> humanos y materiales necesarios para garantizar que la formaci\u00f3n del personal, de manera que implique la correcta aplicaci\u00f3n de los procedimientos e instrucciones operativas establecidas y la concienciaci\u00f3n en la importancia de sus operaciones en el proceso de mejora continua y prevenci\u00f3n de la contaminaci\u00f3n<\/p><p><strong>LA GESTI\u00d3N AMBIENTAL EN LAS EMPRESAS<\/strong> La gesti\u00f3n ambiental de las empresas es una acci\u00f3n que debe implantarse como eje central de la gesti\u00f3n de las empresas, dados los beneficios que comporta para el entorno y las personas que habitan en \u00e9l.<\/p><p><strong>REDUCIR LA EMISI\u00d3N DE GASES CONTAMINANTES<\/strong> El transporte de mercanc\u00edas y productos libera, por la combusti\u00f3n de los motores de los veh\u00edculos, gases contaminantes, da\u00f1inos para el medio ambiente y tambi\u00e9n para las personas.<\/p><p><strong>ECONOM\u00cdA CIRCULAR<\/strong> La econom\u00eda circular es una nueva concepci\u00f3n que rompe con la visi\u00f3n lineal de la econom\u00eda apostando por un modelo circular donde prima compartir, alquilar, reutilizar, reparar, renovar y reciclar materiales y productos existentes todas las veces que sea posible para crear un valor a\u00f1adido y extender su ciclo de vida.<\/p><p><strong>CONSUMO RACIONAL DEL AGUA<\/strong> El agua es un recurso escaso La sobreexplotaci\u00f3n de este recurso tiene repercusiones muy graves para la naturaleza pero tambi\u00e9n para las personas.<\/p><p><strong>CONSUMO RACIONAL DE LA ENERG\u00cdA <\/strong>Hagamos uso sostenible de los combustibles f\u00f3siles para generar electricidad y disponer de energ\u00eda para transporte, servicios, etc. Los combustibles f\u00f3siles provocan graves problemas ambientales como el cambio clim\u00e1tico, la destrucci\u00f3n de la capa de ozono o la lluvia \u00e1cida adem\u00e1s de perjudicar la salud humana.<\/p><p><strong>REDUCIR, REUTILIZAR Y RECICLAR<\/strong> La gran cantidad de residuos que se generan actualmente y su tratamiento se est\u00e1 convirtiendo en un problema ambiental de primer orden, es de vital importancia que se valoricen. Evitar la generaci\u00f3n de residuos no valorizables. Reutilizar y reciclar los residuos!!<\/p>\t\t\t\t\t\t\t\t<\/div>\n\t\t\t\t<\/div>\n\t\t\t\t\t<\/div>\n\t\t<\/div>\n\t\t\t\t\t<\/div>\n\t\t<\/section>\n\t\t\t\t<section class=\"elementor-section elementor-top-section elementor-element elementor-element-16b4aad elementor-section-boxed elementor-section-height-default elementor-section-height-default\" data-id=\"16b4aad\" data-element_type=\"section\">\n\t\t\t\t\t\t<div class=\"elementor-container elementor-column-gap-default\">\n\t\t\t\t\t<div class=\"elementor-column elementor-col-100 elementor-top-column elementor-element elementor-element-1b24305\" data-id=\"1b24305\" data-element_type=\"column\">\n\t\t\t<div class=\"elementor-widget-wrap elementor-element-populated\">\n\t\t\t\t\t\t<div class=\"elementor-element elementor-element-e7b104c elementor-widget elementor-widget-text-editor\" data-id=\"e7b104c\" data-element_type=\"widget\" data-widget_type=\"text-editor.default\">\n\t\t\t\t<div class=\"elementor-widget-container\">\n\t\t\t\t\t\t\t\t\t<p><strong>We care about the environment WHY<\/strong> The purpose of an Environmental Management System is to contribute to the development of the organization by:<\/p><ul><li>Environmental protection,<\/li><li>Environmental legal compliance,<\/li><li>Performance improvement,<\/li><li>Fulfilling stakeholder expectations<\/li><li>The control of the activities of the organization<\/li><li>The continuous improvement of the implemented Management System<\/li><\/ul><p><br \/>In addition, it allows us to respond to the need of our current society in relation to environmental pollution, inefficient use of resources, inappropriate waste management, climate change, ecosystem degradation and loss of biodiversity.<\/p><p>One of the commitments of our company is the dissemination and awareness of this philosophy to our employees and the companies that serve us.<\/p><p>Therefore, with this statement we want to make known to you our Environmental Policy and the actions and behaviors that we consider must be carried out, because together we collaborate in the protection of the Environment.<\/p><p>We also inform you <strong>that Vilella Recicla will control and monitor your products and services provided to our organization by opening Non-Conformities<\/strong> in our management system.<\/p><p>The commitments acquired by the Management of <strong>VILELLA RECICLA<\/strong>, which can be extended to all its staff as suppliers, are as follows:<\/p><p><strong>Recover<\/strong> as much as possible all the recoverable fractions of the managed waste, making the final waste as small as possible.<\/p><p><strong>Comply with the legal requirements<\/strong> that affect our activity and our products, be it developed by our customers or of a binding nature and maintain continuous monitoring of their evolution. Also comply with those requirements that we assume voluntarily.<\/p><p><strong>Guarantee<\/strong> the protection of the environment and prevent pollution, making decisions consistent with nature, minimizing the actual or potential impact of our activity on the environment.<\/p><p><strong>Contribute to the environmental<\/strong> awareness of stakeholders, gradually incorporating life cycle and circular economy criteria.<\/p><p><strong>Increase<\/strong> stakeholder satisfaction through the continuous improvement of our Environmental Management System by meeting their requirements and expectations.<\/p><p><strong>Develop<\/strong> and improve current activities with an emphasis on saving energy and natural resources, as well as minimizing solid, liquid and gaseous waste effluents generated as a philosophy of pollution prevention.<\/p><p><strong>Establish<\/strong> the framework for the definition and deployment of objectives.<\/p><p><strong>Provide<\/strong> the necessary human and material resources to ensure the training of staff, so that it involves the correct application of established procedures and operating instructions and awareness of the importance of their operations in the process of continuous improvement and prevention of pollution.<\/p><p><strong>ENVIRONMENTAL MANAGEMENT IN COMPANIES<\/strong> Environmental management of companies is an action that must be implemented as a central axis of business management, given the benefits it brings to the environment and the people who live in it. .<\/p><p><strong>REDUCING THE EMISSIONS OF POLLUTING GASES<\/strong> The transport of goods and products releases, by the combustion of the engines of vehicles, polluting gases, harmful to the environment and also to people.<\/p><p><strong>CIRCULAR ECONOMY<\/strong> The circular economy is a new conception that breaks with the linear vision of the economy betting on a circular model where it prevails to share, rent, reuse, repair, renew and recycle existing materials and products whenever possible for create added value and extend its life cycle.<\/p><p><strong>RATIONAL WATER CONSUMPTION<\/strong> Water is a scarce resource The overexploitation of this resource has very serious repercussions for nature but also for people.<\/p><p><strong>RATIONAL ENERGY CONSUMPTION<\/strong> We make sustainable use of fossil fuels to generate electricity and have energy for transportation, services, etc. Fossil fuels cause serious environmental problems such as climate change, the destruction of the ozone layer or acid rain as well as harming human health.<\/p><p><strong>REDUCE, REUSE AND RECYCLE<\/strong> The large amount of waste that is currently generated and its treatment is becoming a major environmental problem, it is vital that they are valued. Avoid the generation of non-recoverable waste. Reuse and recycle waste!!<\/p>\t\t\t\t\t\t\t\t<\/div>\n\t\t\t\t<\/div>\n\t\t\t\t\t<\/div>\n\t\t<\/div>\n\t\t\t\t\t<\/div>\n\t\t<\/section>\n\t\t\t\t<\/div>\n\t\t","protected":false},"excerpt":{"rendered":"<p>Good Environmental practices Nos importa el medio ambiente POR QU\u00c9 El prop\u00f3sito de un Sistema de Gesti\u00f3n de Medio Ambiente es contribuir al desarrollo de la organizaci\u00f3n mediante: La protecci\u00f3n del medio ambiente, El cumplimiento legal ambiental, La mejora del desempe\u00f1o, El cumplimiento de expectativas de las partes interesadas El control de las actividades de [&hellip;]<\/p>\n","protected":false},"author":1,"featured_media":0,"parent":18,"menu_order":0,"comment_status":"closed","ping_status":"closed","template":"","meta":{"footnotes":""},"class_list":["post-33","page","type-page","status-publish","hentry"],"yoast_head":"<!-- This site is optimized with the Yoast SEO plugin v27.4 - https:\/\/yoast.com\/product\/yoast-seo-wordpress\/ -->\n<title>Good environmental practices - Vilella Recicla<\/title>\n<meta name=\"robots\" content=\"index, follow, max-snippet:-1, max-image-preview:large, max-video-preview:-1\" \/>\n<link rel=\"canonical\" href=\"https:\/\/www.vilellarecicla.com\/en\/about-us\/good-environmental-practices\/\" \/>\n<meta property=\"og:locale\" content=\"en_US\" \/>\n<meta property=\"og:type\" content=\"article\" \/>\n<meta property=\"og:title\" content=\"Good environmental practices - Vilella Recicla\" \/>\n<meta property=\"og:description\" content=\"Good Environmental practices Nos importa el medio ambiente POR QU\u00c9 El prop\u00f3sito de un Sistema de Gesti\u00f3n de Medio Ambiente es contribuir al desarrollo de la organizaci\u00f3n mediante: La protecci\u00f3n del medio ambiente, El cumplimiento legal ambiental, La mejora del desempe\u00f1o, El cumplimiento de expectativas de las partes interesadas El control de las actividades de [&hellip;]\" \/>\n<meta property=\"og:url\" content=\"https:\/\/www.vilellarecicla.com\/en\/about-us\/good-environmental-practices\/\" \/>\n<meta property=\"og:site_name\" content=\"Vilella Recicla\" \/>\n<meta property=\"article:modified_time\" content=\"2022-04-22T13:59:22+00:00\" \/>\n<meta name=\"twitter:card\" content=\"summary_large_image\" \/>\n<meta name=\"twitter:label1\" content=\"Est. reading time\" \/>\n\t<meta name=\"twitter:data1\" content=\"6 minutes\" \/>\n<script type=\"application\/ld+json\" class=\"yoast-schema-graph\">{\"@context\":\"https:\\\/\\\/schema.org\",\"@graph\":[{\"@type\":\"WebPage\",\"@id\":\"https:\\\/\\\/www.vilellarecicla.com\\\/en\\\/about-us\\\/good-environmental-practices\\\/\",\"url\":\"https:\\\/\\\/www.vilellarecicla.com\\\/en\\\/about-us\\\/good-environmental-practices\\\/\",\"name\":\"Good environmental practices - Vilella Recicla\",\"isPartOf\":{\"@id\":\"https:\\\/\\\/www.vilellarecicla.com\\\/en\\\/#website\"},\"datePublished\":\"2022-02-23T18:38:49+00:00\",\"dateModified\":\"2022-04-22T13:59:22+00:00\",\"breadcrumb\":{\"@id\":\"https:\\\/\\\/www.vilellarecicla.com\\\/en\\\/about-us\\\/good-environmental-practices\\\/#breadcrumb\"},\"inLanguage\":\"en-US\",\"potentialAction\":[{\"@type\":\"ReadAction\",\"target\":[\"https:\\\/\\\/www.vilellarecicla.com\\\/en\\\/about-us\\\/good-environmental-practices\\\/\"]}]},{\"@type\":\"BreadcrumbList\",\"@id\":\"https:\\\/\\\/www.vilellarecicla.com\\\/en\\\/about-us\\\/good-environmental-practices\\\/#breadcrumb\",\"itemListElement\":[{\"@type\":\"ListItem\",\"position\":1,\"name\":\"Inici\",\"item\":\"https:\\\/\\\/www.vilellarecicla.com\\\/en\\\/\"},{\"@type\":\"ListItem\",\"position\":2,\"name\":\"About us\",\"item\":\"https:\\\/\\\/www.vilellarecicla.com\\\/en\\\/about-us\\\/\"},{\"@type\":\"ListItem\",\"position\":3,\"name\":\"Good environmental practices\"}]},{\"@type\":\"WebSite\",\"@id\":\"https:\\\/\\\/www.vilellarecicla.com\\\/en\\\/#website\",\"url\":\"https:\\\/\\\/www.vilellarecicla.com\\\/en\\\/\",\"name\":\"Vilella Recicla\",\"description\":\"Transformem residus en recursos\",\"publisher\":{\"@id\":\"https:\\\/\\\/www.vilellarecicla.com\\\/en\\\/#organization\"},\"potentialAction\":[{\"@type\":\"SearchAction\",\"target\":{\"@type\":\"EntryPoint\",\"urlTemplate\":\"https:\\\/\\\/www.vilellarecicla.com\\\/en\\\/?s={search_term_string}\"},\"query-input\":{\"@type\":\"PropertyValueSpecification\",\"valueRequired\":true,\"valueName\":\"search_term_string\"}}],\"inLanguage\":\"en-US\"},{\"@type\":\"Organization\",\"@id\":\"https:\\\/\\\/www.vilellarecicla.com\\\/en\\\/#organization\",\"name\":\"Vilella Recicla\",\"url\":\"https:\\\/\\\/www.vilellarecicla.com\\\/en\\\/\",\"logo\":{\"@type\":\"ImageObject\",\"inLanguage\":\"en-US\",\"@id\":\"https:\\\/\\\/www.vilellarecicla.com\\\/en\\\/#\\\/schema\\\/logo\\\/image\\\/\",\"url\":\"https:\\\/\\\/www.vilellarecicla.com\\\/en\\\/wp-content\\\/uploads\\\/sites\\\/3\\\/logo-Vilella_horitzontal.svg\",\"contentUrl\":\"https:\\\/\\\/www.vilellarecicla.com\\\/en\\\/wp-content\\\/uploads\\\/sites\\\/3\\\/logo-Vilella_horitzontal.svg\",\"width\":777,\"height\":153,\"caption\":\"Vilella Recicla\"},\"image\":{\"@id\":\"https:\\\/\\\/www.vilellarecicla.com\\\/en\\\/#\\\/schema\\\/logo\\\/image\\\/\"}}]}<\/script>\n<!-- \/ Yoast SEO plugin. -->","yoast_head_json":{"title":"Good environmental practices - Vilella Recicla","robots":{"index":"index","follow":"follow","max-snippet":"max-snippet:-1","max-image-preview":"max-image-preview:large","max-video-preview":"max-video-preview:-1"},"canonical":"https:\/\/www.vilellarecicla.com\/en\/about-us\/good-environmental-practices\/","og_locale":"en_US","og_type":"article","og_title":"Good environmental practices - Vilella Recicla","og_description":"Good Environmental practices Nos importa el medio ambiente POR QU\u00c9 El prop\u00f3sito de un Sistema de Gesti\u00f3n de Medio Ambiente es contribuir al desarrollo de la organizaci\u00f3n mediante: La protecci\u00f3n del medio ambiente, El cumplimiento legal ambiental, La mejora del desempe\u00f1o, El cumplimiento de expectativas de las partes interesadas El control de las actividades de [&hellip;]","og_url":"https:\/\/www.vilellarecicla.com\/en\/about-us\/good-environmental-practices\/","og_site_name":"Vilella Recicla","article_modified_time":"2022-04-22T13:59:22+00:00","twitter_card":"summary_large_image","twitter_misc":{"Est. reading time":"6 minutes"},"schema":{"@context":"https:\/\/schema.org","@graph":[{"@type":"WebPage","@id":"https:\/\/www.vilellarecicla.com\/en\/about-us\/good-environmental-practices\/","url":"https:\/\/www.vilellarecicla.com\/en\/about-us\/good-environmental-practices\/","name":"Good environmental practices - Vilella Recicla","isPartOf":{"@id":"https:\/\/www.vilellarecicla.com\/en\/#website"},"datePublished":"2022-02-23T18:38:49+00:00","dateModified":"2022-04-22T13:59:22+00:00","breadcrumb":{"@id":"https:\/\/www.vilellarecicla.com\/en\/about-us\/good-environmental-practices\/#breadcrumb"},"inLanguage":"en-US","potentialAction":[{"@type":"ReadAction","target":["https:\/\/www.vilellarecicla.com\/en\/about-us\/good-environmental-practices\/"]}]},{"@type":"BreadcrumbList","@id":"https:\/\/www.vilellarecicla.com\/en\/about-us\/good-environmental-practices\/#breadcrumb","itemListElement":[{"@type":"ListItem","position":1,"name":"Inici","item":"https:\/\/www.vilellarecicla.com\/en\/"},{"@type":"ListItem","position":2,"name":"About us","item":"https:\/\/www.vilellarecicla.com\/en\/about-us\/"},{"@type":"ListItem","position":3,"name":"Good environmental practices"}]},{"@type":"WebSite","@id":"https:\/\/www.vilellarecicla.com\/en\/#website","url":"https:\/\/www.vilellarecicla.com\/en\/","name":"Vilella Recicla","description":"Transformem residus en recursos","publisher":{"@id":"https:\/\/www.vilellarecicla.com\/en\/#organization"},"potentialAction":[{"@type":"SearchAction","target":{"@type":"EntryPoint","urlTemplate":"https:\/\/www.vilellarecicla.com\/en\/?s={search_term_string}"},"query-input":{"@type":"PropertyValueSpecification","valueRequired":true,"valueName":"search_term_string"}}],"inLanguage":"en-US"},{"@type":"Organization","@id":"https:\/\/www.vilellarecicla.com\/en\/#organization","name":"Vilella Recicla","url":"https:\/\/www.vilellarecicla.com\/en\/","logo":{"@type":"ImageObject","inLanguage":"en-US","@id":"https:\/\/www.vilellarecicla.com\/en\/#\/schema\/logo\/image\/","url":"https:\/\/www.vilellarecicla.com\/en\/wp-content\/uploads\/sites\/3\/logo-Vilella_horitzontal.svg","contentUrl":"https:\/\/www.vilellarecicla.com\/en\/wp-content\/uploads\/sites\/3\/logo-Vilella_horitzontal.svg","width":777,"height":153,"caption":"Vilella Recicla"},"image":{"@id":"https:\/\/www.vilellarecicla.com\/en\/#\/schema\/logo\/image\/"}}]}},"_links":{"self":[{"href":"https:\/\/www.vilellarecicla.com\/en\/wp-json\/wp\/v2\/pages\/33","targetHints":{"allow":["GET"]}}],"collection":[{"href":"https:\/\/www.vilellarecicla.com\/en\/wp-json\/wp\/v2\/pages"}],"about":[{"href":"https:\/\/www.vilellarecicla.com\/en\/wp-json\/wp\/v2\/types\/page"}],"author":[{"embeddable":true,"href":"https:\/\/www.vilellarecicla.com\/en\/wp-json\/wp\/v2\/users\/1"}],"replies":[{"embeddable":true,"href":"https:\/\/www.vilellarecicla.com\/en\/wp-json\/wp\/v2\/comments?post=33"}],"version-history":[{"count":16,"href":"https:\/\/www.vilellarecicla.com\/en\/wp-json\/wp\/v2\/pages\/33\/revisions"}],"predecessor-version":[{"id":798,"href":"https:\/\/www.vilellarecicla.com\/en\/wp-json\/wp\/v2\/pages\/33\/revisions\/798"}],"up":[{"embeddable":true,"href":"https:\/\/www.vilellarecicla.com\/en\/wp-json\/wp\/v2\/pages\/18"}],"wp:attachment":[{"href":"https:\/\/www.vilellarecicla.com\/en\/wp-json\/wp\/v2\/media?parent=33"}],"curies":[{"name":"wp","href":"https:\/\/api.w.org\/{rel}","templated":true}]}}