{"id":657,"date":"2022-03-23T12:35:57","date_gmt":"2022-03-23T11:35:57","guid":{"rendered":"https:\/\/www.vilellarecicla.com\/?page_id=657"},"modified":"2022-04-20T13:06:53","modified_gmt":"2022-04-20T11:06:53","slug":"cookies-policy","status":"publish","type":"page","link":"https:\/\/www.vilellarecicla.com\/en\/cookies-policy\/","title":{"rendered":"Cookies policy"},"content":{"rendered":"\n<div style=\"height:100px\" aria-hidden=\"true\" class=\"wp-block-spacer\"><\/div>\n\n\n\n<h1 class=\"wp-block-heading\">Cookies Policy<\/h1>\n\n\n\n<div style=\"height:40px\" aria-hidden=\"true\" class=\"wp-block-spacer\"><\/div>\n\n\n\n<p><strong>COOKIE POLICY<\/strong><br>J. Vilella Felip SL informs you about the use of cookies on its website.<br>Cookies are files that can be downloaded to your computer through the web pages. They are tools that play an essential role in the provision of many information society services. Among other things, it allows a website to store and retrieve information about the browsing habits of a user or their computer and, depending on the information obtained, can be used to recognize the user and improve their service.<\/p>\n\n\n\n<p><strong>TYPES OF COOKIES<\/strong><br>Depending on the entity that manages the domain from which the cookies are sent and process the data obtained, two types can be distinguished: own cookies and third-party cookies.<\/p>\n\n\n\n<p>There is also a second classification according to the length of time they remain stored in the client&#8217;s browser, which may be session cookies or persistent cookies.<br>Finally, there is another classification with five types of cookies according to the purpose for which the data obtained is processed: technical cookies, personalization cookies, analysis cookies, advertising cookies and advertising cookies.<\/p>\n\n\n\n<p><strong>COOKIES USED ON NETWORKS<\/strong><br>The following are the cookies that are being used by this portal as well as their type and function:<br>La p\u00e0gina web utilitza Google Analytics, un servei d&#8217;anal\u00edtica web desenvolupada per Google, que permet el mesurament i an\u00e0lisi de la navegaci\u00f3 a les p\u00e0gines web. En el seu navegador podr\u00e0 observar 4 cookies d&#8217;aquest servei. Segons la tipologia anterior es tracta de cookies pr\u00f2pies, de sessi\u00f3 i d&#8217;an\u00e0lisi. Podeu trobar m\u00e9s informaci\u00f3 al respecte i inhabilitar l&#8217;\u00fas d&#8217;aquestes cookies.<\/p>\n\n\n\n<p>Web analytics provides information on the number of users accessing the web, the number of pages viewed, the frequency and repetition of visits, their duration, the browser used, the operator providing the service, the language, the terminal you are using, or the city to which your IP address is assigned. Information that enables a better and more appropriate service by this portal.<\/p>\n\n\n\n<p>Another cookie that is downloaded is a technical cookie called ASP.NET_SessionId. These cookies allow us to store a unique identifier per session through which it is possible to link data necessary to enable browsing in progress.<\/p>\n\n\n\n<p><strong>REGISTRATION COOKIES<\/strong><br>Registration cookies are generated once the user has registered or subsequently logged in, and are used to identify them on websites and services for the following purposes:<\/p>\n\n\n\n<p>\u2022 Keep the user identified in such a way that, if they close a service or website, the browser or the computer and at another time or another day they re-enter that service or website, they will remain identified, thus facilitating their navigation. without having to re-identify. This functionality can be deleted if the user presses the &#8220;Exit&#8221; functionality, so that this cookie is deleted and the next time you enter the website the user must log in to be identified.<br>\u2022 Check if the user is authorized to access certain services, for example, to participate in a contest.<br>\u2022 In addition, some services may use third-party plugins such as Facebook, Twitter, or Google. When the user registers in a service with credentials of a social network or third party identification system, he authorizes the same to keep a persistent cookie that remembers his identity and guarantees access to the web until it expires. The user can delete this cookie and revoke access to the website through social networks or third-party identification system by updating their preferences on the specific social network.<\/p>\n\n\n\n<p>Finally, a technical type of cookie called cookies_policy is downloaded, own, technical and session type cookies. Manage consent for the use of cookies on the website, in order to remember those users who have accepted them and those who have not, so that the former are not shown information at the top of the page in this regard.<\/p>\n\n\n\n<p><strong>POLITICAL ACCEPTANCE OF COOKIES<\/strong><br>Our company assumes that you accept the use of cookies. However, it displays information about your Cookie Policy at the top of any page of the portal with each login with the object that you are aware of.<\/p>\n\n\n\n<p>Given this information, it is possible to carry out the following actions:<\/p>\n\n\n\n<p>\u2022 Accept cookies. This notice will not be displayed again when accessing any page of the portal during this session.<br>\u2022 Close. The notice is hidden on this page.<br>\u2022 Modify the settings. You can obtain more information about what cookies are, know the Cookies Policy and modify the settings of your browser.<\/p>\n\n\n\n<p>How to modify the cookie settings<br>You can restrict, block or delete cookies using your browser. The operation is different in each browser, the &#8216;Help&#8217; function will show you how to do it.<\/p>\n\n\n\n<p>\u2022 Internet Explorer: windows.microsoft.com\/es-xl\/internet-explorer\/delete-manage-cookies#ie=ie-10<br>\u2022 FireFox: support.mozilla.org\/es\/kb\/Borrar%20cookies<br>\u2022 Chrome: support.google.com\/chrome\/answer\/95647?hl=es<br>\u2022 Safari: www.apple.com\/es\/privacy\/use-of-cookies\/<\/p>\n\n\n\n<p>In addition, you can also manage the cookie store in your browser through tools such as the following:<\/p>\n\n\n\n<p>\u2022 Ghostery: www.ghostery.com\/<br>\u2022 Your l\u00ednia choices: www.youronlinechoices.com\/es\/<\/p>\n\n\n\n<div style=\"height:200px\" aria-hidden=\"true\" class=\"wp-block-spacer\"><\/div>\n","protected":false},"excerpt":{"rendered":"<p>Cookies Policy COOKIE POLICYJ. Vilella Felip SL informs you about the use of cookies on its website.Cookies are files that can be downloaded to your computer through the web pages. They are tools that play an essential role in the provision of many information society services. Among other things, it allows a website to store [&hellip;]<\/p>\n","protected":false},"author":1,"featured_media":0,"parent":0,"menu_order":0,"comment_status":"closed","ping_status":"closed","template":"","meta":{"footnotes":""},"class_list":["post-657","page","type-page","status-publish","hentry"],"yoast_head":"<!-- This site is optimized with the Yoast SEO plugin v27.4 - https:\/\/yoast.com\/product\/yoast-seo-wordpress\/ -->\n<title>Cookies policy - Vilella Recicla<\/title>\n<meta name=\"robots\" content=\"noindex, follow\" \/>\n<meta property=\"og:locale\" content=\"en_US\" \/>\n<meta property=\"og:type\" content=\"article\" \/>\n<meta property=\"og:title\" content=\"Cookies policy - Vilella Recicla\" \/>\n<meta property=\"og:description\" content=\"Cookies Policy COOKIE POLICYJ. Vilella Felip SL informs you about the use of cookies on its website.Cookies are files that can be downloaded to your computer through the web pages. They are tools that play an essential role in the provision of many information society services. Among other things, it allows a website to store [&hellip;]\" \/>\n<meta property=\"og:url\" content=\"https:\/\/www.vilellarecicla.com\/en\/cookies-policy\/\" \/>\n<meta property=\"og:site_name\" content=\"Vilella Recicla\" \/>\n<meta property=\"article:modified_time\" content=\"2022-04-20T11:06:53+00:00\" \/>\n<meta name=\"twitter:card\" content=\"summary_large_image\" \/>\n<meta name=\"twitter:label1\" content=\"Est. reading time\" \/>\n\t<meta name=\"twitter:data1\" content=\"4 minutes\" \/>\n<script type=\"application\/ld+json\" class=\"yoast-schema-graph\">{\"@context\":\"https:\\\/\\\/schema.org\",\"@graph\":[{\"@type\":\"WebPage\",\"@id\":\"https:\\\/\\\/www.vilellarecicla.com\\\/en\\\/cookies-policy\\\/\",\"url\":\"https:\\\/\\\/www.vilellarecicla.com\\\/en\\\/cookies-policy\\\/\",\"name\":\"Cookies policy - Vilella Recicla\",\"isPartOf\":{\"@id\":\"https:\\\/\\\/www.vilellarecicla.com\\\/en\\\/#website\"},\"datePublished\":\"2022-03-23T11:35:57+00:00\",\"dateModified\":\"2022-04-20T11:06:53+00:00\",\"breadcrumb\":{\"@id\":\"https:\\\/\\\/www.vilellarecicla.com\\\/en\\\/cookies-policy\\\/#breadcrumb\"},\"inLanguage\":\"en-US\",\"potentialAction\":[{\"@type\":\"ReadAction\",\"target\":[\"https:\\\/\\\/www.vilellarecicla.com\\\/en\\\/cookies-policy\\\/\"]}]},{\"@type\":\"BreadcrumbList\",\"@id\":\"https:\\\/\\\/www.vilellarecicla.com\\\/en\\\/cookies-policy\\\/#breadcrumb\",\"itemListElement\":[{\"@type\":\"ListItem\",\"position\":1,\"name\":\"Inici\",\"item\":\"https:\\\/\\\/www.vilellarecicla.com\\\/en\\\/\"},{\"@type\":\"ListItem\",\"position\":2,\"name\":\"Cookies policy\"}]},{\"@type\":\"WebSite\",\"@id\":\"https:\\\/\\\/www.vilellarecicla.com\\\/en\\\/#website\",\"url\":\"https:\\\/\\\/www.vilellarecicla.com\\\/en\\\/\",\"name\":\"Vilella Recicla\",\"description\":\"Transformem residus en recursos\",\"publisher\":{\"@id\":\"https:\\\/\\\/www.vilellarecicla.com\\\/en\\\/#organization\"},\"potentialAction\":[{\"@type\":\"SearchAction\",\"target\":{\"@type\":\"EntryPoint\",\"urlTemplate\":\"https:\\\/\\\/www.vilellarecicla.com\\\/en\\\/?s={search_term_string}\"},\"query-input\":{\"@type\":\"PropertyValueSpecification\",\"valueRequired\":true,\"valueName\":\"search_term_string\"}}],\"inLanguage\":\"en-US\"},{\"@type\":\"Organization\",\"@id\":\"https:\\\/\\\/www.vilellarecicla.com\\\/en\\\/#organization\",\"name\":\"Vilella Recicla\",\"url\":\"https:\\\/\\\/www.vilellarecicla.com\\\/en\\\/\",\"logo\":{\"@type\":\"ImageObject\",\"inLanguage\":\"en-US\",\"@id\":\"https:\\\/\\\/www.vilellarecicla.com\\\/en\\\/#\\\/schema\\\/logo\\\/image\\\/\",\"url\":\"https:\\\/\\\/www.vilellarecicla.com\\\/en\\\/wp-content\\\/uploads\\\/sites\\\/3\\\/logo-Vilella_horitzontal.svg\",\"contentUrl\":\"https:\\\/\\\/www.vilellarecicla.com\\\/en\\\/wp-content\\\/uploads\\\/sites\\\/3\\\/logo-Vilella_horitzontal.svg\",\"width\":777,\"height\":153,\"caption\":\"Vilella Recicla\"},\"image\":{\"@id\":\"https:\\\/\\\/www.vilellarecicla.com\\\/en\\\/#\\\/schema\\\/logo\\\/image\\\/\"}}]}<\/script>\n<!-- \/ Yoast SEO plugin. -->","yoast_head_json":{"title":"Cookies policy - Vilella Recicla","robots":{"index":"noindex","follow":"follow"},"og_locale":"en_US","og_type":"article","og_title":"Cookies policy - Vilella Recicla","og_description":"Cookies Policy COOKIE POLICYJ. Vilella Felip SL informs you about the use of cookies on its website.Cookies are files that can be downloaded to your computer through the web pages. They are tools that play an essential role in the provision of many information society services. Among other things, it allows a website to store [&hellip;]","og_url":"https:\/\/www.vilellarecicla.com\/en\/cookies-policy\/","og_site_name":"Vilella Recicla","article_modified_time":"2022-04-20T11:06:53+00:00","twitter_card":"summary_large_image","twitter_misc":{"Est. reading time":"4 minutes"},"schema":{"@context":"https:\/\/schema.org","@graph":[{"@type":"WebPage","@id":"https:\/\/www.vilellarecicla.com\/en\/cookies-policy\/","url":"https:\/\/www.vilellarecicla.com\/en\/cookies-policy\/","name":"Cookies policy - Vilella Recicla","isPartOf":{"@id":"https:\/\/www.vilellarecicla.com\/en\/#website"},"datePublished":"2022-03-23T11:35:57+00:00","dateModified":"2022-04-20T11:06:53+00:00","breadcrumb":{"@id":"https:\/\/www.vilellarecicla.com\/en\/cookies-policy\/#breadcrumb"},"inLanguage":"en-US","potentialAction":[{"@type":"ReadAction","target":["https:\/\/www.vilellarecicla.com\/en\/cookies-policy\/"]}]},{"@type":"BreadcrumbList","@id":"https:\/\/www.vilellarecicla.com\/en\/cookies-policy\/#breadcrumb","itemListElement":[{"@type":"ListItem","position":1,"name":"Inici","item":"https:\/\/www.vilellarecicla.com\/en\/"},{"@type":"ListItem","position":2,"name":"Cookies policy"}]},{"@type":"WebSite","@id":"https:\/\/www.vilellarecicla.com\/en\/#website","url":"https:\/\/www.vilellarecicla.com\/en\/","name":"Vilella Recicla","description":"Transformem residus en recursos","publisher":{"@id":"https:\/\/www.vilellarecicla.com\/en\/#organization"},"potentialAction":[{"@type":"SearchAction","target":{"@type":"EntryPoint","urlTemplate":"https:\/\/www.vilellarecicla.com\/en\/?s={search_term_string}"},"query-input":{"@type":"PropertyValueSpecification","valueRequired":true,"valueName":"search_term_string"}}],"inLanguage":"en-US"},{"@type":"Organization","@id":"https:\/\/www.vilellarecicla.com\/en\/#organization","name":"Vilella Recicla","url":"https:\/\/www.vilellarecicla.com\/en\/","logo":{"@type":"ImageObject","inLanguage":"en-US","@id":"https:\/\/www.vilellarecicla.com\/en\/#\/schema\/logo\/image\/","url":"https:\/\/www.vilellarecicla.com\/en\/wp-content\/uploads\/sites\/3\/logo-Vilella_horitzontal.svg","contentUrl":"https:\/\/www.vilellarecicla.com\/en\/wp-content\/uploads\/sites\/3\/logo-Vilella_horitzontal.svg","width":777,"height":153,"caption":"Vilella Recicla"},"image":{"@id":"https:\/\/www.vilellarecicla.com\/en\/#\/schema\/logo\/image\/"}}]}},"_links":{"self":[{"href":"https:\/\/www.vilellarecicla.com\/en\/wp-json\/wp\/v2\/pages\/657","targetHints":{"allow":["GET"]}}],"collection":[{"href":"https:\/\/www.vilellarecicla.com\/en\/wp-json\/wp\/v2\/pages"}],"about":[{"href":"https:\/\/www.vilellarecicla.com\/en\/wp-json\/wp\/v2\/types\/page"}],"author":[{"embeddable":true,"href":"https:\/\/www.vilellarecicla.com\/en\/wp-json\/wp\/v2\/users\/1"}],"replies":[{"embeddable":true,"href":"https:\/\/www.vilellarecicla.com\/en\/wp-json\/wp\/v2\/comments?post=657"}],"version-history":[{"count":4,"href":"https:\/\/www.vilellarecicla.com\/en\/wp-json\/wp\/v2\/pages\/657\/revisions"}],"predecessor-version":[{"id":728,"href":"https:\/\/www.vilellarecicla.com\/en\/wp-json\/wp\/v2\/pages\/657\/revisions\/728"}],"wp:attachment":[{"href":"https:\/\/www.vilellarecicla.com\/en\/wp-json\/wp\/v2\/media?parent=657"}],"curies":[{"name":"wp","href":"https:\/\/api.w.org\/{rel}","templated":true}]}}